{"id":120,"date":"2020-06-13T05:34:03","date_gmt":"2020-06-13T05:34:03","guid":{"rendered":"https:\/\/senit.hu\/?page_id=120"},"modified":"2022-07-15T14:04:17","modified_gmt":"2022-07-15T14:04:17","slug":"vezetekes-informatikai-rendszerek","status":"publish","type":"page","link":"https:\/\/senit.hu\/?page_id=120","title":{"rendered":"Vezet\u00e9kes informatikai rendszerek"},"content":{"rendered":"\t\t<div data-elementor-type=\"wp-page\" data-elementor-id=\"120\" class=\"elementor elementor-120\">\n\t\t\t\t\t\t<section class=\"elementor-section elementor-top-section elementor-element elementor-element-7445fb0 elementor-section-stretched elementor-section-full_width elementor-section-height-min-height elementor-section-height-default elementor-section-items-middle\" data-id=\"7445fb0\" data-element_type=\"section\" data-e-type=\"section\" data-settings=\"{&quot;stretch_section&quot;:&quot;section-stretched&quot;,&quot;background_background&quot;:&quot;classic&quot;}\">\n\t\t\t\t\t\t\t<div class=\"elementor-background-overlay\"><\/div>\n\t\t\t\t\t\t\t<div class=\"elementor-container elementor-column-gap-default\">\n\t\t\t\t\t<div class=\"elementor-column elementor-col-100 elementor-top-column elementor-element elementor-element-57c6e40\" data-id=\"57c6e40\" data-element_type=\"column\" data-e-type=\"column\">\n\t\t\t<div class=\"elementor-widget-wrap elementor-element-populated\">\n\t\t\t\t\t\t<div class=\"elementor-element elementor-element-8db28ed elementor-widget elementor-widget-heading\" data-id=\"8db28ed\" data-element_type=\"widget\" data-e-type=\"widget\" data-widget_type=\"heading.default\">\n\t\t\t\t<div class=\"elementor-widget-container\">\n\t\t\t\t\t<h2 class=\"elementor-heading-title elementor-size-default\">Vezet\u00e9kes informatikai rendszerek<\/h2>\t\t\t\t<\/div>\n\t\t\t\t<\/div>\n\t\t\t\t\t<\/div>\n\t\t<\/div>\n\t\t\t\t\t<\/div>\n\t\t<\/section>\n\t\t\t\t<section class=\"elementor-section elementor-top-section elementor-element elementor-element-0c6469c elementor-section-boxed elementor-section-height-default elementor-section-height-default\" data-id=\"0c6469c\" data-element_type=\"section\" data-e-type=\"section\" data-settings=\"{&quot;background_background&quot;:&quot;classic&quot;}\">\n\t\t\t\t\t\t<div class=\"elementor-container elementor-column-gap-default\">\n\t\t\t\t\t<div class=\"elementor-column elementor-col-100 elementor-top-column elementor-element elementor-element-e57bc56\" data-id=\"e57bc56\" data-element_type=\"column\" data-e-type=\"column\">\n\t\t\t<div class=\"elementor-widget-wrap elementor-element-populated\">\n\t\t\t\t\t\t<div class=\"elementor-element elementor-element-6f869d8 elementor-widget elementor-widget-text-editor\" data-id=\"6f869d8\" data-element_type=\"widget\" data-e-type=\"widget\" data-widget_type=\"text-editor.default\">\n\t\t\t\t<div class=\"elementor-widget-container\">\n\t\t\t\t\t\t\t\t\t<div class=\"page\" title=\"Page 6\"><div class=\"layoutArea\"><div class=\"column\"><h3>Struktu\u0301ra\u0301lt ha\u0301lo\u0301zatok e\u0301s passzi\u0301v elemek<\/h3><p>A klasszikus re\u0301z alapu\u0301 adata\u0301tviteli ha\u0301lo\u0301zatok kie\u0301pi\u0301te\u0301se a leggyakrabban elo\u030bfordulo\u0301 ha\u0301lo\u0301zate\u0301pi\u0301te\u0301si feladat. Legyen szo\u0301 Cat5e, Cat6, Cat6A vagy Cat7 ha\u0301lo\u0301zatokro\u0301l, garanta\u0301ljuk a rendszer szintu\u030b mu\u030bko\u0308de\u0301st a helyes eszko\u0308zpark kiva\u0301laszta\u0301sa\u0301val e\u0301s a megfelelo\u030b szerele\u0301stechnika alkalmaza\u0301sa\u0301val. Fontos me\u0301g az egyes ve\u0301gpontok kialaki\u0301ta\u0301sa\u0301na\u0301l az eszte\u0301tikai ige\u0301nyekre is kite\u0301rni. Ce\u0301gu\u0308nk rendelkezik azokkal a besza\u0301lli\u0301to\u0301i vonalakkal, melyek segi\u0301tse\u0301ge\u0301vel illeszkedni tudunk a nagy szerelve\u0301nygya\u0301rto\u0301 ce\u0301gek aljzat rendszereihez. Az egyes eszko\u0308zo\u0308k elhelyeze\u0301se\u0301t minden esetben a ha\u0301lo\u0301zate\u0301pi\u0301te\u0301si szaba\u0301lyoknak e\u0301s technolo\u0301giai elo\u030bi\u0301ra\u0301soknak megfelelo\u030ben ve\u0301gezzu\u0308k, amit dokumenta\u0301lunk is. Az egyes alko\u0308zpontok kie\u0301pi\u0301te\u0301se\u0301ne\u0301l e\u0301s a ta\u0301pella\u0301ta\u0301s kialaki\u0301ta\u0301sa\u0301na\u0301l fokozott figyelmet fordi\u0301tunk az e\u0301rinte\u0301s ve\u0301delmi megfelelo\u030bse\u0301gre, valamint a tu\u0301lfeszu\u0308ltse\u0301g ve\u0301delemre e\u0301s ige\u0301ny szerint a szu\u0308netmentes ta\u0301pella\u0301ta\u0301s kialaki\u0301ta\u0301sa\u0301ra is.<\/p><h3>Optikai ha\u0301lo\u0301zatok<img fetchpriority=\"high\" decoding=\"async\" class=\"alignright\" src=\"https:\/\/www.rendszerszerviz.hu\/wp-content\/uploads\/network.jpg\" width=\"571\" height=\"322\" \/><\/h3><p>Az optikai ha\u0301lo\u0301zatok legnagyobb elo\u030bnye, hogy a re\u0301z alapu\u0301 ha\u0301lo\u0301zatokhoz ke\u0301pest to\u0308bbszo\u0308ro\u0308s adata\u0301tviteli ta\u0301volsa\u0301gokat ke\u0301pesek a\u0301thidalni. Ezen ki\u0301vu\u0308l jellemzo\u030ben to\u0308bb eres ka\u0301belekkel tervezve to\u0308bb adata\u0301tviteli csatorna\u0301t alaki\u0301thatunk ki egyetlen ka\u0301bel fizikai kie\u0301pi\u0301te\u0301se\u0301vel. Az optikai ha\u0301lo\u0301zatok kie\u0301pi\u0301te\u0301se magas szake\u0301rtelmet ki\u0301va\u0301n, hiszen a vezeto\u030b anyag ko\u0308nnyen se\u0301ru\u0308l, rontva ezzel a jela\u0301tvitel hate\u0301konysa\u0301ga\u0301t. A ko\u0308to\u030belemek szerele\u0301se is specia\u0301lis tuda\u0301st e\u0301s szersza\u0301mokat ige\u0301nyel. A Senit Kft. kiemelkedo\u030b tapasztalattal bi\u0301r a nagyme\u0301retu\u030b optikai ha\u0301lo\u0301zate\u0301pi\u0301te\u0301sben u\u0308zemi egyse\u0301gekben, irodae\u0301pu\u0308letekben e\u0301s ku\u0308lte\u0301ri ko\u0308ru\u0308lme\u0301nyek ko\u0308zo\u0308tt egyara\u0301nt.<\/p><\/div><\/div><\/div>\t\t\t\t\t\t\t\t<\/div>\n\t\t\t\t<\/div>\n\t\t\t\t\t<\/div>\n\t\t<\/div>\n\t\t\t\t\t<\/div>\n\t\t<\/section>\n\t\t\t\t<\/div>\n\t\t","protected":false},"excerpt":{"rendered":"<p>Vezet\u00e9kes informatikai rendszerek Strukt\u00far\u00e1lt h\u00e1l\u00f3zatok \u00e9s passz\u00edv elemek A klasszikus r\u00e9z alap\u00fa adat\u00e1tviteli h\u00e1l\u00f3zatok ki\u00e9p\u00edt\u00e9se a leggyakrabban el\u0151fordul\u00f3 h\u00e1l\u00f3zat\u00e9p\u00edt\u00e9si feladat. Legyen sz\u00f3 Cat5e, Cat6, Cat6A vagy Cat7 h\u00e1l\u00f3zatokr\u00f3l, garant\u00e1ljuk a rendszer szint\u0171 m\u0171k\u00f6d\u00e9st a helyes eszk\u00f6zpark kiv\u00e1laszt\u00e1s\u00e1val \u00e9s a megfelel\u0151 szerel\u00e9stechnika alkalmaz\u00e1s\u00e1val. Fontos m\u00e9g az egyes v\u00e9gpontok kialak\u00edt\u00e1s\u00e1n\u00e1l az eszt\u00e9tikai ig\u00e9nyekre is kit\u00e9rni. C\u00e9g\u00fcnk rendelkezik &hellip; <a href=\"https:\/\/senit.hu\/?page_id=120\" class=\"more-link\"><span class=\"screen-reader-text\">&#8222;Vezet\u00e9kes informatikai rendszerek&#8221;<\/span> b\u0151vebben<\/a><\/p>\n","protected":false},"author":3,"featured_media":0,"parent":0,"menu_order":0,"comment_status":"closed","ping_status":"closed","template":"elementor_canvas","meta":{"_monsterinsights_skip_tracking":false,"_monsterinsights_sitenote_active":false,"_monsterinsights_sitenote_note":"","_monsterinsights_sitenote_category":0,"footnotes":""},"class_list":["post-120","page","type-page","status-publish","hentry"],"yoast_head":"<!-- This site is optimized with the Yoast SEO plugin v27.4 - https:\/\/yoast.com\/product\/yoast-seo-wordpress\/ -->\n<title>Vezet\u00e9kes informatikai rendszerek - Senit - iT, oT, IoT<\/title>\n<meta name=\"robots\" content=\"index, follow, max-snippet:-1, max-image-preview:large, max-video-preview:-1\" \/>\n<link rel=\"canonical\" href=\"https:\/\/senit.hu\/?page_id=120\" \/>\n<meta property=\"og:locale\" content=\"hu_HU\" \/>\n<meta property=\"og:type\" content=\"article\" \/>\n<meta property=\"og:title\" content=\"Vezet\u00e9kes informatikai rendszerek - Senit - iT, oT, IoT\" \/>\n<meta property=\"og:description\" content=\"Vezet\u00e9kes informatikai rendszerek Strukt\u00far\u00e1lt h\u00e1l\u00f3zatok \u00e9s passz\u00edv elemek A klasszikus r\u00e9z alap\u00fa adat\u00e1tviteli h\u00e1l\u00f3zatok ki\u00e9p\u00edt\u00e9se a leggyakrabban el\u0151fordul\u00f3 h\u00e1l\u00f3zat\u00e9p\u00edt\u00e9si feladat. Legyen sz\u00f3 Cat5e, Cat6, Cat6A vagy Cat7 h\u00e1l\u00f3zatokr\u00f3l, garant\u00e1ljuk a rendszer szint\u0171 m\u0171k\u00f6d\u00e9st a helyes eszk\u00f6zpark kiv\u00e1laszt\u00e1s\u00e1val \u00e9s a megfelel\u0151 szerel\u00e9stechnika alkalmaz\u00e1s\u00e1val. Fontos m\u00e9g az egyes v\u00e9gpontok kialak\u00edt\u00e1s\u00e1n\u00e1l az eszt\u00e9tikai ig\u00e9nyekre is kit\u00e9rni. C\u00e9g\u00fcnk rendelkezik &hellip; &quot;Vezet\u00e9kes informatikai rendszerek&quot; b\u0151vebben\" \/>\n<meta property=\"og:url\" content=\"https:\/\/senit.hu\/?page_id=120\" \/>\n<meta property=\"og:site_name\" content=\"Senit - iT, oT, IoT\" \/>\n<meta property=\"article:modified_time\" content=\"2022-07-15T14:04:17+00:00\" \/>\n<meta property=\"og:image\" content=\"https:\/\/www.rendszerszerviz.hu\/wp-content\/uploads\/network.jpg\" \/>\n<meta name=\"twitter:card\" content=\"summary_large_image\" \/>\n<meta name=\"twitter:label1\" content=\"Becs\u00fclt olvas\u00e1si id\u0151\" \/>\n\t<meta name=\"twitter:data1\" content=\"2 perc\" \/>\n<script type=\"application\/ld+json\" class=\"yoast-schema-graph\">{\"@context\":\"https:\\\/\\\/schema.org\",\"@graph\":[{\"@type\":\"WebPage\",\"@id\":\"https:\\\/\\\/senit.hu\\\/?page_id=120\",\"url\":\"https:\\\/\\\/senit.hu\\\/?page_id=120\",\"name\":\"Vezet\u00e9kes informatikai rendszerek - Senit - iT, oT, IoT\",\"isPartOf\":{\"@id\":\"https:\\\/\\\/senit.hu\\\/#website\"},\"primaryImageOfPage\":{\"@id\":\"https:\\\/\\\/senit.hu\\\/?page_id=120#primaryimage\"},\"image\":{\"@id\":\"https:\\\/\\\/senit.hu\\\/?page_id=120#primaryimage\"},\"thumbnailUrl\":\"https:\\\/\\\/www.rendszerszerviz.hu\\\/wp-content\\\/uploads\\\/network.jpg\",\"datePublished\":\"2020-06-13T05:34:03+00:00\",\"dateModified\":\"2022-07-15T14:04:17+00:00\",\"breadcrumb\":{\"@id\":\"https:\\\/\\\/senit.hu\\\/?page_id=120#breadcrumb\"},\"inLanguage\":\"hu\",\"potentialAction\":[{\"@type\":\"ReadAction\",\"target\":[\"https:\\\/\\\/senit.hu\\\/?page_id=120\"]}]},{\"@type\":\"ImageObject\",\"inLanguage\":\"hu\",\"@id\":\"https:\\\/\\\/senit.hu\\\/?page_id=120#primaryimage\",\"url\":\"https:\\\/\\\/www.rendszerszerviz.hu\\\/wp-content\\\/uploads\\\/network.jpg\",\"contentUrl\":\"https:\\\/\\\/www.rendszerszerviz.hu\\\/wp-content\\\/uploads\\\/network.jpg\"},{\"@type\":\"BreadcrumbList\",\"@id\":\"https:\\\/\\\/senit.hu\\\/?page_id=120#breadcrumb\",\"itemListElement\":[{\"@type\":\"ListItem\",\"position\":1,\"name\":\"Kezd\u0151lap\",\"item\":\"https:\\\/\\\/senit.hu\\\/\"},{\"@type\":\"ListItem\",\"position\":2,\"name\":\"Vezet\u00e9kes informatikai rendszerek\"}]},{\"@type\":\"WebSite\",\"@id\":\"https:\\\/\\\/senit.hu\\\/#website\",\"url\":\"https:\\\/\\\/senit.hu\\\/\",\"name\":\"Senit - iT, oT, IoT\",\"description\":\"Senit Kft. - iT, oT, IoT\",\"publisher\":{\"@id\":\"https:\\\/\\\/senit.hu\\\/#organization\"},\"potentialAction\":[{\"@type\":\"SearchAction\",\"target\":{\"@type\":\"EntryPoint\",\"urlTemplate\":\"https:\\\/\\\/senit.hu\\\/?s={search_term_string}\"},\"query-input\":{\"@type\":\"PropertyValueSpecification\",\"valueRequired\":true,\"valueName\":\"search_term_string\"}}],\"inLanguage\":\"hu\"},{\"@type\":\"Organization\",\"@id\":\"https:\\\/\\\/senit.hu\\\/#organization\",\"name\":\"Senit - iT, oT, IoT\",\"url\":\"https:\\\/\\\/senit.hu\\\/\",\"logo\":{\"@type\":\"ImageObject\",\"inLanguage\":\"hu\",\"@id\":\"https:\\\/\\\/senit.hu\\\/#\\\/schema\\\/logo\\\/image\\\/\",\"url\":\"https:\\\/\\\/senit.hu\\\/wp-content\\\/uploads\\\/2020\\\/06\\\/cropped-cropped-senit_logo-masolat.png\",\"contentUrl\":\"https:\\\/\\\/senit.hu\\\/wp-content\\\/uploads\\\/2020\\\/06\\\/cropped-cropped-senit_logo-masolat.png\",\"width\":240,\"height\":240,\"caption\":\"Senit - iT, oT, IoT\"},\"image\":{\"@id\":\"https:\\\/\\\/senit.hu\\\/#\\\/schema\\\/logo\\\/image\\\/\"}}]}<\/script>\n<!-- \/ Yoast SEO plugin. -->","yoast_head_json":{"title":"Vezet\u00e9kes informatikai rendszerek - Senit - iT, oT, IoT","robots":{"index":"index","follow":"follow","max-snippet":"max-snippet:-1","max-image-preview":"max-image-preview:large","max-video-preview":"max-video-preview:-1"},"canonical":"https:\/\/senit.hu\/?page_id=120","og_locale":"hu_HU","og_type":"article","og_title":"Vezet\u00e9kes informatikai rendszerek - Senit - iT, oT, IoT","og_description":"Vezet\u00e9kes informatikai rendszerek Strukt\u00far\u00e1lt h\u00e1l\u00f3zatok \u00e9s passz\u00edv elemek A klasszikus r\u00e9z alap\u00fa adat\u00e1tviteli h\u00e1l\u00f3zatok ki\u00e9p\u00edt\u00e9se a leggyakrabban el\u0151fordul\u00f3 h\u00e1l\u00f3zat\u00e9p\u00edt\u00e9si feladat. Legyen sz\u00f3 Cat5e, Cat6, Cat6A vagy Cat7 h\u00e1l\u00f3zatokr\u00f3l, garant\u00e1ljuk a rendszer szint\u0171 m\u0171k\u00f6d\u00e9st a helyes eszk\u00f6zpark kiv\u00e1laszt\u00e1s\u00e1val \u00e9s a megfelel\u0151 szerel\u00e9stechnika alkalmaz\u00e1s\u00e1val. Fontos m\u00e9g az egyes v\u00e9gpontok kialak\u00edt\u00e1s\u00e1n\u00e1l az eszt\u00e9tikai ig\u00e9nyekre is kit\u00e9rni. C\u00e9g\u00fcnk rendelkezik &hellip; \"Vezet\u00e9kes informatikai rendszerek\" b\u0151vebben","og_url":"https:\/\/senit.hu\/?page_id=120","og_site_name":"Senit - iT, oT, IoT","article_modified_time":"2022-07-15T14:04:17+00:00","og_image":[{"url":"https:\/\/www.rendszerszerviz.hu\/wp-content\/uploads\/network.jpg","type":"","width":"","height":""}],"twitter_card":"summary_large_image","twitter_misc":{"Becs\u00fclt olvas\u00e1si id\u0151":"2 perc"},"schema":{"@context":"https:\/\/schema.org","@graph":[{"@type":"WebPage","@id":"https:\/\/senit.hu\/?page_id=120","url":"https:\/\/senit.hu\/?page_id=120","name":"Vezet\u00e9kes informatikai rendszerek - Senit - iT, oT, IoT","isPartOf":{"@id":"https:\/\/senit.hu\/#website"},"primaryImageOfPage":{"@id":"https:\/\/senit.hu\/?page_id=120#primaryimage"},"image":{"@id":"https:\/\/senit.hu\/?page_id=120#primaryimage"},"thumbnailUrl":"https:\/\/www.rendszerszerviz.hu\/wp-content\/uploads\/network.jpg","datePublished":"2020-06-13T05:34:03+00:00","dateModified":"2022-07-15T14:04:17+00:00","breadcrumb":{"@id":"https:\/\/senit.hu\/?page_id=120#breadcrumb"},"inLanguage":"hu","potentialAction":[{"@type":"ReadAction","target":["https:\/\/senit.hu\/?page_id=120"]}]},{"@type":"ImageObject","inLanguage":"hu","@id":"https:\/\/senit.hu\/?page_id=120#primaryimage","url":"https:\/\/www.rendszerszerviz.hu\/wp-content\/uploads\/network.jpg","contentUrl":"https:\/\/www.rendszerszerviz.hu\/wp-content\/uploads\/network.jpg"},{"@type":"BreadcrumbList","@id":"https:\/\/senit.hu\/?page_id=120#breadcrumb","itemListElement":[{"@type":"ListItem","position":1,"name":"Kezd\u0151lap","item":"https:\/\/senit.hu\/"},{"@type":"ListItem","position":2,"name":"Vezet\u00e9kes informatikai rendszerek"}]},{"@type":"WebSite","@id":"https:\/\/senit.hu\/#website","url":"https:\/\/senit.hu\/","name":"Senit - iT, oT, IoT","description":"Senit Kft. - iT, oT, IoT","publisher":{"@id":"https:\/\/senit.hu\/#organization"},"potentialAction":[{"@type":"SearchAction","target":{"@type":"EntryPoint","urlTemplate":"https:\/\/senit.hu\/?s={search_term_string}"},"query-input":{"@type":"PropertyValueSpecification","valueRequired":true,"valueName":"search_term_string"}}],"inLanguage":"hu"},{"@type":"Organization","@id":"https:\/\/senit.hu\/#organization","name":"Senit - iT, oT, IoT","url":"https:\/\/senit.hu\/","logo":{"@type":"ImageObject","inLanguage":"hu","@id":"https:\/\/senit.hu\/#\/schema\/logo\/image\/","url":"https:\/\/senit.hu\/wp-content\/uploads\/2020\/06\/cropped-cropped-senit_logo-masolat.png","contentUrl":"https:\/\/senit.hu\/wp-content\/uploads\/2020\/06\/cropped-cropped-senit_logo-masolat.png","width":240,"height":240,"caption":"Senit - iT, oT, IoT"},"image":{"@id":"https:\/\/senit.hu\/#\/schema\/logo\/image\/"}}]}},"_links":{"self":[{"href":"https:\/\/senit.hu\/index.php?rest_route=\/wp\/v2\/pages\/120","targetHints":{"allow":["GET"]}}],"collection":[{"href":"https:\/\/senit.hu\/index.php?rest_route=\/wp\/v2\/pages"}],"about":[{"href":"https:\/\/senit.hu\/index.php?rest_route=\/wp\/v2\/types\/page"}],"author":[{"embeddable":true,"href":"https:\/\/senit.hu\/index.php?rest_route=\/wp\/v2\/users\/3"}],"replies":[{"embeddable":true,"href":"https:\/\/senit.hu\/index.php?rest_route=%2Fwp%2Fv2%2Fcomments&post=120"}],"version-history":[{"count":7,"href":"https:\/\/senit.hu\/index.php?rest_route=\/wp\/v2\/pages\/120\/revisions"}],"predecessor-version":[{"id":892,"href":"https:\/\/senit.hu\/index.php?rest_route=\/wp\/v2\/pages\/120\/revisions\/892"}],"wp:attachment":[{"href":"https:\/\/senit.hu\/index.php?rest_route=%2Fwp%2Fv2%2Fmedia&parent=120"}],"curies":[{"name":"wp","href":"https:\/\/api.w.org\/{rel}","templated":true}]}}