{"id":122,"date":"2020-06-13T05:34:31","date_gmt":"2020-06-13T05:34:31","guid":{"rendered":"https:\/\/senit.hu\/?page_id=122"},"modified":"2022-07-15T14:04:50","modified_gmt":"2022-07-15T14:04:50","slug":"vezeteknelkuli-informatikai-rendszerek","status":"publish","type":"page","link":"https:\/\/senit.hu\/?page_id=122","title":{"rendered":"Vezet\u00e9kn\u00e9lk\u00fcli informatikai rendszerek"},"content":{"rendered":"\t\t<div data-elementor-type=\"wp-page\" data-elementor-id=\"122\" class=\"elementor elementor-122\">\n\t\t\t\t\t\t<section class=\"elementor-section elementor-top-section elementor-element elementor-element-d57b64b elementor-section-stretched elementor-section-full_width elementor-section-height-min-height elementor-section-height-default elementor-section-items-middle\" data-id=\"d57b64b\" data-element_type=\"section\" data-e-type=\"section\" data-settings=\"{&quot;stretch_section&quot;:&quot;section-stretched&quot;,&quot;background_background&quot;:&quot;classic&quot;}\">\n\t\t\t\t\t\t\t<div class=\"elementor-background-overlay\"><\/div>\n\t\t\t\t\t\t\t<div class=\"elementor-container elementor-column-gap-default\">\n\t\t\t\t\t<div class=\"elementor-column elementor-col-100 elementor-top-column elementor-element elementor-element-f2b4063\" data-id=\"f2b4063\" data-element_type=\"column\" data-e-type=\"column\">\n\t\t\t<div class=\"elementor-widget-wrap elementor-element-populated\">\n\t\t\t\t\t\t<div class=\"elementor-element elementor-element-7e4301f elementor-widget elementor-widget-heading\" data-id=\"7e4301f\" data-element_type=\"widget\" data-e-type=\"widget\" data-widget_type=\"heading.default\">\n\t\t\t\t<div class=\"elementor-widget-container\">\n\t\t\t\t\t<h2 class=\"elementor-heading-title elementor-size-default\">Vezet\u00e9kn\u00e9lk\u00fcli informatikai rendszerek<\/h2>\t\t\t\t<\/div>\n\t\t\t\t<\/div>\n\t\t\t\t\t<\/div>\n\t\t<\/div>\n\t\t\t\t\t<\/div>\n\t\t<\/section>\n\t\t\t\t<section class=\"elementor-section elementor-top-section elementor-element elementor-element-581770d elementor-section-boxed elementor-section-height-default elementor-section-height-default\" data-id=\"581770d\" data-element_type=\"section\" data-e-type=\"section\" data-settings=\"{&quot;background_background&quot;:&quot;classic&quot;}\">\n\t\t\t\t\t\t<div class=\"elementor-container elementor-column-gap-default\">\n\t\t\t\t\t<div class=\"elementor-column elementor-col-100 elementor-top-column elementor-element elementor-element-af831e0\" data-id=\"af831e0\" data-element_type=\"column\" data-e-type=\"column\">\n\t\t\t<div class=\"elementor-widget-wrap elementor-element-populated\">\n\t\t\t\t\t\t<div class=\"elementor-element elementor-element-e350541 elementor-widget elementor-widget-text-editor\" data-id=\"e350541\" data-element_type=\"widget\" data-e-type=\"widget\" data-widget_type=\"text-editor.default\">\n\t\t\t\t<div class=\"elementor-widget-container\">\n\t\t\t\t\t\t\t\t\t<div class=\"page\" title=\"Page 6\">\n<div class=\"layoutArea\">\n<div class=\"column\">\n<h3>Vezete\u0301k ne\u0301lku\u0308li ha\u0301lo\u0301zat<\/h3>\n<\/div>\n<\/div>\n<p>Elo\u030bfordul, hogy a legke\u0301zenfekvo\u030bbb adata\u0301tviteli megolda\u0301s a vezete\u0301k ne\u0301lku\u0308li ha\u0301lo\u0301zat kie\u0301pi\u0301te\u0301se. A mai WiFi e\u0301s egye\u0301b kommunika\u0301cio\u0301s ha\u0301lo\u0301zatok jelento\u030bs elterjede\u0301se miatt elengedhetetlen, hogy a ha\u0301lo\u0301zat terveze\u0301se\u0301t, az eszko\u0308zo\u0308k megva\u0301laszta\u0301sa\u0301t e\u0301s azok parame\u0301tereze\u0301se\u0301t szakemberek ve\u0301gezze\u0301k. Sok e\u0301ves tapasztalattal rendelkezu\u0308nk a WLAN ha\u0301lo\u0301zatok kie\u0301pi\u0301te\u0301se\u0301ben, ismerju\u0308k a lehetse\u0301ges buktato\u0301kat e\u0301s ke\u0301pesek vagyunk a ko\u0308rnyezetnek megfelelo\u030b rendszer megterveze\u0301se\u0301re e\u0301s kie\u0301pi\u0301te\u0301se\u0301re. Dolgozunk 2,4 e\u0301s 5GHz tartoma\u0301nyban is, de van leheto\u030bse\u0301g enne\u0301l magasabb frekvenciasa\u0301vu\u0301, to\u0308bb 10km-es linkek kie\u0301pi\u0301te\u0301se\u0301re is.<\/p>\n<\/div>\n<div class=\"page\" title=\"Page 7\">\n<div class=\"layoutArea\">\n<div class=\"column\">\n<h3>Akti\u0301v ha\u0301lo\u0301zati eszko\u0308zo\u0308k<\/h3>\n<p>Az a\u0301ltalunk e\u0301pi\u0301tett ha\u0301lo\u0301zatok akti\u0301v eszko\u0308zeit u\u0301gy va\u0301lasztjuk meg, hogy azok e\u0301jjel-nappal, e\u0301veken a\u0301t ke\u0301pesek legyenek a ra\u0301juk bi\u0301zott feladat ella\u0301ta\u0301sa\u0301ra. Ce\u0301gu\u0308nk kiza\u0301ro\u0301lag beva\u0301lt, neves gya\u0301rto\u0301k eszko\u0308zeivel dolgozik kiemelten szem elo\u030btt tartva a gya\u0301rto\u0301i e\u0301s forgalmazo\u0301i ha\u0301tte\u0301rta\u0301mogata\u0301s megle\u0301te\u0301t, legyen szo\u0301 aka\u0301r csereeszko\u0308z biztosi\u0301ta\u0301sa\u0301ro\u0301l, aka\u0301r szakmai ta\u0301mogata\u0301sro\u0301l. Az egyes akti\u0301v eszko\u0308zo\u0308k mu\u030bko\u0308de\u0301si ko\u0308ru\u0308lme\u0301nyeinek biztosi\u0301ta\u0301sa\u0301ra saja\u0301t ti\u0301pustokoza\u0301sokat fejlesztettu\u0308nk ki, melyek segi\u0301tse\u0301ge\u0301vel a por e\u0301s nedvesse\u0301ga\u0301llo\u0301sa\u0301got, valamint a fu\u030bte\u0301si e\u0301s hu\u030bte\u0301si ige\u0301nyeit is tudjuk biztosi\u0301tani az egyes eszko\u0308zo\u0308knek.<\/p>\n<h3>Perife\u0301ria\u0301k<\/h3>\n<p>Mivel kulcsrake\u0301sz feladatok megvalo\u0301si\u0301ta\u0301sa\u0301ra szakosodtunk,&nbsp;e\u0301s megvan a megfelelo\u030b besza\u0301lli\u0301to\u0301i ha\u0301tteru\u0308nk is, ke\u0301zenfekvo\u030b, hogy a ha\u0301lo\u0301zaton&nbsp;u\u0308zemelo\u030b egyes eszko\u0308zo\u0308ket is lesza\u0301lli\u0301tsuk e\u0301s beu\u0308zemelju\u0308k partnereinknek.&nbsp;Az egyszeru\u030b kereskedelmi teve\u0301kenyse\u0301g mellett a kompatibilita\u0301st is garanta\u0301ljuk,&nbsp;valamint az eszko\u0308zo\u0308kkel kapcsolatos parame\u0301tereze\u0301si, e\u0301s egye\u0301b szolga\u0301ltata\u0301si ige\u0301nyeket is ella\u0301tjuk.<\/p>\n<h3>Kliensek<\/h3>\n<p>Segi\u0301tse\u0301get nyu\u0301jtunk a megfelelo\u030b kliens eszko\u0308zo\u0308k kiva\u0301laszta\u0301sa\u0301ban e\u0301s az eszko\u0308zpark o\u0308sszea\u0301lli\u0301ta\u0301sa\u0301ban. Ige\u0301ny szerintha\u0301tte\u0301rta\u0301mogata\u0301st is biztosi\u0301tunk a beu\u0308zemele\u0301sben e\u0301s a kliens szintu\u030b u\u0308zemeltete\u0301sben, aka\u0301r folyamatos ta\u0301voli supportforma\u0301ja\u0301ban is.<\/p>\n<\/div>\n<\/div>\n<\/div>\n<div class=\"page\" title=\"Page 8\">\n<div class=\"layoutArea\">\n<div class=\"column\">\n<h3>VLAN<img fetchpriority=\"high\" decoding=\"async\" class=\"alignright\" src=\"https:\/\/www.cityklima.hu\/wp-content\/uploads\/2019\/03\/szerver_klima_hutes_klimaberendezes.jpg\" width=\"603\" height=\"290\"><\/h3>\n<p>Ha\u0301lo\u0301zati informatikusaink segi\u0301tse\u0301ge\u0301vel komplett ha\u0301lo\u0301zatmenedzsment feladatokra is va\u0301llalkozni tudunk. Legyen szo\u0301 u\u0301j ha\u0301lo\u0301zat parame\u0301tereze\u0301se\u0301ro\u030bl, vagy megle\u0301vo\u030b rendszer a\u0301talaki\u0301ta\u0301sa\u0301ro\u0301l, a teljes ko\u0308ru\u030b e\u0301s a\u0301tfogo\u0301 informa\u0301cio\u0301gyu\u030bjte\u0301st ko\u0308veto\u030ben minden feladatot meg tudunk valo\u0301si\u0301tani. A legjellemzo\u030bbb ige\u0301nyek az egyes virtua\u0301lis ha\u0301lo\u0301zatok e\u0301s ezek jogosultsa\u0301gainak, csoportjainak kezele\u0301se. Tapasztalataink alapja\u0301n ezek a rendszerek ido\u030bro\u030bl ido\u030bre kisebb-nagyobb va\u0301ltoza\u0301sokon mennek a\u0301t partnereinkne\u0301l, eze\u0301rt fenntartjuk a folyamatos kommunika\u0301cio\u0301t e\u0301s a leheto\u030b leggyorsabban reaga\u0301lunk az u\u0301j ige\u0301nyekre. Nagy tapasztalattal rendelkezu\u0308nk orsza\u0301gokon a\u0301ti\u0301velo\u030b, redunda\u0301ns VLAN ha\u0301lo\u0301zatok megvalo\u0301si\u0301ta\u0301sa\u0301ban is, valamint kiemelt kocka\u0301zatu\u0301 va\u0301llalkoza\u0301sok tu\u030bzfal parame\u0301tereze\u0301se\u0301nek teru\u0308lete\u0301n is.<\/p>\n<h3>Szoftverek<\/h3>\n<p>Felhaszna\u0301lo\u0301i e\u0301s u\u0308zemeltete\u0301si szoftverek telepi\u0301te\u0301se\u0301ben e\u0301s parame\u0301tereze\u0301se\u0301ben is jelento\u030bs tapasztalatunk van. Olyan megbi\u0301za\u0301sokat is va\u0301llalunk, ahol szoftverek ko\u0308zo\u0308tti adatba\u0301zis kommunika\u0301cio\u0301ro\u0301l van szo\u0301, vagy esetleg kisebb fejleszte\u0301st, egyedi leke\u0301rdeze\u0301st kell megvalo\u0301si\u0301tani.<\/p>\n<h3>U\u0308zemeltete\u0301s, rendszergazdai teve\u0301kenyse\u0301g<\/h3>\n<p>Amennyiben partneru\u0308nk nem u\u0308zemeltet saja\u0301t informatikai oszta\u0301lyt, vagy annak feladatai, illete\u0301kesse\u0301gei fedetlenu\u0308l hagynak bizonyos teru\u0308leteket, rendszergazdai szolga\u0301ltata\u0301st nyu\u0301jtunk. Ez lehet kiza\u0301ro\u0301lag ha\u0301lo\u0301zati informatikai szolga\u0301ltata\u0301s, de bo\u030bvi\u0301thetju\u0308k szerver oldali teve\u0301kenyse\u0301gekkel vagy aka\u0301r kliens szintu\u030b u\u0308zemeltete\u0301ssel, ahol aka\u0301r az egyes felhaszna\u0301lo\u0301k napi proble\u0301ma\u0301it e\u0301s a kapcsolo\u0301do\u0301 bea\u0301lli\u0301ta\u0301si&nbsp;<span style=\"font-size: 1rem;\">feladatokat is ella\u0301tjuk. Ro\u0308vid, aka\u0301r ne\u0301ha\u0301ny o\u0301ra\u0301s rendelkeze\u0301sre a\u0301lla\u0301ssal ve\u0301gezzu\u0308k ezeket az u\u0308zemeltete\u0301si teve\u0301kenyse\u0301geket, hogy ce\u0301ge termele\u0301se\u0301t e\u0301s profitja\u0301t a leheto\u030b legnagyobb u\u0308zembiztonsa\u0301gban tudhassa.<\/span><\/p>\n<\/div>\n<\/div>\n<\/div>\t\t\t\t\t\t\t\t<\/div>\n\t\t\t\t<\/div>\n\t\t\t\t\t<\/div>\n\t\t<\/div>\n\t\t\t\t\t<\/div>\n\t\t<\/section>\n\t\t\t\t<\/div>\n\t\t","protected":false},"excerpt":{"rendered":"<p>Vezet\u00e9kn\u00e9lk\u00fcli informatikai rendszerek Vezete\u0301k ne\u0301lku\u0308li ha\u0301lo\u0301zat Elo\u030bfordul, hogy a legke\u0301zenfekvo\u030bbb adata\u0301tviteli megolda\u0301s a vezete\u0301k ne\u0301lku\u0308li ha\u0301lo\u0301zat kie\u0301pi\u0301te\u0301se. A mai WiFi e\u0301s egye\u0301b kommunika\u0301cio\u0301s ha\u0301lo\u0301zatok jelento\u030bs elterjede\u0301se miatt elengedhetetlen, hogy a ha\u0301lo\u0301zat terveze\u0301se\u0301t, az eszko\u0308zo\u0308k megva\u0301laszta\u0301sa\u0301t e\u0301s azok parame\u0301tereze\u0301se\u0301t szakemberek ve\u0301gezze\u0301k. Sok e\u0301ves tapasztalattal rendelkezu\u0308nk a WLAN ha\u0301lo\u0301zatok kie\u0301pi\u0301te\u0301se\u0301ben, ismerju\u0308k a lehetse\u0301ges buktato\u0301kat e\u0301s ke\u0301pesek vagyunk &hellip; <a href=\"https:\/\/senit.hu\/?page_id=122\" class=\"more-link\"><span class=\"screen-reader-text\">&#8222;Vezet\u00e9kn\u00e9lk\u00fcli informatikai rendszerek&#8221;<\/span> b\u0151vebben<\/a><\/p>\n","protected":false},"author":3,"featured_media":0,"parent":0,"menu_order":0,"comment_status":"closed","ping_status":"closed","template":"elementor_canvas","meta":{"_monsterinsights_skip_tracking":false,"_monsterinsights_sitenote_active":false,"_monsterinsights_sitenote_note":"","_monsterinsights_sitenote_category":0,"footnotes":""},"class_list":["post-122","page","type-page","status-publish","hentry"],"yoast_head":"<!-- This site is optimized with the Yoast SEO plugin v27.4 - https:\/\/yoast.com\/product\/yoast-seo-wordpress\/ -->\n<title>Vezet\u00e9kn\u00e9lk\u00fcli informatikai rendszerek - Senit - iT, oT, IoT<\/title>\n<meta name=\"robots\" content=\"index, follow, max-snippet:-1, max-image-preview:large, max-video-preview:-1\" \/>\n<link rel=\"canonical\" href=\"https:\/\/senit.hu\/?page_id=122\" \/>\n<meta property=\"og:locale\" content=\"hu_HU\" \/>\n<meta property=\"og:type\" content=\"article\" \/>\n<meta property=\"og:title\" content=\"Vezet\u00e9kn\u00e9lk\u00fcli informatikai rendszerek - Senit - iT, oT, IoT\" \/>\n<meta property=\"og:description\" content=\"Vezet\u00e9kn\u00e9lk\u00fcli informatikai rendszerek Vezete\u0301k ne\u0301lku\u0308li ha\u0301lo\u0301zat Elo\u030bfordul, hogy a legke\u0301zenfekvo\u030bbb adata\u0301tviteli megolda\u0301s a vezete\u0301k ne\u0301lku\u0308li ha\u0301lo\u0301zat kie\u0301pi\u0301te\u0301se. A mai WiFi e\u0301s egye\u0301b kommunika\u0301cio\u0301s ha\u0301lo\u0301zatok jelento\u030bs elterjede\u0301se miatt elengedhetetlen, hogy a ha\u0301lo\u0301zat terveze\u0301se\u0301t, az eszko\u0308zo\u0308k megva\u0301laszta\u0301sa\u0301t e\u0301s azok parame\u0301tereze\u0301se\u0301t szakemberek ve\u0301gezze\u0301k. Sok e\u0301ves tapasztalattal rendelkezu\u0308nk a WLAN ha\u0301lo\u0301zatok kie\u0301pi\u0301te\u0301se\u0301ben, ismerju\u0308k a lehetse\u0301ges buktato\u0301kat e\u0301s ke\u0301pesek vagyunk &hellip; &quot;Vezet\u00e9kn\u00e9lk\u00fcli informatikai rendszerek&quot; b\u0151vebben\" \/>\n<meta property=\"og:url\" content=\"https:\/\/senit.hu\/?page_id=122\" \/>\n<meta property=\"og:site_name\" content=\"Senit - iT, oT, IoT\" \/>\n<meta property=\"article:modified_time\" content=\"2022-07-15T14:04:50+00:00\" \/>\n<meta property=\"og:image\" content=\"https:\/\/www.cityklima.hu\/wp-content\/uploads\/2019\/03\/szerver_klima_hutes_klimaberendezes.jpg\" \/>\n<meta name=\"twitter:card\" content=\"summary_large_image\" \/>\n<meta name=\"twitter:label1\" content=\"Becs\u00fclt olvas\u00e1si id\u0151\" \/>\n\t<meta name=\"twitter:data1\" content=\"3 perc\" \/>\n<script type=\"application\/ld+json\" class=\"yoast-schema-graph\">{\"@context\":\"https:\\\/\\\/schema.org\",\"@graph\":[{\"@type\":\"WebPage\",\"@id\":\"https:\\\/\\\/senit.hu\\\/?page_id=122\",\"url\":\"https:\\\/\\\/senit.hu\\\/?page_id=122\",\"name\":\"Vezet\u00e9kn\u00e9lk\u00fcli informatikai rendszerek - Senit - iT, oT, IoT\",\"isPartOf\":{\"@id\":\"https:\\\/\\\/senit.hu\\\/#website\"},\"primaryImageOfPage\":{\"@id\":\"https:\\\/\\\/senit.hu\\\/?page_id=122#primaryimage\"},\"image\":{\"@id\":\"https:\\\/\\\/senit.hu\\\/?page_id=122#primaryimage\"},\"thumbnailUrl\":\"https:\\\/\\\/www.cityklima.hu\\\/wp-content\\\/uploads\\\/2019\\\/03\\\/szerver_klima_hutes_klimaberendezes.jpg\",\"datePublished\":\"2020-06-13T05:34:31+00:00\",\"dateModified\":\"2022-07-15T14:04:50+00:00\",\"breadcrumb\":{\"@id\":\"https:\\\/\\\/senit.hu\\\/?page_id=122#breadcrumb\"},\"inLanguage\":\"hu\",\"potentialAction\":[{\"@type\":\"ReadAction\",\"target\":[\"https:\\\/\\\/senit.hu\\\/?page_id=122\"]}]},{\"@type\":\"ImageObject\",\"inLanguage\":\"hu\",\"@id\":\"https:\\\/\\\/senit.hu\\\/?page_id=122#primaryimage\",\"url\":\"https:\\\/\\\/www.cityklima.hu\\\/wp-content\\\/uploads\\\/2019\\\/03\\\/szerver_klima_hutes_klimaberendezes.jpg\",\"contentUrl\":\"https:\\\/\\\/www.cityklima.hu\\\/wp-content\\\/uploads\\\/2019\\\/03\\\/szerver_klima_hutes_klimaberendezes.jpg\"},{\"@type\":\"BreadcrumbList\",\"@id\":\"https:\\\/\\\/senit.hu\\\/?page_id=122#breadcrumb\",\"itemListElement\":[{\"@type\":\"ListItem\",\"position\":1,\"name\":\"Kezd\u0151lap\",\"item\":\"https:\\\/\\\/senit.hu\\\/\"},{\"@type\":\"ListItem\",\"position\":2,\"name\":\"Vezet\u00e9kn\u00e9lk\u00fcli informatikai rendszerek\"}]},{\"@type\":\"WebSite\",\"@id\":\"https:\\\/\\\/senit.hu\\\/#website\",\"url\":\"https:\\\/\\\/senit.hu\\\/\",\"name\":\"Senit - iT, oT, IoT\",\"description\":\"Senit Kft. - iT, oT, IoT\",\"publisher\":{\"@id\":\"https:\\\/\\\/senit.hu\\\/#organization\"},\"potentialAction\":[{\"@type\":\"SearchAction\",\"target\":{\"@type\":\"EntryPoint\",\"urlTemplate\":\"https:\\\/\\\/senit.hu\\\/?s={search_term_string}\"},\"query-input\":{\"@type\":\"PropertyValueSpecification\",\"valueRequired\":true,\"valueName\":\"search_term_string\"}}],\"inLanguage\":\"hu\"},{\"@type\":\"Organization\",\"@id\":\"https:\\\/\\\/senit.hu\\\/#organization\",\"name\":\"Senit - iT, oT, IoT\",\"url\":\"https:\\\/\\\/senit.hu\\\/\",\"logo\":{\"@type\":\"ImageObject\",\"inLanguage\":\"hu\",\"@id\":\"https:\\\/\\\/senit.hu\\\/#\\\/schema\\\/logo\\\/image\\\/\",\"url\":\"https:\\\/\\\/senit.hu\\\/wp-content\\\/uploads\\\/2020\\\/06\\\/cropped-cropped-senit_logo-masolat.png\",\"contentUrl\":\"https:\\\/\\\/senit.hu\\\/wp-content\\\/uploads\\\/2020\\\/06\\\/cropped-cropped-senit_logo-masolat.png\",\"width\":240,\"height\":240,\"caption\":\"Senit - iT, oT, IoT\"},\"image\":{\"@id\":\"https:\\\/\\\/senit.hu\\\/#\\\/schema\\\/logo\\\/image\\\/\"}}]}<\/script>\n<!-- \/ Yoast SEO plugin. -->","yoast_head_json":{"title":"Vezet\u00e9kn\u00e9lk\u00fcli informatikai rendszerek - Senit - iT, oT, IoT","robots":{"index":"index","follow":"follow","max-snippet":"max-snippet:-1","max-image-preview":"max-image-preview:large","max-video-preview":"max-video-preview:-1"},"canonical":"https:\/\/senit.hu\/?page_id=122","og_locale":"hu_HU","og_type":"article","og_title":"Vezet\u00e9kn\u00e9lk\u00fcli informatikai rendszerek - Senit - iT, oT, IoT","og_description":"Vezet\u00e9kn\u00e9lk\u00fcli informatikai rendszerek Vezete\u0301k ne\u0301lku\u0308li ha\u0301lo\u0301zat Elo\u030bfordul, hogy a legke\u0301zenfekvo\u030bbb adata\u0301tviteli megolda\u0301s a vezete\u0301k ne\u0301lku\u0308li ha\u0301lo\u0301zat kie\u0301pi\u0301te\u0301se. A mai WiFi e\u0301s egye\u0301b kommunika\u0301cio\u0301s ha\u0301lo\u0301zatok jelento\u030bs elterjede\u0301se miatt elengedhetetlen, hogy a ha\u0301lo\u0301zat terveze\u0301se\u0301t, az eszko\u0308zo\u0308k megva\u0301laszta\u0301sa\u0301t e\u0301s azok parame\u0301tereze\u0301se\u0301t szakemberek ve\u0301gezze\u0301k. Sok e\u0301ves tapasztalattal rendelkezu\u0308nk a WLAN ha\u0301lo\u0301zatok kie\u0301pi\u0301te\u0301se\u0301ben, ismerju\u0308k a lehetse\u0301ges buktato\u0301kat e\u0301s ke\u0301pesek vagyunk &hellip; \"Vezet\u00e9kn\u00e9lk\u00fcli informatikai rendszerek\" b\u0151vebben","og_url":"https:\/\/senit.hu\/?page_id=122","og_site_name":"Senit - iT, oT, IoT","article_modified_time":"2022-07-15T14:04:50+00:00","og_image":[{"url":"https:\/\/www.cityklima.hu\/wp-content\/uploads\/2019\/03\/szerver_klima_hutes_klimaberendezes.jpg","type":"","width":"","height":""}],"twitter_card":"summary_large_image","twitter_misc":{"Becs\u00fclt olvas\u00e1si id\u0151":"3 perc"},"schema":{"@context":"https:\/\/schema.org","@graph":[{"@type":"WebPage","@id":"https:\/\/senit.hu\/?page_id=122","url":"https:\/\/senit.hu\/?page_id=122","name":"Vezet\u00e9kn\u00e9lk\u00fcli informatikai rendszerek - Senit - iT, oT, IoT","isPartOf":{"@id":"https:\/\/senit.hu\/#website"},"primaryImageOfPage":{"@id":"https:\/\/senit.hu\/?page_id=122#primaryimage"},"image":{"@id":"https:\/\/senit.hu\/?page_id=122#primaryimage"},"thumbnailUrl":"https:\/\/www.cityklima.hu\/wp-content\/uploads\/2019\/03\/szerver_klima_hutes_klimaberendezes.jpg","datePublished":"2020-06-13T05:34:31+00:00","dateModified":"2022-07-15T14:04:50+00:00","breadcrumb":{"@id":"https:\/\/senit.hu\/?page_id=122#breadcrumb"},"inLanguage":"hu","potentialAction":[{"@type":"ReadAction","target":["https:\/\/senit.hu\/?page_id=122"]}]},{"@type":"ImageObject","inLanguage":"hu","@id":"https:\/\/senit.hu\/?page_id=122#primaryimage","url":"https:\/\/www.cityklima.hu\/wp-content\/uploads\/2019\/03\/szerver_klima_hutes_klimaberendezes.jpg","contentUrl":"https:\/\/www.cityklima.hu\/wp-content\/uploads\/2019\/03\/szerver_klima_hutes_klimaberendezes.jpg"},{"@type":"BreadcrumbList","@id":"https:\/\/senit.hu\/?page_id=122#breadcrumb","itemListElement":[{"@type":"ListItem","position":1,"name":"Kezd\u0151lap","item":"https:\/\/senit.hu\/"},{"@type":"ListItem","position":2,"name":"Vezet\u00e9kn\u00e9lk\u00fcli informatikai rendszerek"}]},{"@type":"WebSite","@id":"https:\/\/senit.hu\/#website","url":"https:\/\/senit.hu\/","name":"Senit - iT, oT, IoT","description":"Senit Kft. - iT, oT, IoT","publisher":{"@id":"https:\/\/senit.hu\/#organization"},"potentialAction":[{"@type":"SearchAction","target":{"@type":"EntryPoint","urlTemplate":"https:\/\/senit.hu\/?s={search_term_string}"},"query-input":{"@type":"PropertyValueSpecification","valueRequired":true,"valueName":"search_term_string"}}],"inLanguage":"hu"},{"@type":"Organization","@id":"https:\/\/senit.hu\/#organization","name":"Senit - iT, oT, IoT","url":"https:\/\/senit.hu\/","logo":{"@type":"ImageObject","inLanguage":"hu","@id":"https:\/\/senit.hu\/#\/schema\/logo\/image\/","url":"https:\/\/senit.hu\/wp-content\/uploads\/2020\/06\/cropped-cropped-senit_logo-masolat.png","contentUrl":"https:\/\/senit.hu\/wp-content\/uploads\/2020\/06\/cropped-cropped-senit_logo-masolat.png","width":240,"height":240,"caption":"Senit - iT, oT, IoT"},"image":{"@id":"https:\/\/senit.hu\/#\/schema\/logo\/image\/"}}]}},"_links":{"self":[{"href":"https:\/\/senit.hu\/index.php?rest_route=\/wp\/v2\/pages\/122","targetHints":{"allow":["GET"]}}],"collection":[{"href":"https:\/\/senit.hu\/index.php?rest_route=\/wp\/v2\/pages"}],"about":[{"href":"https:\/\/senit.hu\/index.php?rest_route=\/wp\/v2\/types\/page"}],"author":[{"embeddable":true,"href":"https:\/\/senit.hu\/index.php?rest_route=\/wp\/v2\/users\/3"}],"replies":[{"embeddable":true,"href":"https:\/\/senit.hu\/index.php?rest_route=%2Fwp%2Fv2%2Fcomments&post=122"}],"version-history":[{"count":7,"href":"https:\/\/senit.hu\/index.php?rest_route=\/wp\/v2\/pages\/122\/revisions"}],"predecessor-version":[{"id":894,"href":"https:\/\/senit.hu\/index.php?rest_route=\/wp\/v2\/pages\/122\/revisions\/894"}],"wp:attachment":[{"href":"https:\/\/senit.hu\/index.php?rest_route=%2Fwp%2Fv2%2Fmedia&parent=122"}],"curies":[{"name":"wp","href":"https:\/\/api.w.org\/{rel}","templated":true}]}}