{"id":124,"date":"2020-06-13T05:34:51","date_gmt":"2020-06-13T05:34:51","guid":{"rendered":"https:\/\/senit.hu\/?page_id=124"},"modified":"2022-07-15T14:28:54","modified_gmt":"2022-07-15T14:28:54","slug":"ipari-alkalmazasfejlesztes","status":"publish","type":"page","link":"https:\/\/senit.hu\/?page_id=124","title":{"rendered":"Alkalmaz\u00e1sfejleszt\u00e9s"},"content":{"rendered":"\t\t<div data-elementor-type=\"wp-page\" data-elementor-id=\"124\" class=\"elementor elementor-124\">\n\t\t\t\t\t\t<section class=\"elementor-section elementor-top-section elementor-element elementor-element-9fbe90d elementor-section-stretched elementor-section-full_width elementor-section-height-min-height elementor-section-height-default elementor-section-items-middle\" data-id=\"9fbe90d\" data-element_type=\"section\" data-e-type=\"section\" data-settings=\"{&quot;stretch_section&quot;:&quot;section-stretched&quot;,&quot;background_background&quot;:&quot;classic&quot;}\">\n\t\t\t\t\t\t\t<div class=\"elementor-background-overlay\"><\/div>\n\t\t\t\t\t\t\t<div class=\"elementor-container elementor-column-gap-default\">\n\t\t\t\t\t<div class=\"elementor-column elementor-col-100 elementor-top-column elementor-element elementor-element-b8c165b\" data-id=\"b8c165b\" data-element_type=\"column\" data-e-type=\"column\">\n\t\t\t<div class=\"elementor-widget-wrap elementor-element-populated\">\n\t\t\t\t\t\t<div class=\"elementor-element elementor-element-50d7004 elementor-widget elementor-widget-heading\" data-id=\"50d7004\" data-element_type=\"widget\" data-e-type=\"widget\" data-widget_type=\"heading.default\">\n\t\t\t\t<div class=\"elementor-widget-container\">\n\t\t\t\t\t<h2 class=\"elementor-heading-title elementor-size-default\">Ipari Alkalmaz\u00e1sfejleszt\u00e9s<\/h2>\t\t\t\t<\/div>\n\t\t\t\t<\/div>\n\t\t\t\t\t<\/div>\n\t\t<\/div>\n\t\t\t\t\t<\/div>\n\t\t<\/section>\n\t\t\t\t<section class=\"elementor-section elementor-top-section elementor-element elementor-element-db2d5ae elementor-section-boxed elementor-section-height-default elementor-section-height-default\" data-id=\"db2d5ae\" data-element_type=\"section\" data-e-type=\"section\" data-settings=\"{&quot;background_background&quot;:&quot;classic&quot;}\">\n\t\t\t\t\t\t<div class=\"elementor-container elementor-column-gap-default\">\n\t\t\t\t\t<div class=\"elementor-column elementor-col-100 elementor-top-column elementor-element elementor-element-d9ac2cb\" data-id=\"d9ac2cb\" data-element_type=\"column\" data-e-type=\"column\">\n\t\t\t<div class=\"elementor-widget-wrap elementor-element-populated\">\n\t\t\t\t\t\t<div class=\"elementor-element elementor-element-cea0a90 elementor-widget elementor-widget-text-editor\" data-id=\"cea0a90\" data-element_type=\"widget\" data-e-type=\"widget\" data-widget_type=\"text-editor.default\">\n\t\t\t\t<div class=\"elementor-widget-container\">\n\t\t\t\t\t\t\t\t\t<h3>Ipari Alkalmaz\u00e1sfejleszt\u00e9s<\/h3><p>A <a href=\"https:\/\/senit.hu\/belepteto-rendszerek\/\">biztons\u00e1gtechnik\u00e1ban<\/a> \u00e9s az <a href=\"https:\/\/senit.hu\/scada-rendszerek\/\">ipari automatiz\u00e1ci\u00f3ban<\/a> is tal\u00e1lkozunk olyan helyzetekkel, amikor az ipari alkalmaz\u00e1sfejleszt\u00e9s egyedi megold\u00e1saira van sz\u00fcks\u00e9g. Ilyenkor a fejleszt\u0151csapatunk, megtervezi \u00e9s elk\u00e9sz\u00edti az \u00fcgyf\u00e9l ig\u00e9nyeinek megfelel\u0151 megold\u00e1st. Ilyen k\u00e9rd\u00e9sekben mindig fontos nek\u00fcnk, hogy a telep\u00edtett eszk\u00f6z\u00f6kkel \u00f6sszehangolt alkalmaz\u00e1s fejleszt\u00e9seket k\u00e9sz\u00edts\u00fcnk, \u00edgy tudjuk garant\u00e1lni, hogy a rendszerek m\u0171k\u0151d\u0151k\u00e9pesek \u00e9s hibamentesek lesznek. De vannak olyan esetek, amikor megl\u00e9v\u0151 technol\u00f3gi\u00e1kat fejleszt\u00fcnk tov\u00e1bb, ( pl. egy t\u00f6bb sz\u00e1z \u00e9telautomat\u00e1t \u00fczemeltet\u0151 c\u00e9g marketing automatiz\u00e1ci\u00f3j\u00e1t seg\u00edtett\u00fck egy olyan alkalmaz\u00e1ssal, amellyel t\u00e1volr\u00f3l el\u00e9rhet\u0151 az automata kijelz\u0151je \u00e9s ir\u00e1ny\u00edthat\u00f3 a term\u00e9kek aj\u00e1nl\u00e1sa.) a megl\u00e9v\u0151 ipari technol\u00f3gi\u00e1k tov\u00e1bbfejleszt\u00e9se, sokkal k\u00f6lts\u00e9ghat\u00e9konyabb \u00e9s gyorsabb folyamatot jelent. Ez\u00e1ltal a megrendel\u0151 c\u00e9g sz\u00e1m\u00e1ra is k\u00f6nyebben kezelhet\u0151 \u00e9s elfogadhat\u00f3 ez a megold\u00e1s, mint a teljes rendszercsere.<\/p><p><img fetchpriority=\"high\" decoding=\"async\" class=\"aligncenter\" src=\"https:\/\/www.app-arak.hu\/blog\/file\/2018\/04\/hogyan-keszul-a-mobil-alkalmazas-fejlesztes-elso-resz.jpg\" alt=\"ipari alkalmaz\u00e1sfejleszt\u00e9s\" width=\"621\" height=\"348\" \/><\/p>\t\t\t\t\t\t\t\t<\/div>\n\t\t\t\t<\/div>\n\t\t\t\t\t<\/div>\n\t\t<\/div>\n\t\t\t\t\t<\/div>\n\t\t<\/section>\n\t\t\t\t<section class=\"elementor-section elementor-top-section elementor-element elementor-element-25658b9 elementor-section-boxed elementor-section-height-default elementor-section-height-default\" data-id=\"25658b9\" data-element_type=\"section\" data-e-type=\"section\" data-settings=\"{&quot;background_background&quot;:&quot;classic&quot;}\">\n\t\t\t\t\t\t<div class=\"elementor-container elementor-column-gap-default\">\n\t\t\t\t\t<div class=\"elementor-column elementor-col-100 elementor-top-column elementor-element elementor-element-f201bd1\" data-id=\"f201bd1\" data-element_type=\"column\" data-e-type=\"column\">\n\t\t\t<div class=\"elementor-widget-wrap elementor-element-populated\">\n\t\t\t\t\t\t<div class=\"elementor-element elementor-element-fc03b40 elementor-widget elementor-widget-text-editor\" data-id=\"fc03b40\" data-element_type=\"widget\" data-e-type=\"widget\" data-widget_type=\"text-editor.default\">\n\t\t\t\t<div class=\"elementor-widget-container\">\n\t\t\t\t\t\t\t\t\t<h3>Egyedi ipari alkalmaz\u00e1sfejleszt\u00e9sek<\/h3><p>Nagy gyakorlattal rendelkez\u00fcnk a SCADA rendszereinkre val\u00f3 fejleszt\u00e9sben. \u00c1ltal\u00e1ban Java, SQL, PHP, Python \u00e9s C# nyelven folynak a fejleszt\u00e9seink, \u00edgy partnereink\u00a0ilyenfajta ig\u00e9nyeiben is rendelkez\u00e9sre \u00e1llunk. Saj\u00e1t rendszereink k\u00f6nnyebb el\u00e9rhet\u0151s\u00e9ge miatt, mobilapplik\u00e1ci\u00f3t is k\u00e9sz\u00edtett\u00fcnk, hogy partnereink, minden dolgoz\u00f3 sz\u00e1m\u00e1ra biztos\u00edthass\u00e1k a fejleszt\u00e9seket. Az alkalmaz\u00e1sfejleszt\u00e9s sz\u00e1munkra az egyszer\u0171s\u00e9g \u00e9s a strukt\u00far\u00e1lhat\u00f3s\u00e1g elve alapj\u00e1n m\u0171k\u00f6dik. Ismerj\u00fck az ipari k\u00f6r\u00fclm\u00e9nyeket, ez\u00e9rt az applik\u00e1ci\u00f3k minden dolgoz\u00f3i szint sz\u00e1m\u00e1ra csak a sz\u00fcks\u00e9ges beavatkoz\u00e1st \u00e9s inform\u00e1ci\u00f3t teszi lehet\u0151v\u00e9.<\/p><h3>Integr\u00e1ci\u00f3k<img decoding=\"async\" class=\"alignright\" src=\"https:\/\/www.app-arak.hu\/images\/revolution-icons\/2.png\" alt=\"ipari alkalmaz\u00e1sfejleszt\u00e9s mobil applik\u00e1ci\u00f3 \" width=\"145\" height=\"133\" \/><\/h3><p class=\"spacer--1\">Ma m\u00e1r szinte elk\u00e9pzelhetetlen, hogy egy web alkalmaz\u00e1s n\u00e9pszer\u0171 szolg\u00e1ltat\u00e1sok integr\u00e1ci\u00f3ja n\u00e9lk\u00fcl m\u0171k\u00f6dj\u00f6n. Fejleszt\u0151ink t\u00f6bbek k\u00f6z\u00f6tt sikerrel illesztettek be alkalmaz\u00e1sainkba IoT hardvereket, k\u00f6z\u00f6ss\u00e9gi platformokat, fizet\u00e9si\u00a0<span style=\"font-size: 1rem;\">rendszereket, <a href=\"http:\/\/www.sap.com\">SAP<\/a> \u00e9s t\u0151zsdei fel\u00fcleteket, f\u00f6ldrajzi szolg\u00e1ltat\u00e1sokat, e-mail marketing rendszereket \u00e9s \u00fczleti eszk\u00f6z\u00f6ket is. Sz\u00fcks\u00e9g eset\u00e9n saj\u00e1t API-kat is fejleszt\u00fcnk, amiket ak\u00e1r m\u00e1s applik\u00e1ci\u00f3k is ig\u00e9nybe vehetnek.<br \/><\/span><\/p><h3 class=\"spacer--1\">A c\u00e9gnek probl\u00e9ma, nek\u00fcnk feladat<\/h3><p>Rendszerintegr\u00e1tork\u00e9nt fontosnak tartjuk, hogy a megold\u00e1s amit az \u00fcgyfeleink r\u00e9sz\u00e9re \u00f6ssze\u00e1ll\u00edtunk az val\u00f3ban haszn\u00e1lhat\u00f3 legyen. An\u00e9lk\u00fcl a beruh\u00e1z\u00e1s nem \u00e9rte el c\u00e9lj\u00e1t, hi\u00e1ba lett k\u00e9sz az applik\u00e1ci\u00f3, hi\u00e1ba ismeri a c\u00e9g dolgoz\u00f3i g\u00e1rd\u00e1ja a rendszer eg\u00e9sz\u00e9t. Ez\u00e9rt a c\u00e9gek probl\u00e9m\u00e1ira a megold\u00e1sokat \u00fagy \u00e1ll\u00edtjuk \u00f6ssze, hogy a tervez\u00e9si folyamatba, bevonjuk a c\u00e9g vezet\u0151it a dolgoz\u00f3kat, hogy a v\u00e9gs\u0151 term\u00e9ket a v\u00e1llalat mag\u00e1\u00e9nak \u00e9rezze, \u00edgy nagy m\u00e9rt\u00e9kben megn\u0151 a felhaszn\u00e1lhat\u00f3s\u00e1ga.<\/p>\t\t\t\t\t\t\t\t<\/div>\n\t\t\t\t<\/div>\n\t\t\t\t\t<\/div>\n\t\t<\/div>\n\t\t\t\t\t<\/div>\n\t\t<\/section>\n\t\t\t\t<\/div>\n\t\t","protected":false},"excerpt":{"rendered":"<p>Ipari Alkalmaz\u00e1sfejleszt\u00e9s Ipari Alkalmaz\u00e1sfejleszt\u00e9s A biztons\u00e1gtechnik\u00e1ban \u00e9s az ipari automatiz\u00e1ci\u00f3ban is tal\u00e1lkozunk olyan helyzetekkel, amikor az ipari alkalmaz\u00e1sfejleszt\u00e9s egyedi megold\u00e1saira van sz\u00fcks\u00e9g. Ilyenkor a fejleszt\u0151csapatunk, megtervezi \u00e9s elk\u00e9sz\u00edti az \u00fcgyf\u00e9l ig\u00e9nyeinek megfelel\u0151 megold\u00e1st. Ilyen k\u00e9rd\u00e9sekben mindig fontos nek\u00fcnk, hogy a telep\u00edtett eszk\u00f6z\u00f6kkel \u00f6sszehangolt alkalmaz\u00e1s fejleszt\u00e9seket k\u00e9sz\u00edts\u00fcnk, \u00edgy tudjuk garant\u00e1lni, hogy a rendszerek m\u0171k\u0151d\u0151k\u00e9pesek \u00e9s hibamentesek &hellip; <a href=\"https:\/\/senit.hu\/?page_id=124\" class=\"more-link\"><span class=\"screen-reader-text\">&#8222;Alkalmaz\u00e1sfejleszt\u00e9s&#8221;<\/span> b\u0151vebben<\/a><\/p>\n","protected":false},"author":3,"featured_media":0,"parent":0,"menu_order":0,"comment_status":"closed","ping_status":"closed","template":"elementor_canvas","meta":{"_monsterinsights_skip_tracking":false,"_monsterinsights_sitenote_active":false,"_monsterinsights_sitenote_note":"","_monsterinsights_sitenote_category":0,"footnotes":""},"class_list":["post-124","page","type-page","status-publish","hentry"],"yoast_head":"<!-- This site is optimized with the Yoast SEO plugin v27.4 - https:\/\/yoast.com\/product\/yoast-seo-wordpress\/ -->\n<title>Ipari Alkalmaz\u00e1sfejleszt\u00e9s \u00e9s Megold\u00e1sok - Senit - iT, oT, IoT<\/title>\n<meta name=\"description\" content=\"Ipari ter\u00fcleten az alkalmaz\u00e1sfejleszt\u00e9s nagyon magas potenci\u00e1lt jelent a t\u00e9nyleges fejl\u0151d\u00e9sben, olyan hasznos automatiz\u00e1ci\u00f3s megold\u00e1sok\" \/>\n<meta name=\"robots\" content=\"index, follow, max-snippet:-1, max-image-preview:large, max-video-preview:-1\" \/>\n<link rel=\"canonical\" href=\"https:\/\/senit.hu\/?page_id=124\" \/>\n<meta property=\"og:locale\" content=\"hu_HU\" \/>\n<meta property=\"og:type\" content=\"article\" \/>\n<meta property=\"og:title\" content=\"Ipari Alkalmaz\u00e1sfejleszt\u00e9s \u00e9s Megold\u00e1sok - Senit - iT, oT, IoT\" \/>\n<meta property=\"og:description\" content=\"Ipari ter\u00fcleten az alkalmaz\u00e1sfejleszt\u00e9s nagyon magas potenci\u00e1lt jelent a t\u00e9nyleges fejl\u0151d\u00e9sben, olyan hasznos automatiz\u00e1ci\u00f3s megold\u00e1sok\" \/>\n<meta property=\"og:url\" content=\"https:\/\/senit.hu\/?page_id=124\" \/>\n<meta property=\"og:site_name\" content=\"Senit - iT, oT, IoT\" \/>\n<meta property=\"article:modified_time\" content=\"2022-07-15T14:28:54+00:00\" \/>\n<meta property=\"og:image\" content=\"https:\/\/www.app-arak.hu\/blog\/file\/2018\/04\/hogyan-keszul-a-mobil-alkalmazas-fejlesztes-elso-resz.jpg\" \/>\n<meta name=\"twitter:card\" content=\"summary_large_image\" \/>\n<meta name=\"twitter:label1\" content=\"Becs\u00fclt olvas\u00e1si id\u0151\" \/>\n\t<meta name=\"twitter:data1\" content=\"3 perc\" \/>\n<script type=\"application\/ld+json\" class=\"yoast-schema-graph\">{\"@context\":\"https:\\\/\\\/schema.org\",\"@graph\":[{\"@type\":\"WebPage\",\"@id\":\"https:\\\/\\\/senit.hu\\\/?page_id=124\",\"url\":\"https:\\\/\\\/senit.hu\\\/?page_id=124\",\"name\":\"Ipari Alkalmaz\u00e1sfejleszt\u00e9s \u00e9s Megold\u00e1sok - Senit - iT, oT, IoT\",\"isPartOf\":{\"@id\":\"https:\\\/\\\/senit.hu\\\/#website\"},\"primaryImageOfPage\":{\"@id\":\"https:\\\/\\\/senit.hu\\\/?page_id=124#primaryimage\"},\"image\":{\"@id\":\"https:\\\/\\\/senit.hu\\\/?page_id=124#primaryimage\"},\"thumbnailUrl\":\"https:\\\/\\\/www.app-arak.hu\\\/blog\\\/file\\\/2018\\\/04\\\/hogyan-keszul-a-mobil-alkalmazas-fejlesztes-elso-resz.jpg\",\"datePublished\":\"2020-06-13T05:34:51+00:00\",\"dateModified\":\"2022-07-15T14:28:54+00:00\",\"description\":\"Ipari ter\u00fcleten az alkalmaz\u00e1sfejleszt\u00e9s nagyon magas potenci\u00e1lt jelent a t\u00e9nyleges fejl\u0151d\u00e9sben, olyan hasznos automatiz\u00e1ci\u00f3s megold\u00e1sok\",\"breadcrumb\":{\"@id\":\"https:\\\/\\\/senit.hu\\\/?page_id=124#breadcrumb\"},\"inLanguage\":\"hu\",\"potentialAction\":[{\"@type\":\"ReadAction\",\"target\":[\"https:\\\/\\\/senit.hu\\\/?page_id=124\"]}]},{\"@type\":\"ImageObject\",\"inLanguage\":\"hu\",\"@id\":\"https:\\\/\\\/senit.hu\\\/?page_id=124#primaryimage\",\"url\":\"https:\\\/\\\/www.app-arak.hu\\\/blog\\\/file\\\/2018\\\/04\\\/hogyan-keszul-a-mobil-alkalmazas-fejlesztes-elso-resz.jpg\",\"contentUrl\":\"https:\\\/\\\/www.app-arak.hu\\\/blog\\\/file\\\/2018\\\/04\\\/hogyan-keszul-a-mobil-alkalmazas-fejlesztes-elso-resz.jpg\"},{\"@type\":\"BreadcrumbList\",\"@id\":\"https:\\\/\\\/senit.hu\\\/?page_id=124#breadcrumb\",\"itemListElement\":[{\"@type\":\"ListItem\",\"position\":1,\"name\":\"Kezd\u0151lap\",\"item\":\"https:\\\/\\\/senit.hu\\\/\"},{\"@type\":\"ListItem\",\"position\":2,\"name\":\"Alkalmaz\u00e1sfejleszt\u00e9s\"}]},{\"@type\":\"WebSite\",\"@id\":\"https:\\\/\\\/senit.hu\\\/#website\",\"url\":\"https:\\\/\\\/senit.hu\\\/\",\"name\":\"Senit - iT, oT, IoT\",\"description\":\"Senit Kft. - iT, oT, IoT\",\"publisher\":{\"@id\":\"https:\\\/\\\/senit.hu\\\/#organization\"},\"potentialAction\":[{\"@type\":\"SearchAction\",\"target\":{\"@type\":\"EntryPoint\",\"urlTemplate\":\"https:\\\/\\\/senit.hu\\\/?s={search_term_string}\"},\"query-input\":{\"@type\":\"PropertyValueSpecification\",\"valueRequired\":true,\"valueName\":\"search_term_string\"}}],\"inLanguage\":\"hu\"},{\"@type\":\"Organization\",\"@id\":\"https:\\\/\\\/senit.hu\\\/#organization\",\"name\":\"Senit - iT, oT, IoT\",\"url\":\"https:\\\/\\\/senit.hu\\\/\",\"logo\":{\"@type\":\"ImageObject\",\"inLanguage\":\"hu\",\"@id\":\"https:\\\/\\\/senit.hu\\\/#\\\/schema\\\/logo\\\/image\\\/\",\"url\":\"https:\\\/\\\/senit.hu\\\/wp-content\\\/uploads\\\/2020\\\/06\\\/cropped-cropped-senit_logo-masolat.png\",\"contentUrl\":\"https:\\\/\\\/senit.hu\\\/wp-content\\\/uploads\\\/2020\\\/06\\\/cropped-cropped-senit_logo-masolat.png\",\"width\":240,\"height\":240,\"caption\":\"Senit - iT, oT, IoT\"},\"image\":{\"@id\":\"https:\\\/\\\/senit.hu\\\/#\\\/schema\\\/logo\\\/image\\\/\"}}]}<\/script>\n<!-- \/ Yoast SEO plugin. -->","yoast_head_json":{"title":"Ipari Alkalmaz\u00e1sfejleszt\u00e9s \u00e9s Megold\u00e1sok - Senit - iT, oT, IoT","description":"Ipari ter\u00fcleten az alkalmaz\u00e1sfejleszt\u00e9s nagyon magas potenci\u00e1lt jelent a t\u00e9nyleges fejl\u0151d\u00e9sben, olyan hasznos automatiz\u00e1ci\u00f3s megold\u00e1sok","robots":{"index":"index","follow":"follow","max-snippet":"max-snippet:-1","max-image-preview":"max-image-preview:large","max-video-preview":"max-video-preview:-1"},"canonical":"https:\/\/senit.hu\/?page_id=124","og_locale":"hu_HU","og_type":"article","og_title":"Ipari Alkalmaz\u00e1sfejleszt\u00e9s \u00e9s Megold\u00e1sok - Senit - iT, oT, IoT","og_description":"Ipari ter\u00fcleten az alkalmaz\u00e1sfejleszt\u00e9s nagyon magas potenci\u00e1lt jelent a t\u00e9nyleges fejl\u0151d\u00e9sben, olyan hasznos automatiz\u00e1ci\u00f3s megold\u00e1sok","og_url":"https:\/\/senit.hu\/?page_id=124","og_site_name":"Senit - iT, oT, IoT","article_modified_time":"2022-07-15T14:28:54+00:00","og_image":[{"url":"https:\/\/www.app-arak.hu\/blog\/file\/2018\/04\/hogyan-keszul-a-mobil-alkalmazas-fejlesztes-elso-resz.jpg","type":"","width":"","height":""}],"twitter_card":"summary_large_image","twitter_misc":{"Becs\u00fclt olvas\u00e1si id\u0151":"3 perc"},"schema":{"@context":"https:\/\/schema.org","@graph":[{"@type":"WebPage","@id":"https:\/\/senit.hu\/?page_id=124","url":"https:\/\/senit.hu\/?page_id=124","name":"Ipari Alkalmaz\u00e1sfejleszt\u00e9s \u00e9s Megold\u00e1sok - Senit - iT, oT, IoT","isPartOf":{"@id":"https:\/\/senit.hu\/#website"},"primaryImageOfPage":{"@id":"https:\/\/senit.hu\/?page_id=124#primaryimage"},"image":{"@id":"https:\/\/senit.hu\/?page_id=124#primaryimage"},"thumbnailUrl":"https:\/\/www.app-arak.hu\/blog\/file\/2018\/04\/hogyan-keszul-a-mobil-alkalmazas-fejlesztes-elso-resz.jpg","datePublished":"2020-06-13T05:34:51+00:00","dateModified":"2022-07-15T14:28:54+00:00","description":"Ipari ter\u00fcleten az alkalmaz\u00e1sfejleszt\u00e9s nagyon magas potenci\u00e1lt jelent a t\u00e9nyleges fejl\u0151d\u00e9sben, olyan hasznos automatiz\u00e1ci\u00f3s megold\u00e1sok","breadcrumb":{"@id":"https:\/\/senit.hu\/?page_id=124#breadcrumb"},"inLanguage":"hu","potentialAction":[{"@type":"ReadAction","target":["https:\/\/senit.hu\/?page_id=124"]}]},{"@type":"ImageObject","inLanguage":"hu","@id":"https:\/\/senit.hu\/?page_id=124#primaryimage","url":"https:\/\/www.app-arak.hu\/blog\/file\/2018\/04\/hogyan-keszul-a-mobil-alkalmazas-fejlesztes-elso-resz.jpg","contentUrl":"https:\/\/www.app-arak.hu\/blog\/file\/2018\/04\/hogyan-keszul-a-mobil-alkalmazas-fejlesztes-elso-resz.jpg"},{"@type":"BreadcrumbList","@id":"https:\/\/senit.hu\/?page_id=124#breadcrumb","itemListElement":[{"@type":"ListItem","position":1,"name":"Kezd\u0151lap","item":"https:\/\/senit.hu\/"},{"@type":"ListItem","position":2,"name":"Alkalmaz\u00e1sfejleszt\u00e9s"}]},{"@type":"WebSite","@id":"https:\/\/senit.hu\/#website","url":"https:\/\/senit.hu\/","name":"Senit - iT, oT, IoT","description":"Senit Kft. - iT, oT, IoT","publisher":{"@id":"https:\/\/senit.hu\/#organization"},"potentialAction":[{"@type":"SearchAction","target":{"@type":"EntryPoint","urlTemplate":"https:\/\/senit.hu\/?s={search_term_string}"},"query-input":{"@type":"PropertyValueSpecification","valueRequired":true,"valueName":"search_term_string"}}],"inLanguage":"hu"},{"@type":"Organization","@id":"https:\/\/senit.hu\/#organization","name":"Senit - iT, oT, IoT","url":"https:\/\/senit.hu\/","logo":{"@type":"ImageObject","inLanguage":"hu","@id":"https:\/\/senit.hu\/#\/schema\/logo\/image\/","url":"https:\/\/senit.hu\/wp-content\/uploads\/2020\/06\/cropped-cropped-senit_logo-masolat.png","contentUrl":"https:\/\/senit.hu\/wp-content\/uploads\/2020\/06\/cropped-cropped-senit_logo-masolat.png","width":240,"height":240,"caption":"Senit - iT, oT, IoT"},"image":{"@id":"https:\/\/senit.hu\/#\/schema\/logo\/image\/"}}]}},"_links":{"self":[{"href":"https:\/\/senit.hu\/index.php?rest_route=\/wp\/v2\/pages\/124","targetHints":{"allow":["GET"]}}],"collection":[{"href":"https:\/\/senit.hu\/index.php?rest_route=\/wp\/v2\/pages"}],"about":[{"href":"https:\/\/senit.hu\/index.php?rest_route=\/wp\/v2\/types\/page"}],"author":[{"embeddable":true,"href":"https:\/\/senit.hu\/index.php?rest_route=\/wp\/v2\/users\/3"}],"replies":[{"embeddable":true,"href":"https:\/\/senit.hu\/index.php?rest_route=%2Fwp%2Fv2%2Fcomments&post=124"}],"version-history":[{"count":35,"href":"https:\/\/senit.hu\/index.php?rest_route=\/wp\/v2\/pages\/124\/revisions"}],"predecessor-version":[{"id":897,"href":"https:\/\/senit.hu\/index.php?rest_route=\/wp\/v2\/pages\/124\/revisions\/897"}],"wp:attachment":[{"href":"https:\/\/senit.hu\/index.php?rest_route=%2Fwp%2Fv2%2Fmedia&parent=124"}],"curies":[{"name":"wp","href":"https:\/\/api.w.org\/{rel}","templated":true}]}}