{"id":126,"date":"2020-06-13T05:35:18","date_gmt":"2020-06-13T05:35:18","guid":{"rendered":"https:\/\/senit.hu\/?page_id=126"},"modified":"2022-07-15T13:57:09","modified_gmt":"2022-07-15T13:57:09","slug":"iranyitastechnika","status":"publish","type":"page","link":"https:\/\/senit.hu\/?page_id=126","title":{"rendered":"Ir\u00e1ny\u00edt\u00e1stechnika"},"content":{"rendered":"\t\t<div data-elementor-type=\"wp-page\" data-elementor-id=\"126\" class=\"elementor elementor-126\">\n\t\t\t\t\t\t<section class=\"elementor-section elementor-top-section elementor-element elementor-element-1f86649 elementor-section-stretched elementor-section-full_width elementor-section-height-min-height elementor-section-height-default elementor-section-items-middle\" data-id=\"1f86649\" data-element_type=\"section\" data-e-type=\"section\" data-settings=\"{&quot;stretch_section&quot;:&quot;section-stretched&quot;,&quot;background_background&quot;:&quot;classic&quot;}\">\n\t\t\t\t\t\t\t<div class=\"elementor-background-overlay\"><\/div>\n\t\t\t\t\t\t\t<div class=\"elementor-container elementor-column-gap-default\">\n\t\t\t\t\t<div class=\"elementor-column elementor-col-100 elementor-top-column elementor-element elementor-element-5da4dbb\" data-id=\"5da4dbb\" data-element_type=\"column\" data-e-type=\"column\">\n\t\t\t<div class=\"elementor-widget-wrap elementor-element-populated\">\n\t\t\t\t\t\t<div class=\"elementor-element elementor-element-6c630fc elementor-widget elementor-widget-heading\" data-id=\"6c630fc\" data-element_type=\"widget\" data-e-type=\"widget\" data-widget_type=\"heading.default\">\n\t\t\t\t<div class=\"elementor-widget-container\">\n\t\t\t\t\t<h2 class=\"elementor-heading-title elementor-size-default\">ir\u00e1ny\u00edt\u00e1stechnika<\/h2>\t\t\t\t<\/div>\n\t\t\t\t<\/div>\n\t\t\t\t\t<\/div>\n\t\t<\/div>\n\t\t\t\t\t<\/div>\n\t\t<\/section>\n\t\t\t\t<section class=\"elementor-section elementor-top-section elementor-element elementor-element-1a9c362 elementor-section-boxed elementor-section-height-default elementor-section-height-default\" data-id=\"1a9c362\" data-element_type=\"section\" data-e-type=\"section\" data-settings=\"{&quot;background_background&quot;:&quot;classic&quot;}\">\n\t\t\t\t\t\t<div class=\"elementor-container elementor-column-gap-default\">\n\t\t\t\t\t<div class=\"elementor-column elementor-col-100 elementor-top-column elementor-element elementor-element-75ddb21\" data-id=\"75ddb21\" data-element_type=\"column\" data-e-type=\"column\">\n\t\t\t<div class=\"elementor-widget-wrap elementor-element-populated\">\n\t\t\t\t\t\t<div class=\"elementor-element elementor-element-959d920 elementor-widget elementor-widget-text-editor\" data-id=\"959d920\" data-element_type=\"widget\" data-e-type=\"widget\" data-widget_type=\"text-editor.default\">\n\t\t\t\t<div class=\"elementor-widget-container\">\n\t\t\t\t\t\t\t\t\t<div class=\"page\" title=\"Page 12\"><div class=\"layoutArea\"><div class=\"column\"><h3>E\u0301rze\u0301kelo\u030bk e\u0301s jeltova\u0301bbi\u0301to\u0301k<\/h3><p>Szenzorok gyakorlatilag minden teru\u0308letre le\u0301teznek, azonban az adott feladatra e\u0301s ko\u0308ru\u0308lme\u0301nyre megfelelo\u030b kiva\u0301laszta\u0301sa komoly rutint ige\u0301nyel. Fo\u030bke\u0301nt az e\u0301pu\u0308let felu\u0308gyeleti e\u0301s a gya\u0301rta\u0301si, ta\u0301rola\u0301si ko\u0308ru\u0308lme\u0301nyek me\u0301re\u0301si feladatai kapcsa\u0301n telepi\u0301tju\u0308k ezeket, legyen szo\u0301 to\u0308bbek ko\u0308zo\u0308tt ho\u030bme\u0301rse\u0301klet, pa\u0301ratartalom, ga\u0301ze\u0301rze\u0301kele\u0301s, a\u0301ramfelve\u0301tel me\u0301re\u0301se vagy folyade\u0301kszintjelze\u0301sro\u030bl. U\u0301j e\u0301rze\u0301kelo\u030b\u00a0ha\u0301lo\u0301zatok kialaki\u0301ta\u0301sa\u0301val e\u0301s megle\u0301vo\u030b szenzorok integra\u0301cio\u0301ja\u0301val is foglalkozunk.<\/p><h3>Komplex felu\u0308gyeleti szoftver megolda\u0301sok<\/h3><p>A me\u0301re\u0301si adatok megjeleni\u0301te\u0301se a legalapveto\u030bbb, me\u0301gis az egyik lego\u0308sszetettebb feladat.<img fetchpriority=\"high\" decoding=\"async\" class=\"alignright\" src=\"http:\/\/automatika.hu\/wp-content\/uploads\/2018\/10\/oil_2.png\" width=\"395\" height=\"223\" \/><br \/>Ce\u0301gu\u0308nk ko\u0308zo\u0308sen fejleszt az egyik legnagyobb SCADA szoftver specialista\u0301ja\u0301val, akik segi\u0301tse\u0301ge\u0301vel<br \/>az OkosOtthon rendszerekto\u030bl ege\u0301szen a lego\u0308sszetettebb ipari veze\u0301rlo\u030b rendszerig ba\u0301rmilyen feladatot meg tudunk oldani, teljes me\u0301rte\u0301kben a megrendelo\u030bi ige\u0301nyekre szabva, aka\u0301r a grafikus megjelene\u0301s, aka\u0301r az adatmonitoring megolda\u0301sok tekintete\u0301ben.<\/p><h3>Kimenetek veze\u0301rle\u0301se<\/h3><p>Az e\u0301szlele\u0301s e\u0301s riaszta\u0301s uta\u0301n a kontroll ko\u0308vetkezo\u030b szintje a beavatkoza\u0301s. A me\u0301re\u0301s adatok e\u0301rte\u0301kele\u0301se alapja\u0301n helyi e\u0301s ta\u0301voli I\/O kimeneteket is tudunk kalibra\u0301lni, ezek segi\u0301tse\u0301ge\u0301vel pedig rele\u0301 veze\u0301rle\u0301seket megvalo\u0301si\u0301tani. Az egyszeru\u030b a\u0301ramko\u0308ri (ki\/be) veze\u0301rle\u0301sek mellett o\u0308sszetettebb szaba\u0301lyzo\u0301k veze\u0301lre\u0301se is megvalo\u0301si\u0301thato\u0301, pe\u0301lda\u0301ul szelepek, dimmelheto\u030b a\u0301ramko\u0308ro\u0308k, de aka\u0301r megle\u0301vo\u030b PLC-khez is kapcsolo\u0301dhatunk.<\/p><\/div><\/div><\/div>\t\t\t\t\t\t\t\t<\/div>\n\t\t\t\t<\/div>\n\t\t\t\t\t<\/div>\n\t\t<\/div>\n\t\t\t\t\t<\/div>\n\t\t<\/section>\n\t\t\t\t<\/div>\n\t\t","protected":false},"excerpt":{"rendered":"<p>ir\u00e1ny\u00edt\u00e1stechnika E\u0301rze\u0301kelo\u030bk e\u0301s jeltova\u0301bbi\u0301to\u0301k Szenzorok gyakorlatilag minden teru\u0308letre le\u0301teznek, azonban az adott feladatra e\u0301s ko\u0308ru\u0308lme\u0301nyre megfelelo\u030b kiva\u0301laszta\u0301sa komoly rutint ige\u0301nyel. Fo\u030bke\u0301nt az e\u0301pu\u0308let felu\u0308gyeleti e\u0301s a gya\u0301rta\u0301si, ta\u0301rola\u0301si ko\u0308ru\u0308lme\u0301nyek me\u0301re\u0301si feladatai kapcsa\u0301n telepi\u0301tju\u0308k ezeket, legyen szo\u0301 to\u0308bbek ko\u0308zo\u0308tt ho\u030bme\u0301rse\u0301klet, pa\u0301ratartalom, ga\u0301ze\u0301rze\u0301kele\u0301s, a\u0301ramfelve\u0301tel me\u0301re\u0301se vagy folyade\u0301kszintjelze\u0301sro\u030bl. U\u0301j e\u0301rze\u0301kelo\u030b\u00a0ha\u0301lo\u0301zatok kialaki\u0301ta\u0301sa\u0301val e\u0301s megle\u0301vo\u030b szenzorok integra\u0301cio\u0301ja\u0301val is foglalkozunk. Komplex &hellip; <a href=\"https:\/\/senit.hu\/?page_id=126\" class=\"more-link\"><span class=\"screen-reader-text\">&#8222;Ir\u00e1ny\u00edt\u00e1stechnika&#8221;<\/span> b\u0151vebben<\/a><\/p>\n","protected":false},"author":3,"featured_media":0,"parent":0,"menu_order":0,"comment_status":"closed","ping_status":"closed","template":"elementor_canvas","meta":{"_monsterinsights_skip_tracking":false,"_monsterinsights_sitenote_active":false,"_monsterinsights_sitenote_note":"","_monsterinsights_sitenote_category":0,"footnotes":""},"class_list":["post-126","page","type-page","status-publish","hentry"],"yoast_head":"<!-- This site is optimized with the Yoast SEO plugin v27.5 - https:\/\/yoast.com\/product\/yoast-seo-wordpress\/ -->\n<title>Ir\u00e1ny\u00edt\u00e1stechnika - Senit - iT, oT, IoT<\/title>\n<meta name=\"robots\" content=\"index, follow, max-snippet:-1, max-image-preview:large, max-video-preview:-1\" \/>\n<link rel=\"canonical\" href=\"https:\/\/senit.hu\/?page_id=126\" \/>\n<meta property=\"og:locale\" content=\"hu_HU\" \/>\n<meta property=\"og:type\" content=\"article\" \/>\n<meta property=\"og:title\" content=\"Ir\u00e1ny\u00edt\u00e1stechnika - Senit - iT, oT, IoT\" \/>\n<meta property=\"og:description\" content=\"ir\u00e1ny\u00edt\u00e1stechnika E\u0301rze\u0301kelo\u030bk e\u0301s jeltova\u0301bbi\u0301to\u0301k Szenzorok gyakorlatilag minden teru\u0308letre le\u0301teznek, azonban az adott feladatra e\u0301s ko\u0308ru\u0308lme\u0301nyre megfelelo\u030b kiva\u0301laszta\u0301sa komoly rutint ige\u0301nyel. Fo\u030bke\u0301nt az e\u0301pu\u0308let felu\u0308gyeleti e\u0301s a gya\u0301rta\u0301si, ta\u0301rola\u0301si ko\u0308ru\u0308lme\u0301nyek me\u0301re\u0301si feladatai kapcsa\u0301n telepi\u0301tju\u0308k ezeket, legyen szo\u0301 to\u0308bbek ko\u0308zo\u0308tt ho\u030bme\u0301rse\u0301klet, pa\u0301ratartalom, ga\u0301ze\u0301rze\u0301kele\u0301s, a\u0301ramfelve\u0301tel me\u0301re\u0301se vagy folyade\u0301kszintjelze\u0301sro\u030bl. U\u0301j e\u0301rze\u0301kelo\u030b\u00a0ha\u0301lo\u0301zatok kialaki\u0301ta\u0301sa\u0301val e\u0301s megle\u0301vo\u030b szenzorok integra\u0301cio\u0301ja\u0301val is foglalkozunk. Komplex &hellip; &quot;Ir\u00e1ny\u00edt\u00e1stechnika&quot; b\u0151vebben\" \/>\n<meta property=\"og:url\" content=\"https:\/\/senit.hu\/?page_id=126\" \/>\n<meta property=\"og:site_name\" content=\"Senit - iT, oT, IoT\" \/>\n<meta property=\"article:modified_time\" content=\"2022-07-15T13:57:09+00:00\" \/>\n<meta property=\"og:image\" content=\"http:\/\/automatika.hu\/wp-content\/uploads\/2018\/10\/oil_2.png\" \/>\n<meta name=\"twitter:card\" content=\"summary_large_image\" \/>\n<meta name=\"twitter:label1\" content=\"Becs\u00fclt olvas\u00e1si id\u0151\" \/>\n\t<meta name=\"twitter:data1\" content=\"2 perc\" \/>\n<script type=\"application\/ld+json\" class=\"yoast-schema-graph\">{\"@context\":\"https:\\\/\\\/schema.org\",\"@graph\":[{\"@type\":\"WebPage\",\"@id\":\"https:\\\/\\\/senit.hu\\\/?page_id=126\",\"url\":\"https:\\\/\\\/senit.hu\\\/?page_id=126\",\"name\":\"Ir\u00e1ny\u00edt\u00e1stechnika - Senit - iT, oT, IoT\",\"isPartOf\":{\"@id\":\"https:\\\/\\\/senit.hu\\\/#website\"},\"primaryImageOfPage\":{\"@id\":\"https:\\\/\\\/senit.hu\\\/?page_id=126#primaryimage\"},\"image\":{\"@id\":\"https:\\\/\\\/senit.hu\\\/?page_id=126#primaryimage\"},\"thumbnailUrl\":\"http:\\\/\\\/automatika.hu\\\/wp-content\\\/uploads\\\/2018\\\/10\\\/oil_2.png\",\"datePublished\":\"2020-06-13T05:35:18+00:00\",\"dateModified\":\"2022-07-15T13:57:09+00:00\",\"breadcrumb\":{\"@id\":\"https:\\\/\\\/senit.hu\\\/?page_id=126#breadcrumb\"},\"inLanguage\":\"hu\",\"potentialAction\":[{\"@type\":\"ReadAction\",\"target\":[\"https:\\\/\\\/senit.hu\\\/?page_id=126\"]}]},{\"@type\":\"ImageObject\",\"inLanguage\":\"hu\",\"@id\":\"https:\\\/\\\/senit.hu\\\/?page_id=126#primaryimage\",\"url\":\"http:\\\/\\\/automatika.hu\\\/wp-content\\\/uploads\\\/2018\\\/10\\\/oil_2.png\",\"contentUrl\":\"http:\\\/\\\/automatika.hu\\\/wp-content\\\/uploads\\\/2018\\\/10\\\/oil_2.png\"},{\"@type\":\"BreadcrumbList\",\"@id\":\"https:\\\/\\\/senit.hu\\\/?page_id=126#breadcrumb\",\"itemListElement\":[{\"@type\":\"ListItem\",\"position\":1,\"name\":\"Kezd\u0151lap\",\"item\":\"https:\\\/\\\/senit.hu\\\/\"},{\"@type\":\"ListItem\",\"position\":2,\"name\":\"Ir\u00e1ny\u00edt\u00e1stechnika\"}]},{\"@type\":\"WebSite\",\"@id\":\"https:\\\/\\\/senit.hu\\\/#website\",\"url\":\"https:\\\/\\\/senit.hu\\\/\",\"name\":\"Senit - iT, oT, IoT\",\"description\":\"Senit Kft. - iT, oT, IoT\",\"publisher\":{\"@id\":\"https:\\\/\\\/senit.hu\\\/#organization\"},\"potentialAction\":[{\"@type\":\"SearchAction\",\"target\":{\"@type\":\"EntryPoint\",\"urlTemplate\":\"https:\\\/\\\/senit.hu\\\/?s={search_term_string}\"},\"query-input\":{\"@type\":\"PropertyValueSpecification\",\"valueRequired\":true,\"valueName\":\"search_term_string\"}}],\"inLanguage\":\"hu\"},{\"@type\":\"Organization\",\"@id\":\"https:\\\/\\\/senit.hu\\\/#organization\",\"name\":\"Senit - iT, oT, IoT\",\"url\":\"https:\\\/\\\/senit.hu\\\/\",\"logo\":{\"@type\":\"ImageObject\",\"inLanguage\":\"hu\",\"@id\":\"https:\\\/\\\/senit.hu\\\/#\\\/schema\\\/logo\\\/image\\\/\",\"url\":\"https:\\\/\\\/senit.hu\\\/wp-content\\\/uploads\\\/2020\\\/06\\\/cropped-cropped-senit_logo-masolat.png\",\"contentUrl\":\"https:\\\/\\\/senit.hu\\\/wp-content\\\/uploads\\\/2020\\\/06\\\/cropped-cropped-senit_logo-masolat.png\",\"width\":240,\"height\":240,\"caption\":\"Senit - iT, oT, IoT\"},\"image\":{\"@id\":\"https:\\\/\\\/senit.hu\\\/#\\\/schema\\\/logo\\\/image\\\/\"}}]}<\/script>\n<!-- \/ Yoast SEO plugin. -->","yoast_head_json":{"title":"Ir\u00e1ny\u00edt\u00e1stechnika - Senit - iT, oT, IoT","robots":{"index":"index","follow":"follow","max-snippet":"max-snippet:-1","max-image-preview":"max-image-preview:large","max-video-preview":"max-video-preview:-1"},"canonical":"https:\/\/senit.hu\/?page_id=126","og_locale":"hu_HU","og_type":"article","og_title":"Ir\u00e1ny\u00edt\u00e1stechnika - Senit - iT, oT, IoT","og_description":"ir\u00e1ny\u00edt\u00e1stechnika E\u0301rze\u0301kelo\u030bk e\u0301s jeltova\u0301bbi\u0301to\u0301k Szenzorok gyakorlatilag minden teru\u0308letre le\u0301teznek, azonban az adott feladatra e\u0301s ko\u0308ru\u0308lme\u0301nyre megfelelo\u030b kiva\u0301laszta\u0301sa komoly rutint ige\u0301nyel. Fo\u030bke\u0301nt az e\u0301pu\u0308let felu\u0308gyeleti e\u0301s a gya\u0301rta\u0301si, ta\u0301rola\u0301si ko\u0308ru\u0308lme\u0301nyek me\u0301re\u0301si feladatai kapcsa\u0301n telepi\u0301tju\u0308k ezeket, legyen szo\u0301 to\u0308bbek ko\u0308zo\u0308tt ho\u030bme\u0301rse\u0301klet, pa\u0301ratartalom, ga\u0301ze\u0301rze\u0301kele\u0301s, a\u0301ramfelve\u0301tel me\u0301re\u0301se vagy folyade\u0301kszintjelze\u0301sro\u030bl. U\u0301j e\u0301rze\u0301kelo\u030b\u00a0ha\u0301lo\u0301zatok kialaki\u0301ta\u0301sa\u0301val e\u0301s megle\u0301vo\u030b szenzorok integra\u0301cio\u0301ja\u0301val is foglalkozunk. Komplex &hellip; \"Ir\u00e1ny\u00edt\u00e1stechnika\" b\u0151vebben","og_url":"https:\/\/senit.hu\/?page_id=126","og_site_name":"Senit - iT, oT, IoT","article_modified_time":"2022-07-15T13:57:09+00:00","og_image":[{"url":"http:\/\/automatika.hu\/wp-content\/uploads\/2018\/10\/oil_2.png","type":"","width":"","height":""}],"twitter_card":"summary_large_image","twitter_misc":{"Becs\u00fclt olvas\u00e1si id\u0151":"2 perc"},"schema":{"@context":"https:\/\/schema.org","@graph":[{"@type":"WebPage","@id":"https:\/\/senit.hu\/?page_id=126","url":"https:\/\/senit.hu\/?page_id=126","name":"Ir\u00e1ny\u00edt\u00e1stechnika - Senit - iT, oT, IoT","isPartOf":{"@id":"https:\/\/senit.hu\/#website"},"primaryImageOfPage":{"@id":"https:\/\/senit.hu\/?page_id=126#primaryimage"},"image":{"@id":"https:\/\/senit.hu\/?page_id=126#primaryimage"},"thumbnailUrl":"http:\/\/automatika.hu\/wp-content\/uploads\/2018\/10\/oil_2.png","datePublished":"2020-06-13T05:35:18+00:00","dateModified":"2022-07-15T13:57:09+00:00","breadcrumb":{"@id":"https:\/\/senit.hu\/?page_id=126#breadcrumb"},"inLanguage":"hu","potentialAction":[{"@type":"ReadAction","target":["https:\/\/senit.hu\/?page_id=126"]}]},{"@type":"ImageObject","inLanguage":"hu","@id":"https:\/\/senit.hu\/?page_id=126#primaryimage","url":"http:\/\/automatika.hu\/wp-content\/uploads\/2018\/10\/oil_2.png","contentUrl":"http:\/\/automatika.hu\/wp-content\/uploads\/2018\/10\/oil_2.png"},{"@type":"BreadcrumbList","@id":"https:\/\/senit.hu\/?page_id=126#breadcrumb","itemListElement":[{"@type":"ListItem","position":1,"name":"Kezd\u0151lap","item":"https:\/\/senit.hu\/"},{"@type":"ListItem","position":2,"name":"Ir\u00e1ny\u00edt\u00e1stechnika"}]},{"@type":"WebSite","@id":"https:\/\/senit.hu\/#website","url":"https:\/\/senit.hu\/","name":"Senit - iT, oT, IoT","description":"Senit Kft. - iT, oT, IoT","publisher":{"@id":"https:\/\/senit.hu\/#organization"},"potentialAction":[{"@type":"SearchAction","target":{"@type":"EntryPoint","urlTemplate":"https:\/\/senit.hu\/?s={search_term_string}"},"query-input":{"@type":"PropertyValueSpecification","valueRequired":true,"valueName":"search_term_string"}}],"inLanguage":"hu"},{"@type":"Organization","@id":"https:\/\/senit.hu\/#organization","name":"Senit - iT, oT, IoT","url":"https:\/\/senit.hu\/","logo":{"@type":"ImageObject","inLanguage":"hu","@id":"https:\/\/senit.hu\/#\/schema\/logo\/image\/","url":"https:\/\/senit.hu\/wp-content\/uploads\/2020\/06\/cropped-cropped-senit_logo-masolat.png","contentUrl":"https:\/\/senit.hu\/wp-content\/uploads\/2020\/06\/cropped-cropped-senit_logo-masolat.png","width":240,"height":240,"caption":"Senit - iT, oT, IoT"},"image":{"@id":"https:\/\/senit.hu\/#\/schema\/logo\/image\/"}}]}},"_links":{"self":[{"href":"https:\/\/senit.hu\/index.php?rest_route=\/wp\/v2\/pages\/126","targetHints":{"allow":["GET"]}}],"collection":[{"href":"https:\/\/senit.hu\/index.php?rest_route=\/wp\/v2\/pages"}],"about":[{"href":"https:\/\/senit.hu\/index.php?rest_route=\/wp\/v2\/types\/page"}],"author":[{"embeddable":true,"href":"https:\/\/senit.hu\/index.php?rest_route=\/wp\/v2\/users\/3"}],"replies":[{"embeddable":true,"href":"https:\/\/senit.hu\/index.php?rest_route=%2Fwp%2Fv2%2Fcomments&post=126"}],"version-history":[{"count":7,"href":"https:\/\/senit.hu\/index.php?rest_route=\/wp\/v2\/pages\/126\/revisions"}],"predecessor-version":[{"id":847,"href":"https:\/\/senit.hu\/index.php?rest_route=\/wp\/v2\/pages\/126\/revisions\/847"}],"wp:attachment":[{"href":"https:\/\/senit.hu\/index.php?rest_route=%2Fwp%2Fv2%2Fmedia&parent=126"}],"curies":[{"name":"wp","href":"https:\/\/api.w.org\/{rel}","templated":true}]}}