{"id":128,"date":"2020-06-13T05:35:42","date_gmt":"2020-06-13T05:35:42","guid":{"rendered":"https:\/\/senit.hu\/?page_id=128"},"modified":"2022-07-15T13:59:17","modified_gmt":"2022-07-15T13:59:17","slug":"meres-adatgyujtes","status":"publish","type":"page","link":"https:\/\/senit.hu\/?page_id=128","title":{"rendered":"M\u00e9r\u00e9s adatgy\u0171jt\u00e9s"},"content":{"rendered":"\t\t<div data-elementor-type=\"wp-page\" data-elementor-id=\"128\" class=\"elementor elementor-128\">\n\t\t\t\t\t\t<section class=\"elementor-section elementor-top-section elementor-element elementor-element-3b199fe elementor-section-stretched elementor-section-full_width elementor-section-height-min-height elementor-section-height-default elementor-section-items-middle\" data-id=\"3b199fe\" data-element_type=\"section\" data-e-type=\"section\" data-settings=\"{&quot;stretch_section&quot;:&quot;section-stretched&quot;,&quot;background_background&quot;:&quot;classic&quot;}\">\n\t\t\t\t\t\t\t<div class=\"elementor-background-overlay\"><\/div>\n\t\t\t\t\t\t\t<div class=\"elementor-container elementor-column-gap-default\">\n\t\t\t\t\t<div class=\"elementor-column elementor-col-100 elementor-top-column elementor-element elementor-element-33c0cf3\" data-id=\"33c0cf3\" data-element_type=\"column\" data-e-type=\"column\">\n\t\t\t<div class=\"elementor-widget-wrap elementor-element-populated\">\n\t\t\t\t\t\t<div class=\"elementor-element elementor-element-081c383 elementor-widget elementor-widget-heading\" data-id=\"081c383\" data-element_type=\"widget\" data-e-type=\"widget\" data-widget_type=\"heading.default\">\n\t\t\t\t<div class=\"elementor-widget-container\">\n\t\t\t\t\t<h2 class=\"elementor-heading-title elementor-size-default\">M\u00e9r\u00e9s adatgy\u0171jt\u00e9s<\/h2>\t\t\t\t<\/div>\n\t\t\t\t<\/div>\n\t\t\t\t\t<\/div>\n\t\t<\/div>\n\t\t\t\t\t<\/div>\n\t\t<\/section>\n\t\t\t\t<section class=\"elementor-section elementor-top-section elementor-element elementor-element-dbda77e elementor-section-boxed elementor-section-height-default elementor-section-height-default\" data-id=\"dbda77e\" data-element_type=\"section\" data-e-type=\"section\" data-settings=\"{&quot;background_background&quot;:&quot;classic&quot;}\">\n\t\t\t\t\t\t<div class=\"elementor-container elementor-column-gap-default\">\n\t\t\t\t\t<div class=\"elementor-column elementor-col-100 elementor-top-column elementor-element elementor-element-e8930e5\" data-id=\"e8930e5\" data-element_type=\"column\" data-e-type=\"column\">\n\t\t\t<div class=\"elementor-widget-wrap elementor-element-populated\">\n\t\t\t\t\t\t<div class=\"elementor-element elementor-element-145a883 elementor-widget elementor-widget-text-editor\" data-id=\"145a883\" data-element_type=\"widget\" data-e-type=\"widget\" data-widget_type=\"text-editor.default\">\n\t\t\t\t<div class=\"elementor-widget-container\">\n\t\t\t\t\t\t\t\t\t<h3>Az automatiz\u00e1l\u00e1s \u00e9s minden kontroll a m\u00e9r\u00e9sek alapj\u00e1n m\u0171k\u00f6dik<\/h3><p>A PASS a szabv\u00e1nyos kommunik\u00e1ci\u00f3s csatorn\u00e1kon kereszt\u00fcl lek\u00e9rdezi a m\u00e9rt param\u00e9tereket, diagramot mutat t\u00e1bl\u00e1zatos export lehet\u0151s\u00e9ggel, \u00e9s jelz\u00e9si lehet\u0151s\u00e9geket biztos\u00edt.\u00a0<\/p><div class=\"col-xs-12 col-md-6 content\"><h3>Egyedi szempontok, szem\u00e9lyre szabhat\u00f3s\u00e1g<img fetchpriority=\"high\" decoding=\"async\" class=\"alignleft\" src=\"http:\/\/automatika.hu\/wp-content\/uploads\/2018\/10\/energia_2.png\" width=\"389\" height=\"227\" \/><\/h3><p>A be\u00e9p\u00edtett sz\u00e1m\u00edt\u00e1si m\u0171veletek lehet\u0151s\u00e9get biztos\u00edtanak arra, hogy mindenki a sz\u00e1m\u00e1ra fontos param\u00e9tereket, termel\u00e9si mutat\u00f3kat vizsg\u00e1lhassa. Az adatok ki\u00e9rt\u00e9kel\u00e9s\u00e9nek szempontjai ak\u00e1r felhaszn\u00e1l\u00f3nk\u00e9nt v\u00e1ltozhatnak ugyanazon a rendszeren bel\u00fcl. A szem\u00e9lyre szabhat\u00f3, egyedi felt\u00e9telek szerint t\u00f6rt\u00e9n\u0151 be\u00e1ll\u00edt\u00e1s lehet\u0151s\u00e9get ad, hogy a rendszerrel dolgoz\u00f3 szakemberek \u00e9s a vezet\u0151s\u00e9g m\u00e1s sz\u0171r\u00e9si felt\u00e9teleket, kiemel\u00e9seket alkalmazzanak, \u00edgy mindenki a saj\u00e1t ter\u00fclet\u00e9nek megfelel\u0151 adatokkal tud dolgozni.<\/p><\/div><div class=\"col-xs-12 col-md-6 content\"><h3>A folyamatos m\u00e9r\u00e9sek seg\u00edtik a d\u00f6nt\u00e9shoz\u00f3kat<\/h3><p>A folyamatos\u00a0seg\u00edts\u00e9g\u00e9vel nem kell becsl\u00e9sekre hagyatkozni vagy kiragadott id\u0151pontokban vett mint\u00e1k alapj\u00e1n d\u00f6nt\u00e9seket hozni. A m\u00e9r\u00e9s megszak\u00edt\u00e1s n\u00e9lk\u00fcl t\u00f6rt\u00e9nik, \u00edgy a k\u00f6lts\u00e9ghat\u00e9konys\u00e1g vagy termel\u00e9kenys\u00e9g meg\u00edt\u00e9l\u00e9s\u00e9ben is megb\u00edzhat\u00f3, komplex r\u00e1l\u00e1t\u00e1st biztos\u00edt. Az adatgy\u0171jt\u00e9si id\u0151szak nyomtathat\u00f3 k\u00e9p, pdf vagy t\u00e1bl\u00e1zat form\u00e1tumban is. \u00cdgy az egyes id\u0151szakok \u00f6sszehasonl\u00edthat\u00f3k, az adatok f\u00e9ny\u00e9ben t\u00f6rt\u00e9n\u0151 d\u00f6nt\u00e9sek helyess\u00e9ge objekt\u00edven ellen\u0151rizhet\u0151, igazolhat\u00f3.<\/p><p>\u00a0<\/p><\/div>\t\t\t\t\t\t\t\t<\/div>\n\t\t\t\t<\/div>\n\t\t\t\t\t<\/div>\n\t\t<\/div>\n\t\t\t\t\t<\/div>\n\t\t<\/section>\n\t\t\t\t<\/div>\n\t\t","protected":false},"excerpt":{"rendered":"<p>M\u00e9r\u00e9s adatgy\u0171jt\u00e9s Az automatiz\u00e1l\u00e1s \u00e9s minden kontroll a m\u00e9r\u00e9sek alapj\u00e1n m\u0171k\u00f6dik A PASS a szabv\u00e1nyos kommunik\u00e1ci\u00f3s csatorn\u00e1kon kereszt\u00fcl lek\u00e9rdezi a m\u00e9rt param\u00e9tereket, diagramot mutat t\u00e1bl\u00e1zatos export lehet\u0151s\u00e9ggel, \u00e9s jelz\u00e9si lehet\u0151s\u00e9geket biztos\u00edt.\u00a0 Egyedi szempontok, szem\u00e9lyre szabhat\u00f3s\u00e1g A be\u00e9p\u00edtett sz\u00e1m\u00edt\u00e1si m\u0171veletek lehet\u0151s\u00e9get biztos\u00edtanak arra, hogy mindenki a sz\u00e1m\u00e1ra fontos param\u00e9tereket, termel\u00e9si mutat\u00f3kat vizsg\u00e1lhassa. Az adatok ki\u00e9rt\u00e9kel\u00e9s\u00e9nek szempontjai &hellip; <a href=\"https:\/\/senit.hu\/?page_id=128\" class=\"more-link\"><span class=\"screen-reader-text\">&#8222;M\u00e9r\u00e9s adatgy\u0171jt\u00e9s&#8221;<\/span> b\u0151vebben<\/a><\/p>\n","protected":false},"author":3,"featured_media":0,"parent":0,"menu_order":0,"comment_status":"closed","ping_status":"closed","template":"elementor_canvas","meta":{"_monsterinsights_skip_tracking":false,"_monsterinsights_sitenote_active":false,"_monsterinsights_sitenote_note":"","_monsterinsights_sitenote_category":0,"footnotes":""},"class_list":["post-128","page","type-page","status-publish","hentry"],"yoast_head":"<!-- This site is optimized with the Yoast SEO plugin v27.4 - https:\/\/yoast.com\/product\/yoast-seo-wordpress\/ -->\n<title>M\u00e9r\u00e9s adatgy\u0171jt\u00e9s - Senit - iT, oT, IoT<\/title>\n<meta name=\"robots\" content=\"index, follow, max-snippet:-1, max-image-preview:large, max-video-preview:-1\" \/>\n<link rel=\"canonical\" href=\"https:\/\/senit.hu\/?page_id=128\" \/>\n<meta property=\"og:locale\" content=\"hu_HU\" \/>\n<meta property=\"og:type\" content=\"article\" \/>\n<meta property=\"og:title\" content=\"M\u00e9r\u00e9s adatgy\u0171jt\u00e9s - Senit - iT, oT, IoT\" \/>\n<meta property=\"og:description\" content=\"M\u00e9r\u00e9s adatgy\u0171jt\u00e9s Az automatiz\u00e1l\u00e1s \u00e9s minden kontroll a m\u00e9r\u00e9sek alapj\u00e1n m\u0171k\u00f6dik A PASS a szabv\u00e1nyos kommunik\u00e1ci\u00f3s csatorn\u00e1kon kereszt\u00fcl lek\u00e9rdezi a m\u00e9rt param\u00e9tereket, diagramot mutat t\u00e1bl\u00e1zatos export lehet\u0151s\u00e9ggel, \u00e9s jelz\u00e9si lehet\u0151s\u00e9geket biztos\u00edt.\u00a0 Egyedi szempontok, szem\u00e9lyre szabhat\u00f3s\u00e1g A be\u00e9p\u00edtett sz\u00e1m\u00edt\u00e1si m\u0171veletek lehet\u0151s\u00e9get biztos\u00edtanak arra, hogy mindenki a sz\u00e1m\u00e1ra fontos param\u00e9tereket, termel\u00e9si mutat\u00f3kat vizsg\u00e1lhassa. Az adatok ki\u00e9rt\u00e9kel\u00e9s\u00e9nek szempontjai &hellip; &quot;M\u00e9r\u00e9s adatgy\u0171jt\u00e9s&quot; b\u0151vebben\" \/>\n<meta property=\"og:url\" content=\"https:\/\/senit.hu\/?page_id=128\" \/>\n<meta property=\"og:site_name\" content=\"Senit - iT, oT, IoT\" \/>\n<meta property=\"article:modified_time\" content=\"2022-07-15T13:59:17+00:00\" \/>\n<meta property=\"og:image\" content=\"http:\/\/automatika.hu\/wp-content\/uploads\/2018\/10\/energia_2.png\" \/>\n<meta name=\"twitter:card\" content=\"summary_large_image\" \/>\n<meta name=\"twitter:label1\" content=\"Becs\u00fclt olvas\u00e1si id\u0151\" \/>\n\t<meta name=\"twitter:data1\" content=\"2 perc\" \/>\n<script type=\"application\/ld+json\" class=\"yoast-schema-graph\">{\"@context\":\"https:\\\/\\\/schema.org\",\"@graph\":[{\"@type\":\"WebPage\",\"@id\":\"https:\\\/\\\/senit.hu\\\/?page_id=128\",\"url\":\"https:\\\/\\\/senit.hu\\\/?page_id=128\",\"name\":\"M\u00e9r\u00e9s adatgy\u0171jt\u00e9s - Senit - iT, oT, IoT\",\"isPartOf\":{\"@id\":\"https:\\\/\\\/senit.hu\\\/#website\"},\"primaryImageOfPage\":{\"@id\":\"https:\\\/\\\/senit.hu\\\/?page_id=128#primaryimage\"},\"image\":{\"@id\":\"https:\\\/\\\/senit.hu\\\/?page_id=128#primaryimage\"},\"thumbnailUrl\":\"http:\\\/\\\/automatika.hu\\\/wp-content\\\/uploads\\\/2018\\\/10\\\/energia_2.png\",\"datePublished\":\"2020-06-13T05:35:42+00:00\",\"dateModified\":\"2022-07-15T13:59:17+00:00\",\"breadcrumb\":{\"@id\":\"https:\\\/\\\/senit.hu\\\/?page_id=128#breadcrumb\"},\"inLanguage\":\"hu\",\"potentialAction\":[{\"@type\":\"ReadAction\",\"target\":[\"https:\\\/\\\/senit.hu\\\/?page_id=128\"]}]},{\"@type\":\"ImageObject\",\"inLanguage\":\"hu\",\"@id\":\"https:\\\/\\\/senit.hu\\\/?page_id=128#primaryimage\",\"url\":\"http:\\\/\\\/automatika.hu\\\/wp-content\\\/uploads\\\/2018\\\/10\\\/energia_2.png\",\"contentUrl\":\"http:\\\/\\\/automatika.hu\\\/wp-content\\\/uploads\\\/2018\\\/10\\\/energia_2.png\"},{\"@type\":\"BreadcrumbList\",\"@id\":\"https:\\\/\\\/senit.hu\\\/?page_id=128#breadcrumb\",\"itemListElement\":[{\"@type\":\"ListItem\",\"position\":1,\"name\":\"Kezd\u0151lap\",\"item\":\"https:\\\/\\\/senit.hu\\\/\"},{\"@type\":\"ListItem\",\"position\":2,\"name\":\"M\u00e9r\u00e9s adatgy\u0171jt\u00e9s\"}]},{\"@type\":\"WebSite\",\"@id\":\"https:\\\/\\\/senit.hu\\\/#website\",\"url\":\"https:\\\/\\\/senit.hu\\\/\",\"name\":\"Senit - iT, oT, IoT\",\"description\":\"Senit Kft. - iT, oT, IoT\",\"publisher\":{\"@id\":\"https:\\\/\\\/senit.hu\\\/#organization\"},\"potentialAction\":[{\"@type\":\"SearchAction\",\"target\":{\"@type\":\"EntryPoint\",\"urlTemplate\":\"https:\\\/\\\/senit.hu\\\/?s={search_term_string}\"},\"query-input\":{\"@type\":\"PropertyValueSpecification\",\"valueRequired\":true,\"valueName\":\"search_term_string\"}}],\"inLanguage\":\"hu\"},{\"@type\":\"Organization\",\"@id\":\"https:\\\/\\\/senit.hu\\\/#organization\",\"name\":\"Senit - iT, oT, IoT\",\"url\":\"https:\\\/\\\/senit.hu\\\/\",\"logo\":{\"@type\":\"ImageObject\",\"inLanguage\":\"hu\",\"@id\":\"https:\\\/\\\/senit.hu\\\/#\\\/schema\\\/logo\\\/image\\\/\",\"url\":\"https:\\\/\\\/senit.hu\\\/wp-content\\\/uploads\\\/2020\\\/06\\\/cropped-cropped-senit_logo-masolat.png\",\"contentUrl\":\"https:\\\/\\\/senit.hu\\\/wp-content\\\/uploads\\\/2020\\\/06\\\/cropped-cropped-senit_logo-masolat.png\",\"width\":240,\"height\":240,\"caption\":\"Senit - iT, oT, IoT\"},\"image\":{\"@id\":\"https:\\\/\\\/senit.hu\\\/#\\\/schema\\\/logo\\\/image\\\/\"}}]}<\/script>\n<!-- \/ Yoast SEO plugin. -->","yoast_head_json":{"title":"M\u00e9r\u00e9s adatgy\u0171jt\u00e9s - Senit - iT, oT, IoT","robots":{"index":"index","follow":"follow","max-snippet":"max-snippet:-1","max-image-preview":"max-image-preview:large","max-video-preview":"max-video-preview:-1"},"canonical":"https:\/\/senit.hu\/?page_id=128","og_locale":"hu_HU","og_type":"article","og_title":"M\u00e9r\u00e9s adatgy\u0171jt\u00e9s - Senit - iT, oT, IoT","og_description":"M\u00e9r\u00e9s adatgy\u0171jt\u00e9s Az automatiz\u00e1l\u00e1s \u00e9s minden kontroll a m\u00e9r\u00e9sek alapj\u00e1n m\u0171k\u00f6dik A PASS a szabv\u00e1nyos kommunik\u00e1ci\u00f3s csatorn\u00e1kon kereszt\u00fcl lek\u00e9rdezi a m\u00e9rt param\u00e9tereket, diagramot mutat t\u00e1bl\u00e1zatos export lehet\u0151s\u00e9ggel, \u00e9s jelz\u00e9si lehet\u0151s\u00e9geket biztos\u00edt.\u00a0 Egyedi szempontok, szem\u00e9lyre szabhat\u00f3s\u00e1g A be\u00e9p\u00edtett sz\u00e1m\u00edt\u00e1si m\u0171veletek lehet\u0151s\u00e9get biztos\u00edtanak arra, hogy mindenki a sz\u00e1m\u00e1ra fontos param\u00e9tereket, termel\u00e9si mutat\u00f3kat vizsg\u00e1lhassa. Az adatok ki\u00e9rt\u00e9kel\u00e9s\u00e9nek szempontjai &hellip; \"M\u00e9r\u00e9s adatgy\u0171jt\u00e9s\" b\u0151vebben","og_url":"https:\/\/senit.hu\/?page_id=128","og_site_name":"Senit - iT, oT, IoT","article_modified_time":"2022-07-15T13:59:17+00:00","og_image":[{"url":"http:\/\/automatika.hu\/wp-content\/uploads\/2018\/10\/energia_2.png","type":"","width":"","height":""}],"twitter_card":"summary_large_image","twitter_misc":{"Becs\u00fclt olvas\u00e1si id\u0151":"2 perc"},"schema":{"@context":"https:\/\/schema.org","@graph":[{"@type":"WebPage","@id":"https:\/\/senit.hu\/?page_id=128","url":"https:\/\/senit.hu\/?page_id=128","name":"M\u00e9r\u00e9s adatgy\u0171jt\u00e9s - Senit - iT, oT, IoT","isPartOf":{"@id":"https:\/\/senit.hu\/#website"},"primaryImageOfPage":{"@id":"https:\/\/senit.hu\/?page_id=128#primaryimage"},"image":{"@id":"https:\/\/senit.hu\/?page_id=128#primaryimage"},"thumbnailUrl":"http:\/\/automatika.hu\/wp-content\/uploads\/2018\/10\/energia_2.png","datePublished":"2020-06-13T05:35:42+00:00","dateModified":"2022-07-15T13:59:17+00:00","breadcrumb":{"@id":"https:\/\/senit.hu\/?page_id=128#breadcrumb"},"inLanguage":"hu","potentialAction":[{"@type":"ReadAction","target":["https:\/\/senit.hu\/?page_id=128"]}]},{"@type":"ImageObject","inLanguage":"hu","@id":"https:\/\/senit.hu\/?page_id=128#primaryimage","url":"http:\/\/automatika.hu\/wp-content\/uploads\/2018\/10\/energia_2.png","contentUrl":"http:\/\/automatika.hu\/wp-content\/uploads\/2018\/10\/energia_2.png"},{"@type":"BreadcrumbList","@id":"https:\/\/senit.hu\/?page_id=128#breadcrumb","itemListElement":[{"@type":"ListItem","position":1,"name":"Kezd\u0151lap","item":"https:\/\/senit.hu\/"},{"@type":"ListItem","position":2,"name":"M\u00e9r\u00e9s adatgy\u0171jt\u00e9s"}]},{"@type":"WebSite","@id":"https:\/\/senit.hu\/#website","url":"https:\/\/senit.hu\/","name":"Senit - iT, oT, IoT","description":"Senit Kft. - iT, oT, IoT","publisher":{"@id":"https:\/\/senit.hu\/#organization"},"potentialAction":[{"@type":"SearchAction","target":{"@type":"EntryPoint","urlTemplate":"https:\/\/senit.hu\/?s={search_term_string}"},"query-input":{"@type":"PropertyValueSpecification","valueRequired":true,"valueName":"search_term_string"}}],"inLanguage":"hu"},{"@type":"Organization","@id":"https:\/\/senit.hu\/#organization","name":"Senit - iT, oT, IoT","url":"https:\/\/senit.hu\/","logo":{"@type":"ImageObject","inLanguage":"hu","@id":"https:\/\/senit.hu\/#\/schema\/logo\/image\/","url":"https:\/\/senit.hu\/wp-content\/uploads\/2020\/06\/cropped-cropped-senit_logo-masolat.png","contentUrl":"https:\/\/senit.hu\/wp-content\/uploads\/2020\/06\/cropped-cropped-senit_logo-masolat.png","width":240,"height":240,"caption":"Senit - iT, oT, IoT"},"image":{"@id":"https:\/\/senit.hu\/#\/schema\/logo\/image\/"}}]}},"_links":{"self":[{"href":"https:\/\/senit.hu\/index.php?rest_route=\/wp\/v2\/pages\/128","targetHints":{"allow":["GET"]}}],"collection":[{"href":"https:\/\/senit.hu\/index.php?rest_route=\/wp\/v2\/pages"}],"about":[{"href":"https:\/\/senit.hu\/index.php?rest_route=\/wp\/v2\/types\/page"}],"author":[{"embeddable":true,"href":"https:\/\/senit.hu\/index.php?rest_route=\/wp\/v2\/users\/3"}],"replies":[{"embeddable":true,"href":"https:\/\/senit.hu\/index.php?rest_route=%2Fwp%2Fv2%2Fcomments&post=128"}],"version-history":[{"count":15,"href":"https:\/\/senit.hu\/index.php?rest_route=\/wp\/v2\/pages\/128\/revisions"}],"predecessor-version":[{"id":862,"href":"https:\/\/senit.hu\/index.php?rest_route=\/wp\/v2\/pages\/128\/revisions\/862"}],"wp:attachment":[{"href":"https:\/\/senit.hu\/index.php?rest_route=%2Fwp%2Fv2%2Fmedia&parent=128"}],"curies":[{"name":"wp","href":"https:\/\/api.w.org\/{rel}","templated":true}]}}