{"id":134,"date":"2020-06-13T05:36:41","date_gmt":"2020-06-13T05:36:41","guid":{"rendered":"https:\/\/senit.hu\/?page_id=134"},"modified":"2022-07-15T13:57:37","modified_gmt":"2022-07-15T13:57:37","slug":"kamerarendszerek","status":"publish","type":"page","link":"https:\/\/senit.hu\/?page_id=134","title":{"rendered":"Kamerarendszerek"},"content":{"rendered":"\t\t<div data-elementor-type=\"wp-page\" data-elementor-id=\"134\" class=\"elementor elementor-134\">\n\t\t\t\t\t\t<section class=\"elementor-section elementor-top-section elementor-element elementor-element-d0e1296 elementor-section-stretched elementor-section-full_width elementor-section-height-min-height elementor-section-height-default elementor-section-items-middle\" data-id=\"d0e1296\" data-element_type=\"section\" data-e-type=\"section\" data-settings=\"{&quot;stretch_section&quot;:&quot;section-stretched&quot;,&quot;background_background&quot;:&quot;classic&quot;}\">\n\t\t\t\t\t\t\t<div class=\"elementor-background-overlay\"><\/div>\n\t\t\t\t\t\t\t<div class=\"elementor-container elementor-column-gap-default\">\n\t\t\t\t\t<div class=\"elementor-column elementor-col-100 elementor-top-column elementor-element elementor-element-7cad2b6\" data-id=\"7cad2b6\" data-element_type=\"column\" data-e-type=\"column\">\n\t\t\t<div class=\"elementor-widget-wrap elementor-element-populated\">\n\t\t\t\t\t\t<div class=\"elementor-element elementor-element-07458cb elementor-widget elementor-widget-heading\" data-id=\"07458cb\" data-element_type=\"widget\" data-e-type=\"widget\" data-widget_type=\"heading.default\">\n\t\t\t\t<div class=\"elementor-widget-container\">\n\t\t\t\t\t<h2 class=\"elementor-heading-title elementor-size-default\">Kamerarendszerek<\/h2>\t\t\t\t<\/div>\n\t\t\t\t<\/div>\n\t\t\t\t\t<\/div>\n\t\t<\/div>\n\t\t\t\t\t<\/div>\n\t\t<\/section>\n\t\t\t\t<section class=\"elementor-section elementor-top-section elementor-element elementor-element-8635c3f elementor-section-boxed elementor-section-height-default elementor-section-height-default\" data-id=\"8635c3f\" data-element_type=\"section\" data-e-type=\"section\" data-settings=\"{&quot;background_background&quot;:&quot;classic&quot;}\">\n\t\t\t\t\t\t<div class=\"elementor-container elementor-column-gap-default\">\n\t\t\t\t\t<div class=\"elementor-column elementor-col-100 elementor-top-column elementor-element elementor-element-8468ce3\" data-id=\"8468ce3\" data-element_type=\"column\" data-e-type=\"column\">\n\t\t\t<div class=\"elementor-widget-wrap elementor-element-populated\">\n\t\t\t\t\t\t<div class=\"elementor-element elementor-element-763a3ca elementor-widget elementor-widget-text-editor\" data-id=\"763a3ca\" data-element_type=\"widget\" data-e-type=\"widget\" data-widget_type=\"text-editor.default\">\n\t\t\t\t<div class=\"elementor-widget-container\">\n\t\t\t\t\t\t\t\t\t<div class=\"page\" title=\"Page 9\"><div class=\"layoutArea\"><div class=\"column\"><h3><br \/>IP kamera rendszerek<\/h3><p>A kamera\u0301s megfigyelo\u030b rendszerek to\u0308bb e\u0301vtizede az egyik legelterjedtebb elleno\u030brzo\u030b<br \/>rendszernek sza\u0301mi\u0301tanak, hiszen a szemmel la\u0301thato\u0301 kontrolt biztosi\u0301tja\u0301k. Kora\u0301bban analo\u0301g a\u0301tvitelu\u030b, za\u0301rt la\u0301ncu\u0301 (CCTV) video rendszerek voltak ezek, azonban az informatikai\u00a0platform ezen a teru\u0308leten is elterjedt, A behatola\u0301s elleni ve\u0301delemben az illete\u0301ktelen\u00a0behatola\u0301sok, lopa\u0301sok ro\u0308gzi\u0301te\u0301se\u0301re e\u0301s az elko\u0308veto\u030bk azonosi\u0301ta\u0301sa\u0301ra haszna\u0301lhato\u0301k, azonban\u00a0egyre elterjedtebb felhaszna\u0301la\u0301si teru\u0308let a belso\u030b folyamatok felu\u0308gyelete. Egy u\u0308zem e\u0301lete\u0301ben\u00a0a dolgozo\u0301i hiba\u0301k, a nem jo\u0301l kezelt folyamatok \u201eki\u0301vu\u0308lro\u030bl la\u0301tva\u201d sokkal letisztultabb ke\u0301pet mutatnak, e\u0301s a do\u0308nte\u0301shozo\u0301 a megfelelo\u030b ponton tud operati\u0301v mo\u0301don beavatkozni a\u00a0termele\u0301sbe. \u00a0A Senit Kft to\u0308bb e\u0301vtizedes szakmai tapasztalata, a professziona\u0301lis terveze\u0301s e\u0301s\u00a0eszko\u0308zismeret a biztosi\u0301te\u0301k a legmagasabb szi\u0301nvonalu\u0301 IP kamera ha\u0301lo\u0301zatok kiviteleze\u0301se\u0301re, megrendelo\u030bink egyedi ige\u0301nyeit is szem elo\u030btt tartva.<br \/><br \/><\/p><h3>Rendsza\u0301m felismere\u0301s<\/h3><h3><img fetchpriority=\"high\" decoding=\"async\" class=\"size-medium wp-image-456 alignright\" src=\"https:\/\/senit.hu\/wp-content\/uploads\/2020\/07\/kamerarendszerek-ki\u00e9p\u00edt\u00e9se-300x200.png\" alt=\"\" width=\"300\" height=\"200\" srcset=\"https:\/\/senit.hu\/wp-content\/uploads\/2020\/07\/kamerarendszerek-ki\u00e9p\u00edt\u00e9se-300x200.png 300w, https:\/\/senit.hu\/wp-content\/uploads\/2020\/07\/kamerarendszerek-ki\u00e9p\u00edt\u00e9se.png 600w\" sizes=\"(max-width: 300px) 85vw, 300px\" \/><\/h3><p>Az IP kamera ha\u0301lo\u0301zatok fontos perife\u0301ria\u0301ja a ja\u0301rmu\u030b azonosi\u0301ta\u0301s automatiza\u0301la\u0301sa, i\u0301gy rendsza\u0301m alapu\u0301 bele\u0301ptete\u0301s e\u0301s folyamatko\u0308vete\u0301s megvalo\u0301si\u0301ta\u0301sa. Rendszerint ezek a feladatok az e\u0301rkeze\u0301si e\u0301s ta\u0301voza\u0301si ido\u030bk regisztra\u0301la\u0301sa, a teru\u0308leten to\u0308lto\u0308tt ido\u030bk kimutata\u0301sa, illetve a gyorsabb eseme\u0301ny visszakerese\u0301s, pe\u0301lda\u0301ul milyen rendsza\u0301mok le\u0301ptek be vagy ki egy adott ido\u030bablakban. Rendszerint leheto\u030bse\u0301g van ma\u0301s rendszerekkel to\u0308rte\u0301no\u030b adatba\u0301zis integra\u0301cio\u0301ra, i\u0301gy o\u0308sszerendelhetju\u0308k me\u0301rleg me\u0301re\u0301si adatokkal vagy ma\u0301s regisztra\u0301cio\u0301s pontokkal. Fizikai bele\u0301pe\u0301si pont \u2013 sorompo\u0301 \u2013 veze\u0301rle\u0301se\u0301re is alkalmasak ezek a rendszerek.<\/p><h3>Mozga\u0301s analitika e\u0301s ke\u0301pelemze\u0301s<\/h3><p>Az IP kamera rendszer ma\u0301r ke\u0301pes me\u0301lyebb szintu\u030b ke\u0301pelemze\u0301sre is, mivel itt nem ke\u0301p jeleket ke\u0301szi\u0301t a rendszer, hanem adatot kezel e\u0301s elemez. Objektumok me\u0301rete e\u0301s ira\u0301nya, mozga\u0301sok saja\u0301tossa\u0301ga, szi\u0301nek e\u0301s ido\u030bpontok alapja\u0301n lehet szaba\u0301lyokat a\u0301lli\u0301tani, adatokra szu\u030brni vagy beavatkoza\u0301st ve\u0301gezni, aka\u0301r automatiza\u0301ltan. A legfejlettebb ke\u0301pelemzo\u030b szoftverek ke\u0301pesek o\u0308ntanulo\u0301 funkcio\u0301kra is, ezzel a hiba\u0301s azonosi\u0301ta\u0301sokat minima\u0301lisra lehet cso\u0308kkenteni. Legelterjedtebb megolda\u0301sok a ke\u0301pen rajzolt vonal a\u0301tle\u0301pe\u0301se\u0301t jelzo\u030b detektor, vagy az egy-egy teru\u0308leten to\u0308rte\u0301no\u030b megjeleno\u030b \u2013 vagy e\u0301pp eltu\u030bno\u030b \u2013 ta\u0301rgyak okozta riaszta\u0301sok bea\u0301lli\u0301ta\u0301sa<\/p><\/div><\/div><\/div>\t\t\t\t\t\t\t\t<\/div>\n\t\t\t\t<\/div>\n\t\t\t\t\t<\/div>\n\t\t<\/div>\n\t\t\t\t\t<\/div>\n\t\t<\/section>\n\t\t\t\t<\/div>\n\t\t","protected":false},"excerpt":{"rendered":"<p>Kamerarendszerek IP kamera rendszerek A kamera\u0301s megfigyelo\u030b rendszerek to\u0308bb e\u0301vtizede az egyik legelterjedtebb elleno\u030brzo\u030b rendszernek sza\u0301mi\u0301tanak, hiszen a szemmel la\u0301thato\u0301 kontrolt biztosi\u0301tja\u0301k. Kora\u0301bban analo\u0301g a\u0301tvitelu\u030b, za\u0301rt la\u0301ncu\u0301 (CCTV) video rendszerek voltak ezek, azonban az informatikai\u00a0platform ezen a teru\u0308leten is elterjedt, A behatola\u0301s elleni ve\u0301delemben az illete\u0301ktelen\u00a0behatola\u0301sok, lopa\u0301sok ro\u0308gzi\u0301te\u0301se\u0301re e\u0301s az elko\u0308veto\u030bk azonosi\u0301ta\u0301sa\u0301ra haszna\u0301lhato\u0301k, azonban\u00a0egyre elterjedtebb &hellip; <a href=\"https:\/\/senit.hu\/?page_id=134\" class=\"more-link\"><span class=\"screen-reader-text\">&#8222;Kamerarendszerek&#8221;<\/span> b\u0151vebben<\/a><\/p>\n","protected":false},"author":3,"featured_media":0,"parent":0,"menu_order":0,"comment_status":"closed","ping_status":"closed","template":"elementor_canvas","meta":{"_monsterinsights_skip_tracking":false,"_monsterinsights_sitenote_active":false,"_monsterinsights_sitenote_note":"","_monsterinsights_sitenote_category":0,"footnotes":""},"class_list":["post-134","page","type-page","status-publish","hentry"],"yoast_head":"<!-- This site is optimized with the Yoast SEO plugin v27.5 - https:\/\/yoast.com\/product\/yoast-seo-wordpress\/ -->\n<title>Kamerarendszerek - Senit - iT, oT, IoT<\/title>\n<meta name=\"robots\" content=\"index, follow, max-snippet:-1, max-image-preview:large, max-video-preview:-1\" \/>\n<link rel=\"canonical\" href=\"https:\/\/senit.hu\/?page_id=134\" \/>\n<meta property=\"og:locale\" content=\"hu_HU\" \/>\n<meta property=\"og:type\" content=\"article\" \/>\n<meta property=\"og:title\" content=\"Kamerarendszerek - Senit - iT, oT, IoT\" \/>\n<meta property=\"og:description\" content=\"Kamerarendszerek IP kamera rendszerek A kamera\u0301s megfigyelo\u030b rendszerek to\u0308bb e\u0301vtizede az egyik legelterjedtebb elleno\u030brzo\u030b rendszernek sza\u0301mi\u0301tanak, hiszen a szemmel la\u0301thato\u0301 kontrolt biztosi\u0301tja\u0301k. Kora\u0301bban analo\u0301g a\u0301tvitelu\u030b, za\u0301rt la\u0301ncu\u0301 (CCTV) video rendszerek voltak ezek, azonban az informatikai\u00a0platform ezen a teru\u0308leten is elterjedt, A behatola\u0301s elleni ve\u0301delemben az illete\u0301ktelen\u00a0behatola\u0301sok, lopa\u0301sok ro\u0308gzi\u0301te\u0301se\u0301re e\u0301s az elko\u0308veto\u030bk azonosi\u0301ta\u0301sa\u0301ra haszna\u0301lhato\u0301k, azonban\u00a0egyre elterjedtebb &hellip; &quot;Kamerarendszerek&quot; b\u0151vebben\" \/>\n<meta property=\"og:url\" content=\"https:\/\/senit.hu\/?page_id=134\" \/>\n<meta property=\"og:site_name\" content=\"Senit - iT, oT, IoT\" \/>\n<meta property=\"article:modified_time\" content=\"2022-07-15T13:57:37+00:00\" \/>\n<meta name=\"twitter:card\" content=\"summary_large_image\" \/>\n<meta name=\"twitter:label1\" content=\"Becs\u00fclt olvas\u00e1si id\u0151\" \/>\n\t<meta name=\"twitter:data1\" content=\"2 perc\" \/>\n<script type=\"application\/ld+json\" class=\"yoast-schema-graph\">{\"@context\":\"https:\\\/\\\/schema.org\",\"@graph\":[{\"@type\":\"WebPage\",\"@id\":\"https:\\\/\\\/senit.hu\\\/?page_id=134\",\"url\":\"https:\\\/\\\/senit.hu\\\/?page_id=134\",\"name\":\"Kamerarendszerek - Senit - iT, oT, IoT\",\"isPartOf\":{\"@id\":\"https:\\\/\\\/senit.hu\\\/#website\"},\"datePublished\":\"2020-06-13T05:36:41+00:00\",\"dateModified\":\"2022-07-15T13:57:37+00:00\",\"breadcrumb\":{\"@id\":\"https:\\\/\\\/senit.hu\\\/?page_id=134#breadcrumb\"},\"inLanguage\":\"hu\",\"potentialAction\":[{\"@type\":\"ReadAction\",\"target\":[\"https:\\\/\\\/senit.hu\\\/?page_id=134\"]}]},{\"@type\":\"BreadcrumbList\",\"@id\":\"https:\\\/\\\/senit.hu\\\/?page_id=134#breadcrumb\",\"itemListElement\":[{\"@type\":\"ListItem\",\"position\":1,\"name\":\"Kezd\u0151lap\",\"item\":\"https:\\\/\\\/senit.hu\\\/\"},{\"@type\":\"ListItem\",\"position\":2,\"name\":\"Kamerarendszerek\"}]},{\"@type\":\"WebSite\",\"@id\":\"https:\\\/\\\/senit.hu\\\/#website\",\"url\":\"https:\\\/\\\/senit.hu\\\/\",\"name\":\"Senit - iT, oT, IoT\",\"description\":\"Senit Kft. - iT, oT, IoT\",\"publisher\":{\"@id\":\"https:\\\/\\\/senit.hu\\\/#organization\"},\"potentialAction\":[{\"@type\":\"SearchAction\",\"target\":{\"@type\":\"EntryPoint\",\"urlTemplate\":\"https:\\\/\\\/senit.hu\\\/?s={search_term_string}\"},\"query-input\":{\"@type\":\"PropertyValueSpecification\",\"valueRequired\":true,\"valueName\":\"search_term_string\"}}],\"inLanguage\":\"hu\"},{\"@type\":\"Organization\",\"@id\":\"https:\\\/\\\/senit.hu\\\/#organization\",\"name\":\"Senit - iT, oT, IoT\",\"url\":\"https:\\\/\\\/senit.hu\\\/\",\"logo\":{\"@type\":\"ImageObject\",\"inLanguage\":\"hu\",\"@id\":\"https:\\\/\\\/senit.hu\\\/#\\\/schema\\\/logo\\\/image\\\/\",\"url\":\"https:\\\/\\\/senit.hu\\\/wp-content\\\/uploads\\\/2020\\\/06\\\/cropped-cropped-senit_logo-masolat.png\",\"contentUrl\":\"https:\\\/\\\/senit.hu\\\/wp-content\\\/uploads\\\/2020\\\/06\\\/cropped-cropped-senit_logo-masolat.png\",\"width\":240,\"height\":240,\"caption\":\"Senit - iT, oT, IoT\"},\"image\":{\"@id\":\"https:\\\/\\\/senit.hu\\\/#\\\/schema\\\/logo\\\/image\\\/\"}}]}<\/script>\n<!-- \/ Yoast SEO plugin. -->","yoast_head_json":{"title":"Kamerarendszerek - Senit - iT, oT, IoT","robots":{"index":"index","follow":"follow","max-snippet":"max-snippet:-1","max-image-preview":"max-image-preview:large","max-video-preview":"max-video-preview:-1"},"canonical":"https:\/\/senit.hu\/?page_id=134","og_locale":"hu_HU","og_type":"article","og_title":"Kamerarendszerek - Senit - iT, oT, IoT","og_description":"Kamerarendszerek IP kamera rendszerek A kamera\u0301s megfigyelo\u030b rendszerek to\u0308bb e\u0301vtizede az egyik legelterjedtebb elleno\u030brzo\u030b rendszernek sza\u0301mi\u0301tanak, hiszen a szemmel la\u0301thato\u0301 kontrolt biztosi\u0301tja\u0301k. Kora\u0301bban analo\u0301g a\u0301tvitelu\u030b, za\u0301rt la\u0301ncu\u0301 (CCTV) video rendszerek voltak ezek, azonban az informatikai\u00a0platform ezen a teru\u0308leten is elterjedt, A behatola\u0301s elleni ve\u0301delemben az illete\u0301ktelen\u00a0behatola\u0301sok, lopa\u0301sok ro\u0308gzi\u0301te\u0301se\u0301re e\u0301s az elko\u0308veto\u030bk azonosi\u0301ta\u0301sa\u0301ra haszna\u0301lhato\u0301k, azonban\u00a0egyre elterjedtebb &hellip; \"Kamerarendszerek\" b\u0151vebben","og_url":"https:\/\/senit.hu\/?page_id=134","og_site_name":"Senit - iT, oT, IoT","article_modified_time":"2022-07-15T13:57:37+00:00","twitter_card":"summary_large_image","twitter_misc":{"Becs\u00fclt olvas\u00e1si id\u0151":"2 perc"},"schema":{"@context":"https:\/\/schema.org","@graph":[{"@type":"WebPage","@id":"https:\/\/senit.hu\/?page_id=134","url":"https:\/\/senit.hu\/?page_id=134","name":"Kamerarendszerek - Senit - iT, oT, IoT","isPartOf":{"@id":"https:\/\/senit.hu\/#website"},"datePublished":"2020-06-13T05:36:41+00:00","dateModified":"2022-07-15T13:57:37+00:00","breadcrumb":{"@id":"https:\/\/senit.hu\/?page_id=134#breadcrumb"},"inLanguage":"hu","potentialAction":[{"@type":"ReadAction","target":["https:\/\/senit.hu\/?page_id=134"]}]},{"@type":"BreadcrumbList","@id":"https:\/\/senit.hu\/?page_id=134#breadcrumb","itemListElement":[{"@type":"ListItem","position":1,"name":"Kezd\u0151lap","item":"https:\/\/senit.hu\/"},{"@type":"ListItem","position":2,"name":"Kamerarendszerek"}]},{"@type":"WebSite","@id":"https:\/\/senit.hu\/#website","url":"https:\/\/senit.hu\/","name":"Senit - iT, oT, IoT","description":"Senit Kft. - iT, oT, IoT","publisher":{"@id":"https:\/\/senit.hu\/#organization"},"potentialAction":[{"@type":"SearchAction","target":{"@type":"EntryPoint","urlTemplate":"https:\/\/senit.hu\/?s={search_term_string}"},"query-input":{"@type":"PropertyValueSpecification","valueRequired":true,"valueName":"search_term_string"}}],"inLanguage":"hu"},{"@type":"Organization","@id":"https:\/\/senit.hu\/#organization","name":"Senit - iT, oT, IoT","url":"https:\/\/senit.hu\/","logo":{"@type":"ImageObject","inLanguage":"hu","@id":"https:\/\/senit.hu\/#\/schema\/logo\/image\/","url":"https:\/\/senit.hu\/wp-content\/uploads\/2020\/06\/cropped-cropped-senit_logo-masolat.png","contentUrl":"https:\/\/senit.hu\/wp-content\/uploads\/2020\/06\/cropped-cropped-senit_logo-masolat.png","width":240,"height":240,"caption":"Senit - iT, oT, IoT"},"image":{"@id":"https:\/\/senit.hu\/#\/schema\/logo\/image\/"}}]}},"_links":{"self":[{"href":"https:\/\/senit.hu\/index.php?rest_route=\/wp\/v2\/pages\/134","targetHints":{"allow":["GET"]}}],"collection":[{"href":"https:\/\/senit.hu\/index.php?rest_route=\/wp\/v2\/pages"}],"about":[{"href":"https:\/\/senit.hu\/index.php?rest_route=\/wp\/v2\/types\/page"}],"author":[{"embeddable":true,"href":"https:\/\/senit.hu\/index.php?rest_route=\/wp\/v2\/users\/3"}],"replies":[{"embeddable":true,"href":"https:\/\/senit.hu\/index.php?rest_route=%2Fwp%2Fv2%2Fcomments&post=134"}],"version-history":[{"count":8,"href":"https:\/\/senit.hu\/index.php?rest_route=\/wp\/v2\/pages\/134\/revisions"}],"predecessor-version":[{"id":849,"href":"https:\/\/senit.hu\/index.php?rest_route=\/wp\/v2\/pages\/134\/revisions\/849"}],"wp:attachment":[{"href":"https:\/\/senit.hu\/index.php?rest_route=%2Fwp%2Fv2%2Fmedia&parent=134"}],"curies":[{"name":"wp","href":"https:\/\/api.w.org\/{rel}","templated":true}]}}