{"id":136,"date":"2020-06-13T05:37:02","date_gmt":"2020-06-13T05:37:02","guid":{"rendered":"https:\/\/senit.hu\/?page_id=136"},"modified":"2022-07-15T14:03:46","modified_gmt":"2022-07-15T14:03:46","slug":"tuzjelzo-rendszerek","status":"publish","type":"page","link":"https:\/\/senit.hu\/?page_id=136","title":{"rendered":"T\u0171zjelz\u0151 rendszerek"},"content":{"rendered":"\t\t<div data-elementor-type=\"wp-page\" data-elementor-id=\"136\" class=\"elementor elementor-136\">\n\t\t\t\t\t\t<section class=\"elementor-section elementor-top-section elementor-element elementor-element-382516b elementor-section-stretched elementor-section-full_width elementor-section-height-min-height elementor-section-height-default elementor-section-items-middle\" data-id=\"382516b\" data-element_type=\"section\" data-e-type=\"section\" data-settings=\"{&quot;stretch_section&quot;:&quot;section-stretched&quot;,&quot;background_background&quot;:&quot;classic&quot;}\">\n\t\t\t\t\t\t\t<div class=\"elementor-background-overlay\"><\/div>\n\t\t\t\t\t\t\t<div class=\"elementor-container elementor-column-gap-default\">\n\t\t\t\t\t<div class=\"elementor-column elementor-col-100 elementor-top-column elementor-element elementor-element-add5941\" data-id=\"add5941\" data-element_type=\"column\" data-e-type=\"column\">\n\t\t\t<div class=\"elementor-widget-wrap elementor-element-populated\">\n\t\t\t\t\t\t<div class=\"elementor-element elementor-element-5fbec6c elementor-widget elementor-widget-heading\" data-id=\"5fbec6c\" data-element_type=\"widget\" data-e-type=\"widget\" data-widget_type=\"heading.default\">\n\t\t\t\t<div class=\"elementor-widget-container\">\n\t\t\t\t\t<h1 class=\"elementor-heading-title elementor-size-default\">T\u0171zjelz\u0151 rendszerek<\/h1>\t\t\t\t<\/div>\n\t\t\t\t<\/div>\n\t\t\t\t\t<\/div>\n\t\t<\/div>\n\t\t\t\t\t<\/div>\n\t\t<\/section>\n\t\t\t\t<section class=\"elementor-section elementor-top-section elementor-element elementor-element-b9ee649 elementor-section-boxed elementor-section-height-default elementor-section-height-default\" data-id=\"b9ee649\" data-element_type=\"section\" data-e-type=\"section\" data-settings=\"{&quot;background_background&quot;:&quot;classic&quot;}\">\n\t\t\t\t\t\t<div class=\"elementor-container elementor-column-gap-default\">\n\t\t\t\t\t<div class=\"elementor-column elementor-col-100 elementor-top-column elementor-element elementor-element-8b8336c\" data-id=\"8b8336c\" data-element_type=\"column\" data-e-type=\"column\">\n\t\t\t<div class=\"elementor-widget-wrap elementor-element-populated\">\n\t\t\t\t\t\t<div class=\"elementor-element elementor-element-dd7043e elementor-widget elementor-widget-text-editor\" data-id=\"dd7043e\" data-element_type=\"widget\" data-e-type=\"widget\" data-widget_type=\"text-editor.default\">\n\t\t\t\t<div class=\"elementor-widget-container\">\n\t\t\t\t\t\t\t\t\t<div class=\"page\" title=\"Page 11\">\n<div class=\"layoutArea\">\n<div class=\"column\">\n<h3>Tu\u030bzjelzo\u030b rendszerek<\/h3>\n<p>A tu\u030bzjelzo\u030b rendszereket jellemzo\u030ben az e\u0301pu\u0308letme\u0301ret e\u0301s funkcio\u0301k alapja\u0301n, hato\u0301sa\u0301gi elo\u030bi\u0301ra\u0301sokat ko\u0308vetve kell megtervezni, kivitelezni e\u0301s u\u0308zemeltetni. Ezek a szaba\u0301lyok a Katasztro\u0301fave\u0301delem a\u0301ltal kiadott Orsza\u0301gos Tu\u030bzve\u0301delmi Szaba\u0301lyzatban (OTSZ) szerepelnek. Ce\u0301gu\u0308nknek megvan a megfelelo\u030b kompetencia\u0301ja e\u0301s eszko\u0308zparkja mind a terveze\u0301si, mind a kiviteleze\u0301si e\u0301s karbantarta\u0301si folyamatokra, illetve a megfelelo\u030b szakhato\u0301sa\u0301gi engede\u0301lyekkel e\u0301s biztosi\u0301te\u0301kokkal is rendelkezu\u0308nk teve\u0301kenyse\u0301gu\u0308nk folytata\u0301sa\u0301hoz.<\/p>\n<h3>Ho\u030b e\u0301s fu\u0308st elvezeto\u030b (RWA) rendszerek<img decoding=\"async\" class=\"alignright\" src=\"https:\/\/m.blog.hu\/tu\/tuzjelzorendszerek\/image\/tuzjelzo1.jpg\"><\/h3>\n<p>Ezeket a rendszereket tu\u030bzjelzo\u030b rendszerek kiva\u0301lta\u0301sa\u0301ra vagy kiege\u0301szi\u0301te\u0301se\u0301re alkalmazza\u0301k, le\u0301nyege az egyes teru\u0308letek fu\u0308stmentesi\u0301te\u0301se, a keletkezett ho\u030b elvezete\u0301se e\u0301s friss levego\u030b uta\u0301npo\u0301tla\u0301sa. Jellemzo\u030ben elszi\u0301va\u0301sro\u0301l vagy nyi\u0301la\u0301sza\u0301ro\u0301veze\u0301rle\u0301sro\u030bl van szo\u0301. Uto\u0301bbi esetben le\u0301teznek akti\u0301v megolda\u0301sok, ahol nyita\u0301s e\u0301s za\u0301ra\u0301s is lehetse\u0301ges (motoros), ezekkel a napi szello\u030bztete\u0301s is megvalo\u0301si\u0301thato\u0301. Sok esetben alkalmaznak passzi\u0301v megolda\u0301st is, ahol patronok vagy ma\u0301gnesek segi\u0301tse\u0301ge\u0301vel csak nyita\u0301s to\u0308rte\u0301nik. Ilyen esetben a rendszer e\u0301lesede\u0301se uta\u0301n szakszeru\u030b helyrea\u0301lli\u0301ta\u0301s szu\u0308kse\u0301ges. Ce\u0301gu\u0308nk a rendszerek kie\u0301pi\u0301te\u0301se\u0301ben e\u0301s karbantarta\u0301sa\u0301ban is nagy tapasztalattal bi\u0301r.<\/p>\n<\/div>\n<\/div>\n<\/div>\t\t\t\t\t\t\t\t<\/div>\n\t\t\t\t<\/div>\n\t\t\t\t\t<\/div>\n\t\t<\/div>\n\t\t\t\t\t<\/div>\n\t\t<\/section>\n\t\t\t\t<\/div>\n\t\t","protected":false},"excerpt":{"rendered":"<p>T\u0171zjelz\u0151 rendszerek Tu\u030bzjelzo\u030b rendszerek A tu\u030bzjelzo\u030b rendszereket jellemzo\u030ben az e\u0301pu\u0308letme\u0301ret e\u0301s funkcio\u0301k alapja\u0301n, hato\u0301sa\u0301gi elo\u030bi\u0301ra\u0301sokat ko\u0308vetve kell megtervezni, kivitelezni e\u0301s u\u0308zemeltetni. Ezek a szaba\u0301lyok a Katasztro\u0301fave\u0301delem a\u0301ltal kiadott Orsza\u0301gos Tu\u030bzve\u0301delmi Szaba\u0301lyzatban (OTSZ) szerepelnek. Ce\u0301gu\u0308nknek megvan a megfelelo\u030b kompetencia\u0301ja e\u0301s eszko\u0308zparkja mind a terveze\u0301si, mind a kiviteleze\u0301si e\u0301s karbantarta\u0301si folyamatokra, illetve a megfelelo\u030b szakhato\u0301sa\u0301gi engede\u0301lyekkel e\u0301s &hellip; <a href=\"https:\/\/senit.hu\/?page_id=136\" class=\"more-link\"><span class=\"screen-reader-text\">&#8222;T\u0171zjelz\u0151 rendszerek&#8221;<\/span> b\u0151vebben<\/a><\/p>\n","protected":false},"author":3,"featured_media":0,"parent":0,"menu_order":0,"comment_status":"closed","ping_status":"closed","template":"elementor_canvas","meta":{"_monsterinsights_skip_tracking":false,"_monsterinsights_sitenote_active":false,"_monsterinsights_sitenote_note":"","_monsterinsights_sitenote_category":0,"footnotes":""},"class_list":["post-136","page","type-page","status-publish","hentry"],"yoast_head":"<!-- This site is optimized with the Yoast SEO plugin v27.4 - https:\/\/yoast.com\/product\/yoast-seo-wordpress\/ -->\n<title>T\u0171zjelz\u0151 rendszerek - Senit - iT, oT, IoT<\/title>\n<meta name=\"robots\" content=\"index, follow, max-snippet:-1, max-image-preview:large, max-video-preview:-1\" \/>\n<link rel=\"canonical\" href=\"https:\/\/senit.hu\/?page_id=136\" \/>\n<meta property=\"og:locale\" content=\"hu_HU\" \/>\n<meta property=\"og:type\" content=\"article\" \/>\n<meta property=\"og:title\" content=\"T\u0171zjelz\u0151 rendszerek - Senit - iT, oT, IoT\" \/>\n<meta property=\"og:description\" content=\"T\u0171zjelz\u0151 rendszerek Tu\u030bzjelzo\u030b rendszerek A tu\u030bzjelzo\u030b rendszereket jellemzo\u030ben az e\u0301pu\u0308letme\u0301ret e\u0301s funkcio\u0301k alapja\u0301n, hato\u0301sa\u0301gi elo\u030bi\u0301ra\u0301sokat ko\u0308vetve kell megtervezni, kivitelezni e\u0301s u\u0308zemeltetni. Ezek a szaba\u0301lyok a Katasztro\u0301fave\u0301delem a\u0301ltal kiadott Orsza\u0301gos Tu\u030bzve\u0301delmi Szaba\u0301lyzatban (OTSZ) szerepelnek. Ce\u0301gu\u0308nknek megvan a megfelelo\u030b kompetencia\u0301ja e\u0301s eszko\u0308zparkja mind a terveze\u0301si, mind a kiviteleze\u0301si e\u0301s karbantarta\u0301si folyamatokra, illetve a megfelelo\u030b szakhato\u0301sa\u0301gi engede\u0301lyekkel e\u0301s &hellip; &quot;T\u0171zjelz\u0151 rendszerek&quot; b\u0151vebben\" \/>\n<meta property=\"og:url\" content=\"https:\/\/senit.hu\/?page_id=136\" \/>\n<meta property=\"og:site_name\" content=\"Senit - iT, oT, IoT\" \/>\n<meta property=\"article:modified_time\" content=\"2022-07-15T14:03:46+00:00\" \/>\n<meta property=\"og:image\" content=\"https:\/\/m.blog.hu\/tu\/tuzjelzorendszerek\/image\/tuzjelzo1.jpg\" \/>\n<meta name=\"twitter:card\" content=\"summary_large_image\" \/>\n<meta name=\"twitter:label1\" content=\"Becs\u00fclt olvas\u00e1si id\u0151\" \/>\n\t<meta name=\"twitter:data1\" content=\"1 perc\" \/>\n<script type=\"application\/ld+json\" class=\"yoast-schema-graph\">{\"@context\":\"https:\\\/\\\/schema.org\",\"@graph\":[{\"@type\":\"WebPage\",\"@id\":\"https:\\\/\\\/senit.hu\\\/?page_id=136\",\"url\":\"https:\\\/\\\/senit.hu\\\/?page_id=136\",\"name\":\"T\u0171zjelz\u0151 rendszerek - Senit - iT, oT, IoT\",\"isPartOf\":{\"@id\":\"https:\\\/\\\/senit.hu\\\/#website\"},\"primaryImageOfPage\":{\"@id\":\"https:\\\/\\\/senit.hu\\\/?page_id=136#primaryimage\"},\"image\":{\"@id\":\"https:\\\/\\\/senit.hu\\\/?page_id=136#primaryimage\"},\"thumbnailUrl\":\"https:\\\/\\\/m.blog.hu\\\/tu\\\/tuzjelzorendszerek\\\/image\\\/tuzjelzo1.jpg\",\"datePublished\":\"2020-06-13T05:37:02+00:00\",\"dateModified\":\"2022-07-15T14:03:46+00:00\",\"breadcrumb\":{\"@id\":\"https:\\\/\\\/senit.hu\\\/?page_id=136#breadcrumb\"},\"inLanguage\":\"hu\",\"potentialAction\":[{\"@type\":\"ReadAction\",\"target\":[\"https:\\\/\\\/senit.hu\\\/?page_id=136\"]}]},{\"@type\":\"ImageObject\",\"inLanguage\":\"hu\",\"@id\":\"https:\\\/\\\/senit.hu\\\/?page_id=136#primaryimage\",\"url\":\"https:\\\/\\\/m.blog.hu\\\/tu\\\/tuzjelzorendszerek\\\/image\\\/tuzjelzo1.jpg\",\"contentUrl\":\"https:\\\/\\\/m.blog.hu\\\/tu\\\/tuzjelzorendszerek\\\/image\\\/tuzjelzo1.jpg\"},{\"@type\":\"BreadcrumbList\",\"@id\":\"https:\\\/\\\/senit.hu\\\/?page_id=136#breadcrumb\",\"itemListElement\":[{\"@type\":\"ListItem\",\"position\":1,\"name\":\"Kezd\u0151lap\",\"item\":\"https:\\\/\\\/senit.hu\\\/\"},{\"@type\":\"ListItem\",\"position\":2,\"name\":\"T\u0171zjelz\u0151 rendszerek\"}]},{\"@type\":\"WebSite\",\"@id\":\"https:\\\/\\\/senit.hu\\\/#website\",\"url\":\"https:\\\/\\\/senit.hu\\\/\",\"name\":\"Senit - iT, oT, IoT\",\"description\":\"Senit Kft. - iT, oT, IoT\",\"publisher\":{\"@id\":\"https:\\\/\\\/senit.hu\\\/#organization\"},\"potentialAction\":[{\"@type\":\"SearchAction\",\"target\":{\"@type\":\"EntryPoint\",\"urlTemplate\":\"https:\\\/\\\/senit.hu\\\/?s={search_term_string}\"},\"query-input\":{\"@type\":\"PropertyValueSpecification\",\"valueRequired\":true,\"valueName\":\"search_term_string\"}}],\"inLanguage\":\"hu\"},{\"@type\":\"Organization\",\"@id\":\"https:\\\/\\\/senit.hu\\\/#organization\",\"name\":\"Senit - iT, oT, IoT\",\"url\":\"https:\\\/\\\/senit.hu\\\/\",\"logo\":{\"@type\":\"ImageObject\",\"inLanguage\":\"hu\",\"@id\":\"https:\\\/\\\/senit.hu\\\/#\\\/schema\\\/logo\\\/image\\\/\",\"url\":\"https:\\\/\\\/senit.hu\\\/wp-content\\\/uploads\\\/2020\\\/06\\\/cropped-cropped-senit_logo-masolat.png\",\"contentUrl\":\"https:\\\/\\\/senit.hu\\\/wp-content\\\/uploads\\\/2020\\\/06\\\/cropped-cropped-senit_logo-masolat.png\",\"width\":240,\"height\":240,\"caption\":\"Senit - iT, oT, IoT\"},\"image\":{\"@id\":\"https:\\\/\\\/senit.hu\\\/#\\\/schema\\\/logo\\\/image\\\/\"}}]}<\/script>\n<!-- \/ Yoast SEO plugin. -->","yoast_head_json":{"title":"T\u0171zjelz\u0151 rendszerek - Senit - iT, oT, IoT","robots":{"index":"index","follow":"follow","max-snippet":"max-snippet:-1","max-image-preview":"max-image-preview:large","max-video-preview":"max-video-preview:-1"},"canonical":"https:\/\/senit.hu\/?page_id=136","og_locale":"hu_HU","og_type":"article","og_title":"T\u0171zjelz\u0151 rendszerek - Senit - iT, oT, IoT","og_description":"T\u0171zjelz\u0151 rendszerek Tu\u030bzjelzo\u030b rendszerek A tu\u030bzjelzo\u030b rendszereket jellemzo\u030ben az e\u0301pu\u0308letme\u0301ret e\u0301s funkcio\u0301k alapja\u0301n, hato\u0301sa\u0301gi elo\u030bi\u0301ra\u0301sokat ko\u0308vetve kell megtervezni, kivitelezni e\u0301s u\u0308zemeltetni. Ezek a szaba\u0301lyok a Katasztro\u0301fave\u0301delem a\u0301ltal kiadott Orsza\u0301gos Tu\u030bzve\u0301delmi Szaba\u0301lyzatban (OTSZ) szerepelnek. Ce\u0301gu\u0308nknek megvan a megfelelo\u030b kompetencia\u0301ja e\u0301s eszko\u0308zparkja mind a terveze\u0301si, mind a kiviteleze\u0301si e\u0301s karbantarta\u0301si folyamatokra, illetve a megfelelo\u030b szakhato\u0301sa\u0301gi engede\u0301lyekkel e\u0301s &hellip; \"T\u0171zjelz\u0151 rendszerek\" b\u0151vebben","og_url":"https:\/\/senit.hu\/?page_id=136","og_site_name":"Senit - iT, oT, IoT","article_modified_time":"2022-07-15T14:03:46+00:00","og_image":[{"url":"https:\/\/m.blog.hu\/tu\/tuzjelzorendszerek\/image\/tuzjelzo1.jpg","type":"","width":"","height":""}],"twitter_card":"summary_large_image","twitter_misc":{"Becs\u00fclt olvas\u00e1si id\u0151":"1 perc"},"schema":{"@context":"https:\/\/schema.org","@graph":[{"@type":"WebPage","@id":"https:\/\/senit.hu\/?page_id=136","url":"https:\/\/senit.hu\/?page_id=136","name":"T\u0171zjelz\u0151 rendszerek - Senit - iT, oT, IoT","isPartOf":{"@id":"https:\/\/senit.hu\/#website"},"primaryImageOfPage":{"@id":"https:\/\/senit.hu\/?page_id=136#primaryimage"},"image":{"@id":"https:\/\/senit.hu\/?page_id=136#primaryimage"},"thumbnailUrl":"https:\/\/m.blog.hu\/tu\/tuzjelzorendszerek\/image\/tuzjelzo1.jpg","datePublished":"2020-06-13T05:37:02+00:00","dateModified":"2022-07-15T14:03:46+00:00","breadcrumb":{"@id":"https:\/\/senit.hu\/?page_id=136#breadcrumb"},"inLanguage":"hu","potentialAction":[{"@type":"ReadAction","target":["https:\/\/senit.hu\/?page_id=136"]}]},{"@type":"ImageObject","inLanguage":"hu","@id":"https:\/\/senit.hu\/?page_id=136#primaryimage","url":"https:\/\/m.blog.hu\/tu\/tuzjelzorendszerek\/image\/tuzjelzo1.jpg","contentUrl":"https:\/\/m.blog.hu\/tu\/tuzjelzorendszerek\/image\/tuzjelzo1.jpg"},{"@type":"BreadcrumbList","@id":"https:\/\/senit.hu\/?page_id=136#breadcrumb","itemListElement":[{"@type":"ListItem","position":1,"name":"Kezd\u0151lap","item":"https:\/\/senit.hu\/"},{"@type":"ListItem","position":2,"name":"T\u0171zjelz\u0151 rendszerek"}]},{"@type":"WebSite","@id":"https:\/\/senit.hu\/#website","url":"https:\/\/senit.hu\/","name":"Senit - iT, oT, IoT","description":"Senit Kft. - iT, oT, IoT","publisher":{"@id":"https:\/\/senit.hu\/#organization"},"potentialAction":[{"@type":"SearchAction","target":{"@type":"EntryPoint","urlTemplate":"https:\/\/senit.hu\/?s={search_term_string}"},"query-input":{"@type":"PropertyValueSpecification","valueRequired":true,"valueName":"search_term_string"}}],"inLanguage":"hu"},{"@type":"Organization","@id":"https:\/\/senit.hu\/#organization","name":"Senit - iT, oT, IoT","url":"https:\/\/senit.hu\/","logo":{"@type":"ImageObject","inLanguage":"hu","@id":"https:\/\/senit.hu\/#\/schema\/logo\/image\/","url":"https:\/\/senit.hu\/wp-content\/uploads\/2020\/06\/cropped-cropped-senit_logo-masolat.png","contentUrl":"https:\/\/senit.hu\/wp-content\/uploads\/2020\/06\/cropped-cropped-senit_logo-masolat.png","width":240,"height":240,"caption":"Senit - iT, oT, IoT"},"image":{"@id":"https:\/\/senit.hu\/#\/schema\/logo\/image\/"}}]}},"_links":{"self":[{"href":"https:\/\/senit.hu\/index.php?rest_route=\/wp\/v2\/pages\/136","targetHints":{"allow":["GET"]}}],"collection":[{"href":"https:\/\/senit.hu\/index.php?rest_route=\/wp\/v2\/pages"}],"about":[{"href":"https:\/\/senit.hu\/index.php?rest_route=\/wp\/v2\/types\/page"}],"author":[{"embeddable":true,"href":"https:\/\/senit.hu\/index.php?rest_route=\/wp\/v2\/users\/3"}],"replies":[{"embeddable":true,"href":"https:\/\/senit.hu\/index.php?rest_route=%2Fwp%2Fv2%2Fcomments&post=136"}],"version-history":[{"count":11,"href":"https:\/\/senit.hu\/index.php?rest_route=\/wp\/v2\/pages\/136\/revisions"}],"predecessor-version":[{"id":890,"href":"https:\/\/senit.hu\/index.php?rest_route=\/wp\/v2\/pages\/136\/revisions\/890"}],"wp:attachment":[{"href":"https:\/\/senit.hu\/index.php?rest_route=%2Fwp%2Fv2%2Fmedia&parent=136"}],"curies":[{"name":"wp","href":"https:\/\/api.w.org\/{rel}","templated":true}]}}