{"id":138,"date":"2020-06-13T05:37:20","date_gmt":"2020-06-13T05:37:20","guid":{"rendered":"https:\/\/senit.hu\/?page_id=138"},"modified":"2022-07-15T13:51:10","modified_gmt":"2022-07-15T13:51:10","slug":"belepteto-rendszerek","status":"publish","type":"page","link":"https:\/\/senit.hu\/?page_id=138","title":{"rendered":"Bel\u00e9ptet\u0151 rendszerek"},"content":{"rendered":"\t\t<div data-elementor-type=\"wp-page\" data-elementor-id=\"138\" class=\"elementor elementor-138\">\n\t\t\t\t\t\t<section class=\"elementor-section elementor-top-section elementor-element elementor-element-bd4d2d7 elementor-section-stretched elementor-section-full_width elementor-section-height-min-height elementor-section-height-default elementor-section-items-middle\" data-id=\"bd4d2d7\" data-element_type=\"section\" data-e-type=\"section\" data-settings=\"{&quot;stretch_section&quot;:&quot;section-stretched&quot;,&quot;background_background&quot;:&quot;classic&quot;}\">\n\t\t\t\t\t\t\t<div class=\"elementor-background-overlay\"><\/div>\n\t\t\t\t\t\t\t<div class=\"elementor-container elementor-column-gap-default\">\n\t\t\t\t\t<div class=\"elementor-column elementor-col-100 elementor-top-column elementor-element elementor-element-5567171\" data-id=\"5567171\" data-element_type=\"column\" data-e-type=\"column\">\n\t\t\t<div class=\"elementor-widget-wrap elementor-element-populated\">\n\t\t\t\t\t\t<div class=\"elementor-element elementor-element-9eaf6cd elementor-widget elementor-widget-heading\" data-id=\"9eaf6cd\" data-element_type=\"widget\" data-e-type=\"widget\" data-widget_type=\"heading.default\">\n\t\t\t\t<div class=\"elementor-widget-container\">\n\t\t\t\t\t<h2 class=\"elementor-heading-title elementor-size-default\">Bel\u00e9ptet\u0151 rendszerek<\/h2>\t\t\t\t<\/div>\n\t\t\t\t<\/div>\n\t\t\t\t\t<\/div>\n\t\t<\/div>\n\t\t\t\t\t<\/div>\n\t\t<\/section>\n\t\t\t\t<section class=\"elementor-section elementor-top-section elementor-element elementor-element-f7c638c elementor-section-boxed elementor-section-height-default elementor-section-height-default\" data-id=\"f7c638c\" data-element_type=\"section\" data-e-type=\"section\" data-settings=\"{&quot;background_background&quot;:&quot;classic&quot;}\">\n\t\t\t\t\t\t<div class=\"elementor-container elementor-column-gap-default\">\n\t\t\t\t\t<div class=\"elementor-column elementor-col-100 elementor-top-column elementor-element elementor-element-2c7a3d1\" data-id=\"2c7a3d1\" data-element_type=\"column\" data-e-type=\"column\">\n\t\t\t<div class=\"elementor-widget-wrap elementor-element-populated\">\n\t\t\t\t\t\t<div class=\"elementor-element elementor-element-e58b877 elementor-widget elementor-widget-text-editor\" data-id=\"e58b877\" data-element_type=\"widget\" data-e-type=\"widget\" data-widget_type=\"text-editor.default\">\n\t\t\t\t<div class=\"elementor-widget-container\">\n\t\t\t\t\t\t\t\t\t<div class=\"page\" title=\"Page 10\"><div class=\"layoutArea\"><div class=\"column\"><h3><strong>Bele\u0301pteto\u030b rendszer<\/strong><\/h3><p>A bele\u0301pteto\u030b rendszerek segi\u0301tse\u0301ge\u0301vel tudjuk ne\u0301v szerint, ki mikor le\u0301pett be a teru\u0308letre e\u0301s mikor hagyta el, illetve azon belu\u0308l merre ja\u0301rt. Illete\u0301ktelen behatola\u0301s ellen is ve\u0301d,\u00a0illetve a teru\u0308leten le\u0301vo\u030bk testi e\u0301pse\u0301ge is biztosi\u0301tott, mivel nagy segi\u0301tse\u0301get nyu\u0301jt a le\u0301tsza\u0301m elleno\u030brze\u0301sben. A <a href=\"https:\/\/senit.hu\">Senit Kft.<\/a> a\u0301ltal e\u0301pi\u0301tett bele\u0301pteto\u030b rendszerek megbi\u0301zhato\u0301sa\u0301ga e\u0301s u\u0308zembiztossa\u0301ga kiemelkedo\u030b. U\u0308gyfeleink ige\u0301nye alapja\u0301n testre szabott azonosi\u0301ta\u0301si elja\u0301ra\u0301st\u00a0e\u0301s bele\u0301ptete\u0301si szaba\u0301lyzatot alaki\u0301tunk ki, megkeressu\u0308k a leginka\u0301bb haszna\u0301lhato\u0301 azonosi\u0301ta\u0301si mo\u0301dot az egyes teru\u0308leteken (ka\u0301rtya, biometrikus azonosi\u0301ta\u0301s, egye\u0301b eszko\u0308z). A rendszerek\u00a0fizikai bele\u0301pe\u0301si pontjait is kie\u0301pi\u0301tju\u0308k e\u0301s beu\u0308zemelju\u0308k. Legyen szo\u0301 forgo\u0301villa\u0301ro\u0301l, megle\u0301vo\u030b ja\u0301rmu\u030b vagy szeme\u0301lybeja\u0301ro\u0301ro\u0301l vagy ma\u0301s a\u0301thalada\u0301si pont kialaki\u0301ta\u0301sa\u0301ro\u0301l.<img fetchpriority=\"high\" decoding=\"async\" class=\"aligncenter\" src=\"https:\/\/biztom.hu\/wp-content\/uploads\/2016\/07\/belepteto-rendszer-1460x581.jpg\" alt=\"bel\u00e9ptet\u0151 rendszerek behatol\u00e1s jelz\u0151k lop\u00e1sg\u00e1tl\u00f3 kapuk bel\u00e9p\u00e9s sz\u00e1ml\u00e1l\u00e1s\" width=\"784\" height=\"311\" \/><\/p><h3>Munkaido\u030b nyilva\u0301ntarta\u0301s e\u0301s belso\u030b szaba\u0301lyoza\u0301sok<\/h3><p>A ki e\u0301s bele\u0301pe\u0301si adatok alapja\u0301n aka\u0301r be\u0301rsza\u0301mfejte\u0301ssel egyu\u0308ttmu\u030bko\u0308do\u030b szoftveres ta\u0301mogata\u0301s is ele\u0301rheto\u030b. A<a href=\"https:\/\/senit.hu\/iranyitastechnika\/\">utomatiza\u0301lhat<\/a>\u00f3 a szabadsa\u0301g e\u0301s ta\u0301volle\u0301t kezele\u0301s. A belso\u030b jogosultsa\u0301gok a\u0301llando\u0301 vagy ido\u030bszakos kezele\u0301se (ki hova le\u0301phet be e\u0301s hova nem, illetve elo\u030bzme\u0301nyhez ko\u0308to\u0308tt engede\u0301lyek, merre ja\u0301rt elo\u030btte) szinte\u0301n egyszeru\u030ben parame\u0301terezheto\u030b. Zsilip funkcio\u0301k kialaki\u0301ta\u0301sa\u0301ra is van leheto\u030bse\u0301g, ahol a biztonsa\u0301g vagy a technolo\u0301gia ezt megko\u0308veteli.<\/p><p><img decoding=\"async\" class=\"aligncenter\" src=\"https:\/\/webes-munkaido.hu\/images\/blog_kepek\/WM_190401114900.jpg\" alt=\"bel\u00e9ptet\u0151 rendszerek bel\u00e9p\u00e9s munkaid\u0151 nyilv\u00e1ntart\u00e1s\" width=\"831\" height=\"325\" \/><\/p><h3>Szeme\u0301lyhez rendelt, ke\u0301szpe\u0301nzmentes kereskedelmi leheto\u030bse\u0301gek<\/h3><p>A bele\u0301ptete\u0301s integra\u0301la\u0301sa a kereskedelmi egyse\u0301gekben leheto\u030bse\u0301get nyu\u0301jt a va\u0301sa\u0301rlo\u0301i fogyaszta\u0301sok e\u0301s teru\u0308let haszna\u0301lati jogosultsa\u0301gok kezele\u0301se\u0301re is. Egy megszeme\u0301lyesi\u0301tett azonosi\u0301to\u0301 a megfelelo\u030b, elo\u030bfizetett ideig e\u0301s a megva\u0301sa\u0301rolt terjedelemben engedi haszna\u0301lo\u0301ja\u0301t az egyes szolga\u0301ltata\u0301sok ige\u0301nybe ve\u0301tele\u0301re. Eseti fogyaszta\u0301s esete\u0301n azonosi\u0301to\u0301ja olvastata\u0301sa\u0301val jo\u0301va\u0301hagyhatja a vende\u0301g a sza\u0301mla\u0301ja\u0301t.<\/p><h3>Kaputelefon e\u0301s InterCom<\/h3><p>Vende\u0301gek e\u0301s eseti bele\u0301po\u030bk fogada\u0301sa\u0301ra ku\u0308lo\u0308nfe\u0301le kaputelefon megolda\u0301sokat ki\u0301na\u0301lunk. IP alapon, a biztonsa\u0301gi szolga\u0301lat felu\u0308gyeleti platformja\u0301n a kamera rendszerrel integra\u0301lva. Le\u0301tezik mobil megolda\u0301s is, ez akkor javasolt, ha nincs ku\u0308lo\u0308n dedika\u0301lt portaszolga\u0301lat. Ilyen esetben a belte\u0301ri egyse\u0301g egy okostelefon applika\u0301cio\u0301 vagy GSM hi\u0301va\u0301s. U\u0308zemi teru\u0308leteken sokszor a belso\u030b kommunika\u0301cio\u0301 me\u0301g mindig intercom \u2013 belso\u030b telefonha\u0301lo\u0301zat- segi\u0301tse\u0301ge\u0301vel a leginka\u0301bb kezelheto\u030b, aka\u0301r egyira\u0301nyu\u0301 utasi\u0301ta\u0301sko\u0308zle\u0301s, aka\u0301r oda-vissza kommunika\u0301cio\u0301 szu\u0308kse\u0301ges.<\/p><\/div><\/div><\/div>\t\t\t\t\t\t\t\t<\/div>\n\t\t\t\t<\/div>\n\t\t\t\t\t<\/div>\n\t\t<\/div>\n\t\t\t\t\t<\/div>\n\t\t<\/section>\n\t\t\t\t<section class=\"elementor-section elementor-top-section elementor-element elementor-element-ede343d elementor-section-boxed elementor-section-height-default elementor-section-height-default\" data-id=\"ede343d\" data-element_type=\"section\" data-e-type=\"section\" data-settings=\"{&quot;background_background&quot;:&quot;classic&quot;}\">\n\t\t\t\t\t\t<div class=\"elementor-container elementor-column-gap-default\">\n\t\t\t\t\t<div class=\"elementor-column elementor-col-100 elementor-top-column elementor-element elementor-element-a544a86\" data-id=\"a544a86\" data-element_type=\"column\" data-e-type=\"column\">\n\t\t\t<div class=\"elementor-widget-wrap elementor-element-populated\">\n\t\t\t\t\t\t<div class=\"elementor-element elementor-element-a193762 elementor-widget elementor-widget-text-editor\" data-id=\"a193762\" data-element_type=\"widget\" data-e-type=\"widget\" data-widget_type=\"text-editor.default\">\n\t\t\t\t<div class=\"elementor-widget-container\">\n\t\t\t\t\t\t\t\t\t<div class=\"page\" title=\"Page 10\"><div class=\"layoutArea\"><div class=\"column\"><p>Egy modern irod\u00e1ban az informatikai h\u00e1l\u00f3zat szerves r\u00e9sz\u00e9t k\u00e9pezhetik az IP alap\u00fa bel\u00e9ptet\u0151 rendszerek. Ezeknek a rendszereknek k\u00e9t alapvet\u0151 c\u00e9lja van: a biztons\u00e1g \u00e9s a termel\u00e9kenys\u00e9g n\u00f6vel\u00e9se. Haszn\u00e1latukkal jogosults\u00e1gokhoz k\u00f6tve szab\u00e1lyozhat\u00f3, \u00e9s fel\u00fcgyelhet\u0151 a mozg\u00e1s az iroda vagy munkahely v\u00e9dett ter\u00fcletein. Mint p\u00e9ld\u00e1ul: a p\u00e9nzt\u00e1r, rakt\u00e1r, iratt\u00e1r, parkol\u00f3 stb. Plusz funkci\u00f3k\u00e9nt szerepel a bel\u00e9ptet\u0151 rendszerek eset\u00e9ben m\u00e9g annak a lehet\u0151s\u00e9ge, hogy k\u00e9sz\u00edthet\u0151 ak\u00e1r val\u00f3s munkaid\u0151 nyilv\u00e1ntart\u00e1s is a bej\u00e1rati ajt\u00f3k bel\u00e9p\u00e9si \u00e9s kil\u00e9p\u00e9si adatainak lek\u00e9r\u00e9s\u00e9vel.<\/p><p>A v\u00e1llalatok k\u00f6r\u00e9ben napjainkban a dolgoz\u00f3k bel\u00e9ptet\u00e9se sor\u00e1n a legkedveltebb a k\u00e1rtyaolvas\u00f3, az ujjlenyomat olvas\u00f3, vagy PIN k\u00f3dos m\u00f3dszer alkalmaz\u00e1sa.<\/p><p><img decoding=\"async\" src=\"https:\/\/graphax.hu\/tarhely\/kepek\/acarad.jpg\" alt=\"\" \/><\/p><p>A bel\u00e9ptet\u0151 rendszerek legelterjedtebb azonos\u00edt\u00e1si m\u00f3dja a k\u00e1rty\u00e1s rendszer, amely egy m\u0171anyag k\u00e1rty\u00e1ba \u00e9p\u00edtett RFID chip-et alkalmaz. A RFID chipnek, a k\u00e1rtyaolvas\u00f3hoz val\u00f3 k\u00f6zel\u00edt\u00e9se sor\u00e1n t\u00f6rt\u00e9nik meg a bel\u00e9pni k\u00edv\u00e1n\u00f3 azonos\u00edt\u00e1sa. A k\u00e1rtyaolvas\u00f3k ak\u00e1r m\u00e1r megl\u00e9v\u0151, egy\u00e9b k\u00e1rty\u00e1s rendszerekhez tartoz\u00f3 k\u00e1rty\u00e1kkal is haszn\u00e1lhat\u00f3ak. De ak\u00e1r bel\u00e9ptet\u0151 rendszern\u00e9l alkalmazott k\u00e1rty\u00e1k alkalmasak lehetnek m\u00e9g a k\u00f6zponti nyomtat\u00f3 eszk\u00f6z\u00f6k k\u00f6lts\u00e9g kontroll hozz\u00e1f\u00e9r\u00e9s\u00e9n\u00e9l azonos\u00edt\u00e1sra. Fontos megeml\u00edteni, hogy napjaink fejlett technol\u00f3gi\u00e1j\u00e1nak k\u00f6sz\u00f6nhet\u0151en, a mobiltelefonok nagy r\u00e9sze tartalmaz programozhat\u00f3 RFID chip-et, amely kiv\u00e1lthatja a dolgoz\u00f3k k\u00e1rty\u00e1it a bel\u00e9p\u00e9skor.<\/p><p>Komolyabb v\u00e9detts\u00e9gi szintet ig\u00e9nyl\u0151 helyeken, ahol az ellopott vagy lem\u00e1solt k\u00e1rtya haszn\u00e1lat\u00e1nak az es\u00e9ly\u00e9t minim\u00e1lisra szeretn\u00e9k cs\u00f6kkenteni, ott a bel\u00e9ptet\u00e9si rendszert biometrikus azonos\u00edt\u00e1s is helyettes\u00edtheti vagy kieg\u00e9sz\u00edtheti. A legelterjedtebb ezekn\u00e9l a rendszerekn\u00e9l az ujjlenyomat-olvas\u00f3. De el\u00e9rhet\u0151 m\u00e9g retinaszkenneres, hangfelismer\u00e9ses, teny\u00e9rlenyomattal m\u0171k\u00f6d\u0151, illetve kamer\u00e1s arcfelismer\u0151 rendszer is.<\/p><h3><strong>Integr\u00e1lt biztons\u00e1gtechnika<\/strong><\/h3><p>Az IP alap\u00fa illeszt\u00e9s seg\u00edts\u00e9g\u00e9vel a kapuk hozz\u00e1f\u00e9rhet\u0151s\u00e9ge, \u00e9s haszn\u00e1lata k\u00f6zpontilag programozhat\u00f3 \u00e9s lek\u00e9rdezhet\u0151, monitorozhat\u00f3. Valamint az integr\u00e1lt bel\u00e9ptet\u0151 rendszerek hasznos kieg\u00e9sz\u00edt\u0151je lehet a t\u00e1vvez\u00e9rl\u00e9s is. Amelynek seg\u00edts\u00e9g\u00e9vel t\u00e1volr\u00f3l is lehet az ajt\u00f3k nyit\u00f3d\u00e1s\u00e1t \u00e9s z\u00e1r\u00f3d\u00e1s\u00e1t vez\u00e9relni, illetve el\u0151re beprogramozott utas\u00edt\u00e1sokat kiadni, riaszt\u00f3rendszereket aktiv\u00e1lni.<\/p><p>Tov\u00e1bb\u00e1 a bel\u00e9ptet\u0151 rendszerek a biztons\u00e1gi kamer\u00e1s megfigyel\u0151 rendszerrel integr\u00e1lva k\u00e9pesek a bel\u00e9p\u00e9si esem\u00e9nyekhez k\u00e9pet, vide\u00f3t p\u00e1ros\u00edtani. Amely gyors k\u00e9pi azonos\u00edt\u00e1s \u00e9s szem\u00e9ly mozg\u00e1s lek\u00e9rdez\u00e9se egy esetleges riaszt\u00e1s sor\u00e1n alapvet\u0151 fontoss\u00e1g\u00fa lehet.<\/p><h3><strong>Bel\u00e9ptet\u0151 rendszer telep\u00edt\u00e9se<\/strong><\/h3><p>A bel\u00e9ptet\u0151 rendszerek telep\u00edt\u00e9se el\u0151sz\u00f6r is ig\u00e9nyfelm\u00e9r\u00e9ssel \u00e9s tervez\u00e9ssel indul, amely sor\u00e1n a jelenlegi ig\u00e9nyek mellett, a potenci\u00e1lis j\u00f6v\u0151beli ig\u00e9nyek \u00e9s \u00faj technol\u00f3gi\u00e1k integr\u00e1lhat\u00f3s\u00e1g\u00e1nak a megtervez\u00e9s\u00e9t is szem el\u0151tt tartjuk.<\/p><\/div><\/div><\/div>\t\t\t\t\t\t\t\t<\/div>\n\t\t\t\t<\/div>\n\t\t\t\t\t<\/div>\n\t\t<\/div>\n\t\t\t\t\t<\/div>\n\t\t<\/section>\n\t\t\t\t<\/div>\n\t\t","protected":false},"excerpt":{"rendered":"<p>Bel\u00e9ptet\u0151 rendszerek Bele\u0301pteto\u030b rendszer A bele\u0301pteto\u030b rendszerek segi\u0301tse\u0301ge\u0301vel tudjuk ne\u0301v szerint, ki mikor le\u0301pett be a teru\u0308letre e\u0301s mikor hagyta el, illetve azon belu\u0308l merre ja\u0301rt. Illete\u0301ktelen behatola\u0301s ellen is ve\u0301d,\u00a0illetve a teru\u0308leten le\u0301vo\u030bk testi e\u0301pse\u0301ge is biztosi\u0301tott, mivel nagy segi\u0301tse\u0301get nyu\u0301jt a le\u0301tsza\u0301m elleno\u030brze\u0301sben. A Senit Kft. a\u0301ltal e\u0301pi\u0301tett bele\u0301pteto\u030b rendszerek megbi\u0301zhato\u0301sa\u0301ga e\u0301s u\u0308zembiztossa\u0301ga &hellip; <a href=\"https:\/\/senit.hu\/?page_id=138\" class=\"more-link\"><span class=\"screen-reader-text\">&#8222;Bel\u00e9ptet\u0151 rendszerek&#8221;<\/span> b\u0151vebben<\/a><\/p>\n","protected":false},"author":3,"featured_media":0,"parent":0,"menu_order":0,"comment_status":"closed","ping_status":"closed","template":"elementor_canvas","meta":{"_monsterinsights_skip_tracking":false,"_monsterinsights_sitenote_active":false,"_monsterinsights_sitenote_note":"","_monsterinsights_sitenote_category":0,"footnotes":""},"class_list":["post-138","page","type-page","status-publish","hentry"],"yoast_head":"<!-- This site is optimized with the Yoast SEO plugin v27.4 - https:\/\/yoast.com\/product\/yoast-seo-wordpress\/ -->\n<title>Bel\u00e9ptet\u0151 rendszerek - Szem\u00e9lyi kontrol - Senit Kft. - iT, OT, IoT<\/title>\n<meta name=\"description\" content=\"Az ipari bel\u00e9ptet\u0151 rendszerek feladata nem csak a szem\u00e9ly \u00e9s vagyonv\u00e9delemben, de a munkaid\u0151nyilv\u00e1ntart\u00e1sban a j\u00e1rv\u00e1nyv\u00e9delemben is szerepet\" \/>\n<meta name=\"robots\" content=\"index, follow, max-snippet:-1, max-image-preview:large, max-video-preview:-1\" \/>\n<link rel=\"canonical\" href=\"https:\/\/senit.hu\/?page_id=138\" \/>\n<meta property=\"og:locale\" content=\"hu_HU\" \/>\n<meta property=\"og:type\" content=\"article\" \/>\n<meta property=\"og:title\" content=\"Bel\u00e9ptet\u0151 rendszerek - Szem\u00e9lyi kontrol - Senit Kft. - iT, OT, IoT\" \/>\n<meta property=\"og:description\" content=\"Az ipari bel\u00e9ptet\u0151 rendszerek feladata nem csak a szem\u00e9ly \u00e9s vagyonv\u00e9delemben, de a munkaid\u0151nyilv\u00e1ntart\u00e1sban a j\u00e1rv\u00e1nyv\u00e9delemben is szerepet\" \/>\n<meta property=\"og:url\" content=\"https:\/\/senit.hu\/?page_id=138\" \/>\n<meta property=\"og:site_name\" content=\"Senit - iT, oT, IoT\" \/>\n<meta property=\"article:modified_time\" content=\"2022-07-15T13:51:10+00:00\" \/>\n<meta property=\"og:image\" content=\"https:\/\/biztom.hu\/wp-content\/uploads\/2016\/07\/belepteto-rendszer-1460x581.jpg\" \/>\n<meta name=\"twitter:card\" content=\"summary_large_image\" \/>\n<meta name=\"twitter:label1\" content=\"Becs\u00fclt olvas\u00e1si id\u0151\" \/>\n\t<meta name=\"twitter:data1\" content=\"4 perc\" \/>\n<script type=\"application\/ld+json\" class=\"yoast-schema-graph\">{\"@context\":\"https:\\\/\\\/schema.org\",\"@graph\":[{\"@type\":\"WebPage\",\"@id\":\"https:\\\/\\\/senit.hu\\\/?page_id=138\",\"url\":\"https:\\\/\\\/senit.hu\\\/?page_id=138\",\"name\":\"Bel\u00e9ptet\u0151 rendszerek - Szem\u00e9lyi kontrol - Senit Kft. - iT, OT, IoT\",\"isPartOf\":{\"@id\":\"https:\\\/\\\/senit.hu\\\/#website\"},\"primaryImageOfPage\":{\"@id\":\"https:\\\/\\\/senit.hu\\\/?page_id=138#primaryimage\"},\"image\":{\"@id\":\"https:\\\/\\\/senit.hu\\\/?page_id=138#primaryimage\"},\"thumbnailUrl\":\"https:\\\/\\\/biztom.hu\\\/wp-content\\\/uploads\\\/2016\\\/07\\\/belepteto-rendszer-1460x581.jpg\",\"datePublished\":\"2020-06-13T05:37:20+00:00\",\"dateModified\":\"2022-07-15T13:51:10+00:00\",\"description\":\"Az ipari bel\u00e9ptet\u0151 rendszerek feladata nem csak a szem\u00e9ly \u00e9s vagyonv\u00e9delemben, de a munkaid\u0151nyilv\u00e1ntart\u00e1sban a j\u00e1rv\u00e1nyv\u00e9delemben is szerepet\",\"breadcrumb\":{\"@id\":\"https:\\\/\\\/senit.hu\\\/?page_id=138#breadcrumb\"},\"inLanguage\":\"hu\",\"potentialAction\":[{\"@type\":\"ReadAction\",\"target\":[\"https:\\\/\\\/senit.hu\\\/?page_id=138\"]}]},{\"@type\":\"ImageObject\",\"inLanguage\":\"hu\",\"@id\":\"https:\\\/\\\/senit.hu\\\/?page_id=138#primaryimage\",\"url\":\"https:\\\/\\\/biztom.hu\\\/wp-content\\\/uploads\\\/2016\\\/07\\\/belepteto-rendszer-1460x581.jpg\",\"contentUrl\":\"https:\\\/\\\/biztom.hu\\\/wp-content\\\/uploads\\\/2016\\\/07\\\/belepteto-rendszer-1460x581.jpg\"},{\"@type\":\"BreadcrumbList\",\"@id\":\"https:\\\/\\\/senit.hu\\\/?page_id=138#breadcrumb\",\"itemListElement\":[{\"@type\":\"ListItem\",\"position\":1,\"name\":\"Kezd\u0151lap\",\"item\":\"https:\\\/\\\/senit.hu\\\/\"},{\"@type\":\"ListItem\",\"position\":2,\"name\":\"Bel\u00e9ptet\u0151 rendszerek\"}]},{\"@type\":\"WebSite\",\"@id\":\"https:\\\/\\\/senit.hu\\\/#website\",\"url\":\"https:\\\/\\\/senit.hu\\\/\",\"name\":\"Senit - iT, oT, IoT\",\"description\":\"Senit Kft. - iT, oT, IoT\",\"publisher\":{\"@id\":\"https:\\\/\\\/senit.hu\\\/#organization\"},\"potentialAction\":[{\"@type\":\"SearchAction\",\"target\":{\"@type\":\"EntryPoint\",\"urlTemplate\":\"https:\\\/\\\/senit.hu\\\/?s={search_term_string}\"},\"query-input\":{\"@type\":\"PropertyValueSpecification\",\"valueRequired\":true,\"valueName\":\"search_term_string\"}}],\"inLanguage\":\"hu\"},{\"@type\":\"Organization\",\"@id\":\"https:\\\/\\\/senit.hu\\\/#organization\",\"name\":\"Senit - iT, oT, IoT\",\"url\":\"https:\\\/\\\/senit.hu\\\/\",\"logo\":{\"@type\":\"ImageObject\",\"inLanguage\":\"hu\",\"@id\":\"https:\\\/\\\/senit.hu\\\/#\\\/schema\\\/logo\\\/image\\\/\",\"url\":\"https:\\\/\\\/senit.hu\\\/wp-content\\\/uploads\\\/2020\\\/06\\\/cropped-cropped-senit_logo-masolat.png\",\"contentUrl\":\"https:\\\/\\\/senit.hu\\\/wp-content\\\/uploads\\\/2020\\\/06\\\/cropped-cropped-senit_logo-masolat.png\",\"width\":240,\"height\":240,\"caption\":\"Senit - iT, oT, IoT\"},\"image\":{\"@id\":\"https:\\\/\\\/senit.hu\\\/#\\\/schema\\\/logo\\\/image\\\/\"}}]}<\/script>\n<!-- \/ Yoast SEO plugin. -->","yoast_head_json":{"title":"Bel\u00e9ptet\u0151 rendszerek - Szem\u00e9lyi kontrol - Senit Kft. - iT, OT, IoT","description":"Az ipari bel\u00e9ptet\u0151 rendszerek feladata nem csak a szem\u00e9ly \u00e9s vagyonv\u00e9delemben, de a munkaid\u0151nyilv\u00e1ntart\u00e1sban a j\u00e1rv\u00e1nyv\u00e9delemben is szerepet","robots":{"index":"index","follow":"follow","max-snippet":"max-snippet:-1","max-image-preview":"max-image-preview:large","max-video-preview":"max-video-preview:-1"},"canonical":"https:\/\/senit.hu\/?page_id=138","og_locale":"hu_HU","og_type":"article","og_title":"Bel\u00e9ptet\u0151 rendszerek - Szem\u00e9lyi kontrol - Senit Kft. - iT, OT, IoT","og_description":"Az ipari bel\u00e9ptet\u0151 rendszerek feladata nem csak a szem\u00e9ly \u00e9s vagyonv\u00e9delemben, de a munkaid\u0151nyilv\u00e1ntart\u00e1sban a j\u00e1rv\u00e1nyv\u00e9delemben is szerepet","og_url":"https:\/\/senit.hu\/?page_id=138","og_site_name":"Senit - iT, oT, IoT","article_modified_time":"2022-07-15T13:51:10+00:00","og_image":[{"url":"https:\/\/biztom.hu\/wp-content\/uploads\/2016\/07\/belepteto-rendszer-1460x581.jpg","type":"","width":"","height":""}],"twitter_card":"summary_large_image","twitter_misc":{"Becs\u00fclt olvas\u00e1si id\u0151":"4 perc"},"schema":{"@context":"https:\/\/schema.org","@graph":[{"@type":"WebPage","@id":"https:\/\/senit.hu\/?page_id=138","url":"https:\/\/senit.hu\/?page_id=138","name":"Bel\u00e9ptet\u0151 rendszerek - Szem\u00e9lyi kontrol - Senit Kft. - iT, OT, IoT","isPartOf":{"@id":"https:\/\/senit.hu\/#website"},"primaryImageOfPage":{"@id":"https:\/\/senit.hu\/?page_id=138#primaryimage"},"image":{"@id":"https:\/\/senit.hu\/?page_id=138#primaryimage"},"thumbnailUrl":"https:\/\/biztom.hu\/wp-content\/uploads\/2016\/07\/belepteto-rendszer-1460x581.jpg","datePublished":"2020-06-13T05:37:20+00:00","dateModified":"2022-07-15T13:51:10+00:00","description":"Az ipari bel\u00e9ptet\u0151 rendszerek feladata nem csak a szem\u00e9ly \u00e9s vagyonv\u00e9delemben, de a munkaid\u0151nyilv\u00e1ntart\u00e1sban a j\u00e1rv\u00e1nyv\u00e9delemben is szerepet","breadcrumb":{"@id":"https:\/\/senit.hu\/?page_id=138#breadcrumb"},"inLanguage":"hu","potentialAction":[{"@type":"ReadAction","target":["https:\/\/senit.hu\/?page_id=138"]}]},{"@type":"ImageObject","inLanguage":"hu","@id":"https:\/\/senit.hu\/?page_id=138#primaryimage","url":"https:\/\/biztom.hu\/wp-content\/uploads\/2016\/07\/belepteto-rendszer-1460x581.jpg","contentUrl":"https:\/\/biztom.hu\/wp-content\/uploads\/2016\/07\/belepteto-rendszer-1460x581.jpg"},{"@type":"BreadcrumbList","@id":"https:\/\/senit.hu\/?page_id=138#breadcrumb","itemListElement":[{"@type":"ListItem","position":1,"name":"Kezd\u0151lap","item":"https:\/\/senit.hu\/"},{"@type":"ListItem","position":2,"name":"Bel\u00e9ptet\u0151 rendszerek"}]},{"@type":"WebSite","@id":"https:\/\/senit.hu\/#website","url":"https:\/\/senit.hu\/","name":"Senit - iT, oT, IoT","description":"Senit Kft. - iT, oT, IoT","publisher":{"@id":"https:\/\/senit.hu\/#organization"},"potentialAction":[{"@type":"SearchAction","target":{"@type":"EntryPoint","urlTemplate":"https:\/\/senit.hu\/?s={search_term_string}"},"query-input":{"@type":"PropertyValueSpecification","valueRequired":true,"valueName":"search_term_string"}}],"inLanguage":"hu"},{"@type":"Organization","@id":"https:\/\/senit.hu\/#organization","name":"Senit - iT, oT, IoT","url":"https:\/\/senit.hu\/","logo":{"@type":"ImageObject","inLanguage":"hu","@id":"https:\/\/senit.hu\/#\/schema\/logo\/image\/","url":"https:\/\/senit.hu\/wp-content\/uploads\/2020\/06\/cropped-cropped-senit_logo-masolat.png","contentUrl":"https:\/\/senit.hu\/wp-content\/uploads\/2020\/06\/cropped-cropped-senit_logo-masolat.png","width":240,"height":240,"caption":"Senit - iT, oT, IoT"},"image":{"@id":"https:\/\/senit.hu\/#\/schema\/logo\/image\/"}}]}},"_links":{"self":[{"href":"https:\/\/senit.hu\/index.php?rest_route=\/wp\/v2\/pages\/138","targetHints":{"allow":["GET"]}}],"collection":[{"href":"https:\/\/senit.hu\/index.php?rest_route=\/wp\/v2\/pages"}],"about":[{"href":"https:\/\/senit.hu\/index.php?rest_route=\/wp\/v2\/types\/page"}],"author":[{"embeddable":true,"href":"https:\/\/senit.hu\/index.php?rest_route=\/wp\/v2\/users\/3"}],"replies":[{"embeddable":true,"href":"https:\/\/senit.hu\/index.php?rest_route=%2Fwp%2Fv2%2Fcomments&post=138"}],"version-history":[{"count":22,"href":"https:\/\/senit.hu\/index.php?rest_route=\/wp\/v2\/pages\/138\/revisions"}],"predecessor-version":[{"id":826,"href":"https:\/\/senit.hu\/index.php?rest_route=\/wp\/v2\/pages\/138\/revisions\/826"}],"wp:attachment":[{"href":"https:\/\/senit.hu\/index.php?rest_route=%2Fwp%2Fv2%2Fmedia&parent=138"}],"curies":[{"name":"wp","href":"https:\/\/api.w.org\/{rel}","templated":true}]}}