{"id":255,"date":"2020-06-15T06:37:41","date_gmt":"2020-06-15T06:37:41","guid":{"rendered":"https:\/\/senit.hu\/?page_id=255"},"modified":"2022-07-15T13:55:49","modified_gmt":"2022-07-15T13:55:49","slug":"gdpr-szabalyzat","status":"publish","type":"page","link":"https:\/\/senit.hu\/?page_id=255","title":{"rendered":"GDPR szab\u00e1lyzat"},"content":{"rendered":"\t\t<div data-elementor-type=\"wp-page\" data-elementor-id=\"255\" class=\"elementor elementor-255\">\n\t\t\t\t\t\t<section class=\"elementor-section elementor-top-section elementor-element elementor-element-92de217 elementor-section-boxed elementor-section-height-default elementor-section-height-default\" data-id=\"92de217\" data-element_type=\"section\" data-e-type=\"section\" data-settings=\"{&quot;background_background&quot;:&quot;classic&quot;}\">\n\t\t\t\t\t\t<div class=\"elementor-container elementor-column-gap-default\">\n\t\t\t\t\t<div class=\"elementor-column elementor-col-100 elementor-top-column elementor-element elementor-element-261067c\" data-id=\"261067c\" data-element_type=\"column\" data-e-type=\"column\">\n\t\t\t<div class=\"elementor-widget-wrap elementor-element-populated\">\n\t\t\t\t\t\t<div class=\"elementor-element elementor-element-86e76b0 elementor-widget elementor-widget-heading\" data-id=\"86e76b0\" data-element_type=\"widget\" data-e-type=\"widget\" data-widget_type=\"heading.default\">\n\t\t\t\t<div class=\"elementor-widget-container\">\n\t\t\t\t\t<h2 class=\"elementor-heading-title elementor-size-default\">GDPR szab\u00e1lyok<\/h2>\t\t\t\t<\/div>\n\t\t\t\t<\/div>\n\t\t\t\t\t<\/div>\n\t\t<\/div>\n\t\t\t\t\t<\/div>\n\t\t<\/section>\n\t\t\t\t<section class=\"elementor-section elementor-top-section elementor-element elementor-element-f1a3b20 elementor-section-boxed elementor-section-height-default elementor-section-height-default\" data-id=\"f1a3b20\" data-element_type=\"section\" data-e-type=\"section\" data-settings=\"{&quot;background_background&quot;:&quot;classic&quot;}\">\n\t\t\t\t\t\t<div class=\"elementor-container elementor-column-gap-default\">\n\t\t\t\t\t<div class=\"elementor-column elementor-col-100 elementor-top-column elementor-element elementor-element-cfacc0e\" data-id=\"cfacc0e\" data-element_type=\"column\" data-e-type=\"column\">\n\t\t\t<div class=\"elementor-widget-wrap elementor-element-populated\">\n\t\t\t\t\t\t<div class=\"elementor-element elementor-element-9c7fc2b elementor-widget elementor-widget-text-editor\" data-id=\"9c7fc2b\" data-element_type=\"widget\" data-e-type=\"widget\" data-widget_type=\"text-editor.default\">\n\t\t\t\t<div class=\"elementor-widget-container\">\n\t\t\t\t\t\t\t\t\t<h3>Az adatkezel\u0151<\/h3><p>A Senit Kft. (sz\u00e9khely: 1095 Budapest, Soroks\u00e1ri \u00fat 48-54., c\u00e9gjegyz\u00e9ki sz\u00e1m: 01 09 860341; e-mail:\u00a0info@senit.hu ; telefon: <strong>+36 30 305 5606<\/strong> )<\/p><h3>A kezelt adatok k\u00f6re<\/h3><p>A honlap megtekint\u00e9se sor\u00e1n a technikai m\u0171k\u00f6d\u00e9s miatt automatikusan r\u00f6gz\u00edt\u00e9sre ker\u00fcl a felhaszn\u00e1l\u00f3 l\u00e1togat\u00e1s\u00e1nak kezd\u0151 \u00e9s befejez\u0151 id\u0151pontja, illetve egyes esetekben \u2013 a felhaszn\u00e1l\u00f3 sz\u00e1m\u00edt\u00f3g\u00e9p\u00e9nek be\u00e1ll\u00edt\u00e1s\u00e1t\u00f3l f\u00fcgg\u0151en \u2013 a b\u00f6ng\u00e9sz\u0151, az oper\u00e1ci\u00f3s rendszer adatai \u00e9s a felhaszn\u00e1l\u00f3 IP c\u00edme, illetve annak az oldalnak a neve, ahonnan a felhaszn\u00e1l\u00f3 \u00e9rkezett. Ezen adatokb\u00f3l a rendszer automatikusan statisztikai adatokat gener\u00e1l. Az \u00fczemeltet\u0151 ezen adatokat nem kapcsolja \u00f6ssze m\u00e1s szem\u00e9lyes adatokkal, kiz\u00e1r\u00f3lag a statisztik\u00e1k elk\u00e9sz\u00edt\u00e9s\u00e9re haszn\u00e1lja. A tasz.hu l\u00e1togat\u00f3k sz\u00e1m\u00edt\u00f3g\u00e9p\u00e9re cookie-t k\u00fcld. A cookie t\u00f6bbek k\u00f6z\u00f6tt a felhaszn\u00e1l\u00f3knak t\u00f6rt\u00e9n\u0151 automatikus \u00fczenetek megjelen\u00edt\u00e9se miatt sz\u00fcks\u00e9ges. A cookie-kat kereskedelmi c\u00e9lra a Senit Kft. nem haszn\u00e1lja, de remarketing eszk\u00f6z\u00f6k\u00f6n kereszt\u00fcl (Google k\u00f6vet\u0151k\u00f3d, Facebook pixel) az adom\u00e1nyoz\u00e1s n\u00e9pszer\u0171s\u00edt\u00e9s\u00e9re igen.<\/p><p>B\u00e1rki l\u00e1togathatja a honlapot an\u00e9lk\u00fcl, hogy a technikailag automatikus adatkezel\u00e9sen t\u00fal b\u00e1rmilyen szem\u00e9lyes adatokat kellene megadnia.<\/p><p>A h\u00edrlev\u00e9l ig\u00e9nyl\u00e9s, k\u00e9rd\u00e9sek, jogseg\u00e9ly, t\u00e1mogat\u00e1s \u00e9s egy\u00e9b megkeres\u00e9sek eset\u00e9n a felhaszn\u00e1l\u00f3 nev\u00e9t, c\u00edm\u00e9t, telefonsz\u00e1m\u00e1t, e-mail c\u00edm\u00e9t a Senit Kft. kiz\u00e1r\u00f3lag kapcsolattart\u00e1si c\u00e9lra haszn\u00e1lja. A Senit Kft. a szem\u00e9lyes adatokat nem teszi hozz\u00e1f\u00e9rhet\u0151v\u00e9 a honlap m\u00e1s l\u00e1togat\u00f3i sz\u00e1m\u00e1ra<\/p><h3>Az adatkezel\u00e9s jogalapja<\/h3><p>A honlap haszn\u00e1lat\u00e1hoz megadott adatok kezel\u00e9se a felhaszn\u00e1l\u00f3 \u00f6nk\u00e9ntes hozz\u00e1j\u00e1rul\u00e1s\u00e1val, a jelen t\u00e1j\u00e9koztat\u00e1s ismeret\u00e9ben t\u00f6rt\u00e9nik. A 2. pontban megjel\u00f6lt szem\u00e9lyes adatok kezel\u00e9s\u00e9nek jogalapja a felhaszn\u00e1l\u00f3k \u00f6nk\u00e9ntes hozz\u00e1j\u00e1rul\u00e1sa.<\/p><h3>Az adatkezel\u00e9s c\u00e9ljai<\/h3><ul><li>Weboldal l\u00e1togat\u00f3i adatok \u2013 A l\u00e1togat\u00e1s id\u0151pontja, az IP c\u00edm, valamint a b\u00f6ng\u00e9sz\u0151 \u00e9s oper\u00e1ci\u00f3s rendszer adatainak felv\u00e9tele \u00e9s t\u00e1rol\u00e1sa a rendszer m\u0171k\u00f6d\u00e9s\u00e9nek saj\u00e1toss\u00e1ga, kezel\u00e9s\u00fck technikailag elengedhetetlen, kiz\u00e1r\u00f3lag statisztikai c\u00e9lokb\u00f3l t\u00f6rt\u00e9nik.<\/li><li>H\u00edrlev\u00e9l feliratkoz\u00e1s \u2013 A Senit Kft. kezel\u00e9s\u00e9be adott szem\u00e9lyes adatok kezel\u00e9s\u00e9nek a c\u00e9lja, hogy az \u00e9rintett h\u00edrlevelet ig\u00e9nyeljen, A Senit Kft. pedig h\u00edrlevelet k\u00fcldhessen sz\u00e1m\u00e1ra. A szem\u00e9lyes adatok kezel\u00e9se mind a h\u00edrlev\u00e9l szolg\u00e1ltat\u00e1s biztos\u00edt\u00e1sa, mind az \u00e9rintettel val\u00f3 ezir\u00e1ny\u00fa kommunik\u00e1ci\u00f3 c\u00e9lj\u00e1b\u00f3l t\u00f6rt\u00e9nik. A szem\u00e9lyes adatokat a Senit Kft. elt\u00e9r\u0151 c\u00e9lra nem haszn\u00e1lja \u00e9s bizalmasan kezeli. A h\u00edrlev\u00e9l lemond\u00e1sa \u00fagy t\u00f6rt\u00e9nik, hogy a h\u00edrlev\u00e9l l\u00e1bl\u00e9c\u00e9ben tal\u00e1lhat\u00f3 adatv\u00e9delmi t\u00e1j\u00e9koztat\u00f3 ut\u00e1n elhelyezett \u2018Leiratkoz\u00e1s\/unsubscribe\u2019 link megnyom\u00e1s\u00e1val a felhaszn\u00e1l\u00f3 a leiratkoz\u00e1si oldalra navig\u00e1l. Itt a felhaszn\u00e1l\u00f3 be\u00edrja egy beviteli mez\u0151be az e- mail c\u00edm\u00e9t \u00e9s megnyomja a lemond gombot.<\/li><li>T\u00e1mogat\u00e1s \u2013 A Senit Kft. kezel\u00e9s\u00e9be adott szem\u00e9lyes adatok kezel\u00e9s\u00e9nek a c\u00e9lja, hogy az adatkezel\u0151 Senit Kft. a szolg\u00e1ltat\u00e1s zavartalan biztos\u00edt\u00e1sa \u00e9rdek\u00e9ben a szolg\u00e1ltat\u00f3 \u00e9s az \u00e9rintett k\u00f6z\u00f6tti kommunik\u00e1ci\u00f3t szavatolja. A szem\u00e9lyes adatokat a Senit Kft. elt\u00e9r\u0151 c\u00e9lra nem haszn\u00e1lja \u00e9s bizalmasan kezeli.\u00a0<\/li><li>Jogseg\u00e9ly kapcsolatfelv\u00e9teli \u0171rlap \u2013 A Senit Kft. kezel\u00e9s\u00e9be adott szem\u00e9lyes adatok kezel\u00e9s\u00e9nek a c\u00e9lja, hogy az \u00e9rintett jogseg\u00e9lyt ig\u00e9nyelhessen, a Senit Kft. pedig jogseg\u00e9lyt biztos\u00edthasson sz\u00e1m\u00e1ra. A szem\u00e9lyes adatokat a Senit Kft. elt\u00e9r\u0151 c\u00e9lra nem haszn\u00e1lja \u00e9s bizalmasan kezeli.<\/li><\/ul><p>Ezen adatok \u00f6sszes\u00edtett, statisztikai c\u00e9l\u00fa felhaszn\u00e1l\u00e1s\u00e1ra ker\u00fcl sor. Az adatkezel\u0151 a megjel\u00f6lt c\u00e9lokt\u00f3l elt\u00e9r\u0151 c\u00e9lra a szem\u00e9lyes adatokat nem kezeli. Az \u00edgy megadott adatok kezel\u00e9se a felhaszn\u00e1l\u00f3 \u00f6nk\u00e9ntes hozz\u00e1j\u00e1rul\u00e1s\u00e1val t\u00f6rt\u00e9nik.<\/p><h3>Az adatkezel\u00e9s id\u0151tartama<\/h3><p>A session ID-k a b\u00f6ng\u00e9sz\u0151 bez\u00e1r\u00e1sakor automatikusan t\u00f6rl\u0151dnek. A felhaszn\u00e1l\u00f3 a saj\u00e1t cookie-j\u00e1t b\u00e1rmikor t\u00f6r\u00f6lheti. A cookie-k automatikusan t\u00f6rl\u0151dnek a b\u00f6ng\u00e9sz\u0151 be\u00e1ll\u00edt\u00e1s\u00e1t\u00f3l f\u00fcgg\u0151en. Amennyiben \u00d6n hozz\u00e1j\u00e1rult ahhoz, hogy adatait h\u00edrlev\u00e9l, t\u00e1mogat\u00f3i kommunik\u00e1ci\u00f3 vagy jogseg\u00e9ly c\u00e9lj\u00e1ra haszn\u00e1ljuk, ezen adatokat addig t\u00e1roljuk, m\u00edg arr\u00f3l \u00d6n m\u00e1sk\u00e9nt nem rendelkezik \/ a hozz\u00e1j\u00e1rul\u00e1st \u00d6n vissza nem vonja.<\/p><h3>Az adatokhoz hozz\u00e1f\u00e9r\u0151k k\u00f6re, adatfeldolgoz\u00f3k<\/h3><p>A felhaszn\u00e1l\u00f3k \u00e1ltal megadott szem\u00e9lyes adatokhoz, valamint a technikai m\u0171k\u00f6d\u00e9s miatt automatikusan megismert adatokhoz kiz\u00e1r\u00f3lag az adatkezel\u0151 munkat\u00e1rsai f\u00e9rhetnek hozz\u00e1. Az automatikusan gener\u00e1lt adatokhoz adatfeldolgoz\u00f3k\u00e9nt a linode is hozz\u00e1f\u00e9r, amely N\u00e9metorsz\u00e1gban, Frankfurtban tartja fent szerver\u00e9t.<\/p><p>Szem\u00e9lyes adatokat harmadik szem\u00e9lyeknek az adatkezel\u0151 nem ad \u00e1t, kiv\u00e9ve akkor, ha a felhaszn\u00e1l\u00f3 olyan c\u00e9lb\u00f3l adta meg szem\u00e9lyes adat\u00e1t. \u00cdgy jogseg\u00e9lyk\u00e9r\u00e9sek eset\u00e9n az \u00fcgyv\u00e9d, k\u00e9rd\u00e9s eset\u00e9n a projektvezet\u0151k, t\u00e1mogat\u00e1s eset\u00e9n pedig a szerz\u0151d\u0151 bankok hozz\u00e1f\u00e9rnek a felhaszn\u00e1l\u00f3 \u00e1ltal k\u00fcld\u00f6tt inform\u00e1ci\u00f3hoz \u00e9s szem\u00e9lyes adatokhoz. A t\u00f6rv\u00e9nyben el\u0151\u00edrt, k\u00f6telez\u0151 adattov\u00e1bb\u00edt\u00e1sok eset\u00e9n a Senit Kft. az egyes hat\u00f3s\u00e1gi adatk\u00e9r\u00e9sek teljes\u00edt\u00e9se el\u0151tt minden egyes adat tekintet\u00e9ben megvizsg\u00e1lja, hogy val\u00f3ban fenn\u00e1ll-e az adattov\u00e1bb\u00edt\u00e1s jogalapja, \u00e9s sz\u00fcks\u00e9g eset\u00e9n kik\u00e9ri az adatv\u00e9delmi hat\u00f3s\u00e1g v\u00e9lem\u00e9ny\u00e9t.<\/p><p>A felhaszn\u00e1l\u00f3 b\u00e1rmikor jogosult m\u00f3dos\u00edtani a megadott adatokat. H\u00edrlev\u00e9l ig\u00e9nyl\u00e9se est\u00e9n az \u00faj e-mail c\u00edm megad\u00e1s\u00e1hoz le kell iratkozni, majd az \u00faj e-mail c\u00edmmel feliratkozni. Nem nyilv\u00e1nos, \u00e9s harmadik szem\u00e9ly sz\u00e1m\u00e1ra nem hozz\u00e1f\u00e9rhet\u0151 az \u00e9rintett e-mail c\u00edme.<\/p><h3>Az \u00e9rintettek szem\u00e9lyes adataik kezel\u00e9s\u00e9vel kapcsolatos jogai<\/h3><p><em>Hozz\u00e1f\u00e9r\u00e9s<\/em><\/p><p>Szem\u00e9lyes adataik kezel\u00e9s\u00e9r\u0151l minden \u00e9rintett t\u00e1j\u00e9koztat\u00e1st k\u00e9rhet. Az adatkezel\u0151 k\u00e9r\u00e9sre 30 napon bel\u00fcl \u00edr\u00e1sban t\u00e1j\u00e9koztat\u00e1st ad az \u00e9rintettnek az \u00e1ltala kezelt adatair\u00f3l, az adatkezel\u00e9s c\u00e9lj\u00e1r\u00f3l, jogalapj\u00e1r\u00f3l, id\u0151tartam\u00e1r\u00f3l, az adatfeldolgoz\u00f3 nev\u00e9r\u0151l, c\u00edm\u00e9r\u0151l (sz\u00e9khely\u00e9r\u0151l) \u00e9s az adatkezel\u00e9ssel \u00f6sszef\u00fcgg\u0151 tev\u00e9kenys\u00e9g\u00e9r\u0151l, tov\u00e1bb\u00e1 arr\u00f3l, hogy kik \u00e9s milyen c\u00e9lb\u00f3l kapj\u00e1k vagy kapt\u00e1k meg az adatokat. Mindezeket a jogait csak el\u0151zetes azonos\u00edt\u00e1st k\u00f6vet\u0151en tudjuk biztos\u00edtani. Ez\u00e9rt k\u00e9rj\u00fck, hogy az adatkezel\u00e9ssel \u00f6sszef\u00fcgg\u0151 k\u00e9r\u00e9seit, nyilatkozatait, panaszait jelentse be a Senit Kft. valamely el\u00e9rhet\u0151s\u00e9g\u00e9n (sz\u00e9khely: 1095 Budapest, Soroks\u00e1ri \u00fat 48-54., c\u00e9gjegyz\u00e9ki sz\u00e1m: 01 09 860341; e-mail:\u00a0info@senit.hu ; telefon: +36 30 305 5606 Fax: +36 1 238 0720 ). K\u00e9sz\u00fclj\u00f6n fel r\u00e1, hogy jogainak gyakorl\u00e1s\u00e1hoz sz\u00fcks\u00e9g lesz szem\u00e9lyazonoss\u00e1g\u00e1nak igazol\u00e1s\u00e1ra.<\/p><p><em>Helyesb\u00edt\u00e9s \u00e9s t\u00f6rl\u00e9s<\/em><\/p><p>Az \u00e9rintettek \u00edr\u00e1sban k\u00e9rhetik a szem\u00e9lyes adataik (vagy azok egy r\u00e9sz\u00e9nek) m\u00f3dos\u00edt\u00e1s\u00e1t \u00e9s t\u00f6rl\u00e9s\u00e9t. Ezen k\u00e9r\u00e9sekre az adatkezel\u0151 a lehet\u0151 legr\u00f6videbb id\u0151n, de legfeljebb h\u00e1rom h\u00e9ten bel\u00fcl visszajelz\u00e9st k\u00fcld. T\u00f6rl\u00e9s abban az esetben lehets\u00e9ges, ha az \u00e9rintett visszavonja az adatkezel\u00e9s alapj\u00e1t k\u00e9pez\u0151 hozz\u00e1j\u00e1rul\u00e1s\u00e1t, \u00e9s az adatkezel\u00e9snek nincs m\u00e1s jogalapja. Az e-mailen k\u00e9rt adatt\u00f6rl\u00e9sre a kifog\u00e1s meg\u00e9rkez\u00e9s\u00e9t\u0151l legk\u00e9s\u0151bb a lehet\u0151 legr\u00f6videbb id\u0151n, de legfeljebb h\u00e1rom h\u00e9ten bel\u00fcl v\u00e1laszol az adatkezel\u0151. Augusztus 1-20 k\u00f6z\u00f6tt, valamint december 24. \u00e9s janu\u00e1r 2. k\u00f6z\u00f6tt ez az id\u0151szak 1 h\u00e9t.<\/p><p><em>Tiltakoz\u00e1s<\/em><\/p><p>A felhaszn\u00e1l\u00f3k tiltakozhatnak szem\u00e9lyes adataik kezel\u00e9se ellen, ennek keret\u00e9ben k\u00e9rhetik szem\u00e9lyes adatainak helyesb\u00edt\u00e9s\u00e9t \u00e9s t\u00f6rl\u00e9s\u00e9t is az adatkezel\u0151 levelez\u00e9si c\u00edm\u00e9n (1095 Budapest, Soroks\u00e1ri \u00fat 48-54.), illetve a info@senit.hu e-mail c\u00edm\u00e9n.<\/p><p><em>Adatok hordozhat\u00f3s\u00e1ga<\/em><\/p><p>Az \u00e9rintettek \u00edr\u00e1sban k\u00e9rhetik az \u00e1ltaluk az adatkezel\u0151 rendelkez\u00e9s\u00e9re bocs\u00e1tott szem\u00e9lyes adatok rendelkez\u00e9sre bocs\u00e1t\u00e1s\u00e1t, sz\u00e9les k\u00f6rben haszn\u00e1lt, g\u00e9ppel olvashat\u00f3 form\u00e1tumban.<\/p><p>Az adatkezel\u0151 a k\u00e9r\u00e9st k\u00f6vet\u0151en ezt 30 napon bel\u00fcl az \u00e9rintett sz\u00e1m\u00e1ra rendelkez\u00e9sre bocs\u00e1tja.<\/p><h3>Adatbiztons\u00e1gi int\u00e9zked\u00e9sek<\/h3><p>A szem\u00e9lyes adatokat a linode internetszolg\u00e1ltat\u00f3 szerverterm\u00e9ben telep\u00edtett, 24 \u00f3r\u00e1s \u0151rz\u00e9ssel v\u00e9dett, saj\u00e1t, dedik\u00e1lt szerveren t\u00e1roljuk. A szerver N\u00e9metorsz\u00e1gban, Frankfurtban tal\u00e1lhat\u00f3, a 2. pontban megadott adatokat a Senit Kft. ezzel harmadik orsz\u00e1gba nem tov\u00e1bb\u00edtja.<\/p><h3>Jog\u00e9rv\u00e9nyes\u00edt\u00e9si lehet\u0151s\u00e9gek<\/h3><p>K\u00e9rj\u00fck a felhaszn\u00e1l\u00f3kat, hogy ha \u00fagy \u00e9rzi, hogy a Senit Kft. megs\u00e9rtette a szem\u00e9lyes adatok v\u00e9delm\u00e9hez f\u0171z\u0151d\u0151 jog\u00e1t, akkor vegye fel vel\u00fcnk a kapcsolatot, hogy az esetleges s\u00e9relmet orvosolhassuk. T\u00e1j\u00e9koztatjuk a felhaszn\u00e1l\u00f3kat, hogy ig\u00e9ny\u00fcket polg\u00e1ri b\u00edr\u00f3s\u00e1g el\u0151tt is \u00e9rv\u00e9nyes\u00edthetik, vagy k\u00e9rhetik az adatv\u00e9delmi hat\u00f3s\u00e1g seg\u00edts\u00e9g\u00e9t is. Erre, valamint az adatkezel\u0151 k\u00f6telezetts\u00e9geire vonatkoz\u00f3 r\u00e9szletes jogszab\u00e1lyi rendelkez\u00e9seket az Eu\u00f3rpai Parlamentnek \u00e9s a Tan\u00e1csnak a term\u00e9szetes szem\u00e9lyeknek a szem\u00e9lyes adatok kezel\u00e9se tekintet\u00e9ben t\u00f6rt\u00e9n\u0151 v\u00e9delm\u00e9r\u0151l \u00e9s az ilyen adatok szabad \u00e1raml\u00e1s\u00e1r\u00f3l, valamint a 95\/46\/EK rendelet hat\u00e1lyon k\u00edv\u00fcl helyez\u00e9s\u00e9r\u0151l sz\u00f3l\u00f3 2016\/679 rendelete (2016. \u00e1prilis 27.), az inform\u00e1ci\u00f3s \u00f6nrendelkez\u00e9si jogr\u00f3l \u00e9s az inform\u00e1ci\u00f3szabads\u00e1gr\u00f3l sz\u00f3l\u00f3 2011. \u00e9vi CXII. t\u00f6rv\u00e9ny tartalmazza, valamint az elektronikus kereskedelmi szolg\u00e1ltat\u00e1sok, valamint az inform\u00e1ci\u00f3s t\u00e1rsadalommal \u00f6sszef\u00fcgg\u0151 szolg\u00e1ltat\u00e1sok egyes k\u00e9rd\u00e9seir\u0151l sz\u00f3l\u00f3 a 2001. \u00e9vi CVIII. t\u00f6rv\u00e9ny 13\/A. \u00a7 tartalmazza.<\/p><p>A szem\u00e9lyes adatok v\u00e9delm\u00e9re vonatkoz\u00f3 tov\u00e1bbi k\u00e9rd\u00e9se van, akkor azt az info@senit.hu e-mail c\u00edmre jutassa el.<\/p><p>A T\u00e1rsas\u00e1g a Szabads\u00e1gjogok\u00e9rt az \u00d6n szem\u00e9lyes adat\u00e1t kiz\u00e1r\u00f3lag a jelen adatv\u00e9delmi nyilatkozat \u00e9s a hat\u00e1lyos adatv\u00e9delmi jogszab\u00e1lyoknak megfelel\u0151en dolgozza fel. Amennyiben azonban \u00d6n szem\u00e9lyes adatainak feldolgoz\u00e1s\u00e1val kapcsolatban m\u00e9gis panaszt szeretne tenni, vagy m\u00e1s m\u00f3don el\u00e9gedetlen azzal ahogyan az adatait kezelj\u00fck, jog\u00e1ban \u00e1ll a fel\u00fcgyeleti hat\u00f3s\u00e1gn\u00e1l panaszt tenni.<\/p><p>Nemzeti Adatv\u00e9delmi \u00e9s Inform\u00e1ci\u00f3szabads\u00e1g Hat\u00f3s\u00e1g (c\u00edm: 1125 Budapest, Szil\u00e1gyi Erzs\u00e9bet fasor 22\/c; telefon: +36-1-391-1400; e-mail: ugyfelszolgalat@naih.hu)<\/p><p>B\u00edr\u00f3s\u00e1gi \u00fat: az adatv\u00e9delmi perek elb\u00edr\u00e1l\u00e1sa a t\u00f6rv\u00e9nysz\u00e9k hat\u00e1sk\u00f6r\u00e9be tartozik. A per \u2013 az \u00e9rintett v\u00e1laszt\u00e1sa szerint \u2013 az \u00e9rintett lak\u00f3helye vagy tart\u00f3zkod\u00e1si helye szerinti t\u00f6rv\u00e9nysz\u00e9k el\u0151tt is megind\u00edthat\u00f3.<\/p><h3>Kik\u00f6t\u00e9s<\/h3><p>Az adatkezel\u0151 fenntartja a jogot, hogy az adatv\u00e9delmi nyilatkozat\u00e1t megv\u00e1ltoztassa. Erre k\u00fcl\u00f6n\u00f6sen akkor ker\u00fclhet sor, ha a szolg\u00e1ltat\u00e1sok k\u00f6re b\u0151v\u00fcl, vagy ha jogszab\u00e1ly azt k\u00f6telez\u0151v\u00e9 teszi. Az adatkezel\u00e9s megv\u00e1ltoz\u00e1sa nem jelentheti a szem\u00e9lyes adatok c\u00e9lt\u00f3l elt\u00e9r\u0151 kezel\u00e9s\u00e9t. Az erre vonatkoz\u00f3 t\u00e1j\u00e9koztat\u00e1st az adatkezel\u0151 15 nappal el\u0151re k\u00f6zz\u00e9teszi honlapj\u00e1n.<\/p>\t\t\t\t\t\t\t\t<\/div>\n\t\t\t\t<\/div>\n\t\t\t\t\t<\/div>\n\t\t<\/div>\n\t\t\t\t\t<\/div>\n\t\t<\/section>\n\t\t\t\t<\/div>\n\t\t","protected":false},"excerpt":{"rendered":"<p>GDPR szab\u00e1lyok Az adatkezel\u0151 A Senit Kft. (sz\u00e9khely: 1095 Budapest, Soroks\u00e1ri \u00fat 48-54., c\u00e9gjegyz\u00e9ki sz\u00e1m: 01 09 860341; e-mail:\u00a0info@senit.hu ; telefon: +36 30 305 5606 ) A kezelt adatok k\u00f6re A honlap megtekint\u00e9se sor\u00e1n a technikai m\u0171k\u00f6d\u00e9s miatt automatikusan r\u00f6gz\u00edt\u00e9sre ker\u00fcl a felhaszn\u00e1l\u00f3 l\u00e1togat\u00e1s\u00e1nak kezd\u0151 \u00e9s befejez\u0151 id\u0151pontja, illetve egyes esetekben \u2013 a felhaszn\u00e1l\u00f3 sz\u00e1m\u00edt\u00f3g\u00e9p\u00e9nek &hellip; <a href=\"https:\/\/senit.hu\/?page_id=255\" class=\"more-link\"><span class=\"screen-reader-text\">&#8222;GDPR szab\u00e1lyzat&#8221;<\/span> b\u0151vebben<\/a><\/p>\n","protected":false},"author":3,"featured_media":0,"parent":0,"menu_order":0,"comment_status":"closed","ping_status":"closed","template":"elementor_canvas","meta":{"_monsterinsights_skip_tracking":false,"_monsterinsights_sitenote_active":false,"_monsterinsights_sitenote_note":"","_monsterinsights_sitenote_category":0,"footnotes":""},"class_list":["post-255","page","type-page","status-publish","hentry"],"yoast_head":"<!-- This site is optimized with the Yoast SEO plugin v27.4 - https:\/\/yoast.com\/product\/yoast-seo-wordpress\/ -->\n<title>GDPR szab\u00e1lyzat - Senit - iT, oT, IoT<\/title>\n<meta name=\"robots\" content=\"index, follow, max-snippet:-1, max-image-preview:large, max-video-preview:-1\" \/>\n<link rel=\"canonical\" href=\"https:\/\/senit.hu\/?page_id=255\" \/>\n<meta property=\"og:locale\" content=\"hu_HU\" \/>\n<meta property=\"og:type\" content=\"article\" \/>\n<meta property=\"og:title\" content=\"GDPR szab\u00e1lyzat - Senit - iT, oT, IoT\" \/>\n<meta property=\"og:description\" content=\"GDPR szab\u00e1lyok Az adatkezel\u0151 A Senit Kft. (sz\u00e9khely: 1095 Budapest, Soroks\u00e1ri \u00fat 48-54., c\u00e9gjegyz\u00e9ki sz\u00e1m: 01 09 860341; e-mail:\u00a0info@senit.hu ; telefon: +36 30 305 5606 ) A kezelt adatok k\u00f6re A honlap megtekint\u00e9se sor\u00e1n a technikai m\u0171k\u00f6d\u00e9s miatt automatikusan r\u00f6gz\u00edt\u00e9sre ker\u00fcl a felhaszn\u00e1l\u00f3 l\u00e1togat\u00e1s\u00e1nak kezd\u0151 \u00e9s befejez\u0151 id\u0151pontja, illetve egyes esetekben \u2013 a felhaszn\u00e1l\u00f3 sz\u00e1m\u00edt\u00f3g\u00e9p\u00e9nek &hellip; &quot;GDPR szab\u00e1lyzat&quot; b\u0151vebben\" \/>\n<meta property=\"og:url\" content=\"https:\/\/senit.hu\/?page_id=255\" \/>\n<meta property=\"og:site_name\" content=\"Senit - iT, oT, IoT\" \/>\n<meta property=\"article:modified_time\" content=\"2022-07-15T13:55:49+00:00\" \/>\n<meta name=\"twitter:card\" content=\"summary_large_image\" \/>\n<meta name=\"twitter:label1\" content=\"Becs\u00fclt olvas\u00e1si id\u0151\" \/>\n\t<meta name=\"twitter:data1\" content=\"7 perc\" \/>\n<script type=\"application\/ld+json\" class=\"yoast-schema-graph\">{\"@context\":\"https:\\\/\\\/schema.org\",\"@graph\":[{\"@type\":\"WebPage\",\"@id\":\"https:\\\/\\\/senit.hu\\\/?page_id=255\",\"url\":\"https:\\\/\\\/senit.hu\\\/?page_id=255\",\"name\":\"GDPR szab\u00e1lyzat - Senit - iT, oT, IoT\",\"isPartOf\":{\"@id\":\"https:\\\/\\\/senit.hu\\\/#website\"},\"datePublished\":\"2020-06-15T06:37:41+00:00\",\"dateModified\":\"2022-07-15T13:55:49+00:00\",\"breadcrumb\":{\"@id\":\"https:\\\/\\\/senit.hu\\\/?page_id=255#breadcrumb\"},\"inLanguage\":\"hu\",\"potentialAction\":[{\"@type\":\"ReadAction\",\"target\":[\"https:\\\/\\\/senit.hu\\\/?page_id=255\"]}]},{\"@type\":\"BreadcrumbList\",\"@id\":\"https:\\\/\\\/senit.hu\\\/?page_id=255#breadcrumb\",\"itemListElement\":[{\"@type\":\"ListItem\",\"position\":1,\"name\":\"Kezd\u0151lap\",\"item\":\"https:\\\/\\\/senit.hu\\\/\"},{\"@type\":\"ListItem\",\"position\":2,\"name\":\"GDPR szab\u00e1lyzat\"}]},{\"@type\":\"WebSite\",\"@id\":\"https:\\\/\\\/senit.hu\\\/#website\",\"url\":\"https:\\\/\\\/senit.hu\\\/\",\"name\":\"Senit - iT, oT, IoT\",\"description\":\"Senit Kft. - iT, oT, IoT\",\"publisher\":{\"@id\":\"https:\\\/\\\/senit.hu\\\/#organization\"},\"potentialAction\":[{\"@type\":\"SearchAction\",\"target\":{\"@type\":\"EntryPoint\",\"urlTemplate\":\"https:\\\/\\\/senit.hu\\\/?s={search_term_string}\"},\"query-input\":{\"@type\":\"PropertyValueSpecification\",\"valueRequired\":true,\"valueName\":\"search_term_string\"}}],\"inLanguage\":\"hu\"},{\"@type\":\"Organization\",\"@id\":\"https:\\\/\\\/senit.hu\\\/#organization\",\"name\":\"Senit - iT, oT, IoT\",\"url\":\"https:\\\/\\\/senit.hu\\\/\",\"logo\":{\"@type\":\"ImageObject\",\"inLanguage\":\"hu\",\"@id\":\"https:\\\/\\\/senit.hu\\\/#\\\/schema\\\/logo\\\/image\\\/\",\"url\":\"https:\\\/\\\/senit.hu\\\/wp-content\\\/uploads\\\/2020\\\/06\\\/cropped-cropped-senit_logo-masolat.png\",\"contentUrl\":\"https:\\\/\\\/senit.hu\\\/wp-content\\\/uploads\\\/2020\\\/06\\\/cropped-cropped-senit_logo-masolat.png\",\"width\":240,\"height\":240,\"caption\":\"Senit - iT, oT, IoT\"},\"image\":{\"@id\":\"https:\\\/\\\/senit.hu\\\/#\\\/schema\\\/logo\\\/image\\\/\"}}]}<\/script>\n<!-- \/ Yoast SEO plugin. -->","yoast_head_json":{"title":"GDPR szab\u00e1lyzat - Senit - iT, oT, IoT","robots":{"index":"index","follow":"follow","max-snippet":"max-snippet:-1","max-image-preview":"max-image-preview:large","max-video-preview":"max-video-preview:-1"},"canonical":"https:\/\/senit.hu\/?page_id=255","og_locale":"hu_HU","og_type":"article","og_title":"GDPR szab\u00e1lyzat - Senit - iT, oT, IoT","og_description":"GDPR szab\u00e1lyok Az adatkezel\u0151 A Senit Kft. (sz\u00e9khely: 1095 Budapest, Soroks\u00e1ri \u00fat 48-54., c\u00e9gjegyz\u00e9ki sz\u00e1m: 01 09 860341; e-mail:\u00a0info@senit.hu ; telefon: +36 30 305 5606 ) A kezelt adatok k\u00f6re A honlap megtekint\u00e9se sor\u00e1n a technikai m\u0171k\u00f6d\u00e9s miatt automatikusan r\u00f6gz\u00edt\u00e9sre ker\u00fcl a felhaszn\u00e1l\u00f3 l\u00e1togat\u00e1s\u00e1nak kezd\u0151 \u00e9s befejez\u0151 id\u0151pontja, illetve egyes esetekben \u2013 a felhaszn\u00e1l\u00f3 sz\u00e1m\u00edt\u00f3g\u00e9p\u00e9nek &hellip; \"GDPR szab\u00e1lyzat\" b\u0151vebben","og_url":"https:\/\/senit.hu\/?page_id=255","og_site_name":"Senit - iT, oT, IoT","article_modified_time":"2022-07-15T13:55:49+00:00","twitter_card":"summary_large_image","twitter_misc":{"Becs\u00fclt olvas\u00e1si id\u0151":"7 perc"},"schema":{"@context":"https:\/\/schema.org","@graph":[{"@type":"WebPage","@id":"https:\/\/senit.hu\/?page_id=255","url":"https:\/\/senit.hu\/?page_id=255","name":"GDPR szab\u00e1lyzat - Senit - iT, oT, IoT","isPartOf":{"@id":"https:\/\/senit.hu\/#website"},"datePublished":"2020-06-15T06:37:41+00:00","dateModified":"2022-07-15T13:55:49+00:00","breadcrumb":{"@id":"https:\/\/senit.hu\/?page_id=255#breadcrumb"},"inLanguage":"hu","potentialAction":[{"@type":"ReadAction","target":["https:\/\/senit.hu\/?page_id=255"]}]},{"@type":"BreadcrumbList","@id":"https:\/\/senit.hu\/?page_id=255#breadcrumb","itemListElement":[{"@type":"ListItem","position":1,"name":"Kezd\u0151lap","item":"https:\/\/senit.hu\/"},{"@type":"ListItem","position":2,"name":"GDPR szab\u00e1lyzat"}]},{"@type":"WebSite","@id":"https:\/\/senit.hu\/#website","url":"https:\/\/senit.hu\/","name":"Senit - iT, oT, IoT","description":"Senit Kft. - iT, oT, IoT","publisher":{"@id":"https:\/\/senit.hu\/#organization"},"potentialAction":[{"@type":"SearchAction","target":{"@type":"EntryPoint","urlTemplate":"https:\/\/senit.hu\/?s={search_term_string}"},"query-input":{"@type":"PropertyValueSpecification","valueRequired":true,"valueName":"search_term_string"}}],"inLanguage":"hu"},{"@type":"Organization","@id":"https:\/\/senit.hu\/#organization","name":"Senit - iT, oT, IoT","url":"https:\/\/senit.hu\/","logo":{"@type":"ImageObject","inLanguage":"hu","@id":"https:\/\/senit.hu\/#\/schema\/logo\/image\/","url":"https:\/\/senit.hu\/wp-content\/uploads\/2020\/06\/cropped-cropped-senit_logo-masolat.png","contentUrl":"https:\/\/senit.hu\/wp-content\/uploads\/2020\/06\/cropped-cropped-senit_logo-masolat.png","width":240,"height":240,"caption":"Senit - iT, oT, IoT"},"image":{"@id":"https:\/\/senit.hu\/#\/schema\/logo\/image\/"}}]}},"_links":{"self":[{"href":"https:\/\/senit.hu\/index.php?rest_route=\/wp\/v2\/pages\/255","targetHints":{"allow":["GET"]}}],"collection":[{"href":"https:\/\/senit.hu\/index.php?rest_route=\/wp\/v2\/pages"}],"about":[{"href":"https:\/\/senit.hu\/index.php?rest_route=\/wp\/v2\/types\/page"}],"author":[{"embeddable":true,"href":"https:\/\/senit.hu\/index.php?rest_route=\/wp\/v2\/users\/3"}],"replies":[{"embeddable":true,"href":"https:\/\/senit.hu\/index.php?rest_route=%2Fwp%2Fv2%2Fcomments&post=255"}],"version-history":[{"count":5,"href":"https:\/\/senit.hu\/index.php?rest_route=\/wp\/v2\/pages\/255\/revisions"}],"predecessor-version":[{"id":843,"href":"https:\/\/senit.hu\/index.php?rest_route=\/wp\/v2\/pages\/255\/revisions\/843"}],"wp:attachment":[{"href":"https:\/\/senit.hu\/index.php?rest_route=%2Fwp%2Fv2%2Fmedia&parent=255"}],"curies":[{"name":"wp","href":"https:\/\/api.w.org\/{rel}","templated":true}]}}