{"id":603,"date":"2020-11-25T10:56:12","date_gmt":"2020-11-25T10:56:12","guid":{"rendered":"https:\/\/senit.hu\/?page_id=603"},"modified":"2022-07-15T14:02:23","modified_gmt":"2022-07-15T14:02:23","slug":"scada-rendszerek","status":"publish","type":"page","link":"https:\/\/senit.hu\/?page_id=603","title":{"rendered":"SCADA rendszerek"},"content":{"rendered":"\t\t<div data-elementor-type=\"wp-page\" data-elementor-id=\"603\" class=\"elementor elementor-603\">\n\t\t\t\t\t\t<section class=\"elementor-section elementor-top-section elementor-element elementor-element-b99a099 elementor-section-stretched elementor-section-full_width elementor-section-height-min-height elementor-section-height-default elementor-section-items-middle\" data-id=\"b99a099\" data-element_type=\"section\" data-e-type=\"section\" data-settings=\"{&quot;stretch_section&quot;:&quot;section-stretched&quot;,&quot;background_background&quot;:&quot;classic&quot;}\">\n\t\t\t\t\t\t\t<div class=\"elementor-background-overlay\"><\/div>\n\t\t\t\t\t\t\t<div class=\"elementor-container elementor-column-gap-default\">\n\t\t\t\t\t<div class=\"elementor-column elementor-col-100 elementor-top-column elementor-element elementor-element-e8cb586\" data-id=\"e8cb586\" data-element_type=\"column\" data-e-type=\"column\">\n\t\t\t<div class=\"elementor-widget-wrap elementor-element-populated\">\n\t\t\t\t\t\t<div class=\"elementor-element elementor-element-6d92341 elementor-widget elementor-widget-heading\" data-id=\"6d92341\" data-element_type=\"widget\" data-e-type=\"widget\" data-widget_type=\"heading.default\">\n\t\t\t\t<div class=\"elementor-widget-container\">\n\t\t\t\t\t<h1 class=\"elementor-heading-title elementor-size-default\">SCADA rendszerek<\/h1>\t\t\t\t<\/div>\n\t\t\t\t<\/div>\n\t\t\t\t\t<\/div>\n\t\t<\/div>\n\t\t\t\t\t<\/div>\n\t\t<\/section>\n\t\t\t\t<section class=\"elementor-section elementor-top-section elementor-element elementor-element-acfd692 elementor-section-boxed elementor-section-height-default elementor-section-height-default\" data-id=\"acfd692\" data-element_type=\"section\" data-e-type=\"section\">\n\t\t\t\t\t\t<div class=\"elementor-container elementor-column-gap-default\">\n\t\t\t\t\t<div class=\"elementor-column elementor-col-100 elementor-top-column elementor-element elementor-element-dd6577c\" data-id=\"dd6577c\" data-element_type=\"column\" data-e-type=\"column\">\n\t\t\t<div class=\"elementor-widget-wrap elementor-element-populated\">\n\t\t\t\t\t\t<div class=\"elementor-element elementor-element-a81ef76 elementor-widget elementor-widget-heading\" data-id=\"a81ef76\" data-element_type=\"widget\" data-e-type=\"widget\" data-widget_type=\"heading.default\">\n\t\t\t\t<div class=\"elementor-widget-container\">\n\t\t\t\t\t<h2 class=\"elementor-heading-title elementor-size-default\">A Senit Kft. k\u00e9t ipari SCADA rendszer integr\u00e1tori szerep\u00e9t t\u00f6lti be Magyarorsz\u00e1gon. A PASS SCADA rendszert kisebb v\u00e1llalatoknak aj\u00e1nljuk, akik modulonk\u00e9nt szeretn\u00e9k telep\u00edteni a gy\u00e1rt\u00e1si technol\u00f3gia monitoring rendszer\u00e9t. Az Ignition pedig egy \u00f6sszetetteb nagyobb rendszere kiszolg\u00e1l\u00e1s\u00e1ra is k\u00e9pes, nagyipari felhaszn\u00e1l\u00e1sra tervezve.<\/h2>\t\t\t\t<\/div>\n\t\t\t\t<\/div>\n\t\t\t\t\t<\/div>\n\t\t<\/div>\n\t\t\t\t\t<\/div>\n\t\t<\/section>\n\t\t\t\t<section class=\"elementor-section elementor-top-section elementor-element elementor-element-9cbf7f3 elementor-section-boxed elementor-section-height-default elementor-section-height-default\" data-id=\"9cbf7f3\" data-element_type=\"section\" data-e-type=\"section\">\n\t\t\t\t\t\t<div class=\"elementor-container elementor-column-gap-default\">\n\t\t\t\t\t<div class=\"elementor-column elementor-col-50 elementor-top-column elementor-element elementor-element-6f01a34\" data-id=\"6f01a34\" data-element_type=\"column\" data-e-type=\"column\" data-settings=\"{&quot;background_background&quot;:&quot;classic&quot;}\">\n\t\t\t<div class=\"elementor-widget-wrap elementor-element-populated\">\n\t\t\t\t\t\t<div class=\"elementor-element elementor-element-d936eea elementor-widget elementor-widget-image\" data-id=\"d936eea\" data-element_type=\"widget\" data-e-type=\"widget\" data-widget_type=\"image.default\">\n\t\t\t\t<div class=\"elementor-widget-container\">\n\t\t\t\t\t\t\t\t\t\t\t\t\t\t\t\t<a href=\"https:\/\/senit.hu\/scada\/\">\n\t\t\t\t\t\t\t<img decoding=\"async\" src=\"https:\/\/senit.hu\/wp-content\/uploads\/elementor\/thumbs\/process_automatika_1abra-m\u00e1solat-qjwfa2jde1okngmusgh6zg77991zanlxj2j0e3ry2g.jpg\" title=\"process_automatika_1abra m\u00e1solat\" alt=\"process_automatika_1abra m\u00e1solat\" loading=\"lazy\" \/>\t\t\t\t\t\t\t\t<\/a>\n\t\t\t\t\t\t\t\t\t\t\t\t\t\t\t<\/div>\n\t\t\t\t<\/div>\n\t\t\t\t\t<\/div>\n\t\t<\/div>\n\t\t\t\t<div class=\"elementor-column elementor-col-50 elementor-top-column elementor-element elementor-element-f794237\" data-id=\"f794237\" data-element_type=\"column\" data-e-type=\"column\">\n\t\t\t<div class=\"elementor-widget-wrap elementor-element-populated\">\n\t\t\t\t\t\t<div class=\"elementor-element elementor-element-2b9bdfe elementor-widget elementor-widget-image\" data-id=\"2b9bdfe\" data-element_type=\"widget\" data-e-type=\"widget\" data-widget_type=\"image.default\">\n\t\t\t\t<div class=\"elementor-widget-container\">\n\t\t\t\t\t\t\t\t\t\t\t\t\t\t\t\t<a href=\"https:\/\/senit.hu\/ignition-scada\/\">\n\t\t\t\t\t\t\t<img fetchpriority=\"high\" decoding=\"async\" width=\"450\" height=\"300\" src=\"https:\/\/senit.hu\/wp-content\/uploads\/2020\/11\/01_ignition.png\" class=\"attachment-full size-full wp-image-605\" alt=\"\" srcset=\"https:\/\/senit.hu\/wp-content\/uploads\/2020\/11\/01_ignition.png 450w, https:\/\/senit.hu\/wp-content\/uploads\/2020\/11\/01_ignition-300x200.png 300w\" sizes=\"(max-width: 450px) 85vw, 450px\" \/>\t\t\t\t\t\t\t\t<\/a>\n\t\t\t\t\t\t\t\t\t\t\t\t\t\t\t<\/div>\n\t\t\t\t<\/div>\n\t\t\t\t\t<\/div>\n\t\t<\/div>\n\t\t\t\t\t<\/div>\n\t\t<\/section>\n\t\t\t\t<\/div>\n\t\t","protected":false},"excerpt":{"rendered":"<p>SCADA rendszerek A Senit Kft. k\u00e9t ipari SCADA rendszer integr\u00e1tori szerep\u00e9t t\u00f6lti be Magyarorsz\u00e1gon. A PASS SCADA rendszert kisebb v\u00e1llalatoknak aj\u00e1nljuk, akik modulonk\u00e9nt szeretn\u00e9k telep\u00edteni a gy\u00e1rt\u00e1si technol\u00f3gia monitoring rendszer\u00e9t. Az Ignition pedig egy \u00f6sszetetteb nagyobb rendszere kiszolg\u00e1l\u00e1s\u00e1ra is k\u00e9pes, nagyipari felhaszn\u00e1l\u00e1sra tervezve.<\/p>\n","protected":false},"author":3,"featured_media":0,"parent":0,"menu_order":0,"comment_status":"closed","ping_status":"closed","template":"elementor_canvas","meta":{"_monsterinsights_skip_tracking":false,"_monsterinsights_sitenote_active":false,"_monsterinsights_sitenote_note":"","_monsterinsights_sitenote_category":0,"footnotes":""},"class_list":["post-603","page","type-page","status-publish","hentry"],"yoast_head":"<!-- This site is optimized with the Yoast SEO plugin v27.4 - https:\/\/yoast.com\/product\/yoast-seo-wordpress\/ -->\n<title>SCADA rendszerek rendszerek Magyarorsz\u00e1gon - Senit - iT, oT, IoT<\/title>\n<meta name=\"description\" content=\"A SCADA rendszerek k\u00e9pesek a v\u00e1llalatok \u00e9s gy\u00e1rt\u00f3c\u00e9gek teljes \u00fczemi folyamat\u00e1nak monitoroz\u00e1s\u00e1ra, ir\u00e1ny\u00edt\u00e1s\u00e1ra \u00e9s riportol\u00e1s\u00e1ra.\" \/>\n<meta name=\"robots\" content=\"index, follow, max-snippet:-1, max-image-preview:large, max-video-preview:-1\" \/>\n<link rel=\"canonical\" href=\"https:\/\/senit.hu\/?page_id=603\" \/>\n<meta property=\"og:locale\" content=\"hu_HU\" \/>\n<meta property=\"og:type\" content=\"article\" \/>\n<meta property=\"og:title\" content=\"SCADA rendszerek rendszerek Magyarorsz\u00e1gon - Senit - iT, oT, IoT\" \/>\n<meta property=\"og:description\" content=\"A SCADA rendszerek k\u00e9pesek a v\u00e1llalatok \u00e9s gy\u00e1rt\u00f3c\u00e9gek teljes \u00fczemi folyamat\u00e1nak monitoroz\u00e1s\u00e1ra, ir\u00e1ny\u00edt\u00e1s\u00e1ra \u00e9s riportol\u00e1s\u00e1ra.\" \/>\n<meta property=\"og:url\" content=\"https:\/\/senit.hu\/?page_id=603\" \/>\n<meta property=\"og:site_name\" content=\"Senit - iT, oT, IoT\" \/>\n<meta property=\"article:modified_time\" content=\"2022-07-15T14:02:23+00:00\" \/>\n<meta property=\"og:image\" content=\"https:\/\/senit.hu\/wp-content\/uploads\/2020\/11\/01_ignition.png\" \/>\n<meta name=\"twitter:card\" content=\"summary_large_image\" \/>\n<meta name=\"twitter:label1\" content=\"Becs\u00fclt olvas\u00e1si id\u0151\" \/>\n\t<meta name=\"twitter:data1\" content=\"1 perc\" \/>\n<script type=\"application\/ld+json\" class=\"yoast-schema-graph\">{\"@context\":\"https:\\\/\\\/schema.org\",\"@graph\":[{\"@type\":\"WebPage\",\"@id\":\"https:\\\/\\\/senit.hu\\\/?page_id=603\",\"url\":\"https:\\\/\\\/senit.hu\\\/?page_id=603\",\"name\":\"SCADA rendszerek rendszerek Magyarorsz\u00e1gon - Senit - iT, oT, IoT\",\"isPartOf\":{\"@id\":\"https:\\\/\\\/senit.hu\\\/#website\"},\"primaryImageOfPage\":{\"@id\":\"https:\\\/\\\/senit.hu\\\/?page_id=603#primaryimage\"},\"image\":{\"@id\":\"https:\\\/\\\/senit.hu\\\/?page_id=603#primaryimage\"},\"thumbnailUrl\":\"https:\\\/\\\/senit.hu\\\/wp-content\\\/uploads\\\/2020\\\/11\\\/01_ignition.png\",\"datePublished\":\"2020-11-25T10:56:12+00:00\",\"dateModified\":\"2022-07-15T14:02:23+00:00\",\"description\":\"A SCADA rendszerek k\u00e9pesek a v\u00e1llalatok \u00e9s gy\u00e1rt\u00f3c\u00e9gek teljes \u00fczemi folyamat\u00e1nak monitoroz\u00e1s\u00e1ra, ir\u00e1ny\u00edt\u00e1s\u00e1ra \u00e9s riportol\u00e1s\u00e1ra.\",\"breadcrumb\":{\"@id\":\"https:\\\/\\\/senit.hu\\\/?page_id=603#breadcrumb\"},\"inLanguage\":\"hu\",\"potentialAction\":[{\"@type\":\"ReadAction\",\"target\":[\"https:\\\/\\\/senit.hu\\\/?page_id=603\"]}]},{\"@type\":\"ImageObject\",\"inLanguage\":\"hu\",\"@id\":\"https:\\\/\\\/senit.hu\\\/?page_id=603#primaryimage\",\"url\":\"https:\\\/\\\/senit.hu\\\/wp-content\\\/uploads\\\/2020\\\/11\\\/01_ignition.png\",\"contentUrl\":\"https:\\\/\\\/senit.hu\\\/wp-content\\\/uploads\\\/2020\\\/11\\\/01_ignition.png\",\"width\":450,\"height\":300},{\"@type\":\"BreadcrumbList\",\"@id\":\"https:\\\/\\\/senit.hu\\\/?page_id=603#breadcrumb\",\"itemListElement\":[{\"@type\":\"ListItem\",\"position\":1,\"name\":\"Kezd\u0151lap\",\"item\":\"https:\\\/\\\/senit.hu\\\/\"},{\"@type\":\"ListItem\",\"position\":2,\"name\":\"SCADA rendszerek\"}]},{\"@type\":\"WebSite\",\"@id\":\"https:\\\/\\\/senit.hu\\\/#website\",\"url\":\"https:\\\/\\\/senit.hu\\\/\",\"name\":\"Senit - iT, oT, IoT\",\"description\":\"Senit Kft. - iT, oT, IoT\",\"publisher\":{\"@id\":\"https:\\\/\\\/senit.hu\\\/#organization\"},\"potentialAction\":[{\"@type\":\"SearchAction\",\"target\":{\"@type\":\"EntryPoint\",\"urlTemplate\":\"https:\\\/\\\/senit.hu\\\/?s={search_term_string}\"},\"query-input\":{\"@type\":\"PropertyValueSpecification\",\"valueRequired\":true,\"valueName\":\"search_term_string\"}}],\"inLanguage\":\"hu\"},{\"@type\":\"Organization\",\"@id\":\"https:\\\/\\\/senit.hu\\\/#organization\",\"name\":\"Senit - iT, oT, IoT\",\"url\":\"https:\\\/\\\/senit.hu\\\/\",\"logo\":{\"@type\":\"ImageObject\",\"inLanguage\":\"hu\",\"@id\":\"https:\\\/\\\/senit.hu\\\/#\\\/schema\\\/logo\\\/image\\\/\",\"url\":\"https:\\\/\\\/senit.hu\\\/wp-content\\\/uploads\\\/2020\\\/06\\\/cropped-cropped-senit_logo-masolat.png\",\"contentUrl\":\"https:\\\/\\\/senit.hu\\\/wp-content\\\/uploads\\\/2020\\\/06\\\/cropped-cropped-senit_logo-masolat.png\",\"width\":240,\"height\":240,\"caption\":\"Senit - iT, oT, IoT\"},\"image\":{\"@id\":\"https:\\\/\\\/senit.hu\\\/#\\\/schema\\\/logo\\\/image\\\/\"}}]}<\/script>\n<!-- \/ Yoast SEO plugin. -->","yoast_head_json":{"title":"SCADA rendszerek rendszerek Magyarorsz\u00e1gon - Senit - iT, oT, IoT","description":"A SCADA rendszerek k\u00e9pesek a v\u00e1llalatok \u00e9s gy\u00e1rt\u00f3c\u00e9gek teljes \u00fczemi folyamat\u00e1nak monitoroz\u00e1s\u00e1ra, ir\u00e1ny\u00edt\u00e1s\u00e1ra \u00e9s riportol\u00e1s\u00e1ra.","robots":{"index":"index","follow":"follow","max-snippet":"max-snippet:-1","max-image-preview":"max-image-preview:large","max-video-preview":"max-video-preview:-1"},"canonical":"https:\/\/senit.hu\/?page_id=603","og_locale":"hu_HU","og_type":"article","og_title":"SCADA rendszerek rendszerek Magyarorsz\u00e1gon - Senit - iT, oT, IoT","og_description":"A SCADA rendszerek k\u00e9pesek a v\u00e1llalatok \u00e9s gy\u00e1rt\u00f3c\u00e9gek teljes \u00fczemi folyamat\u00e1nak monitoroz\u00e1s\u00e1ra, ir\u00e1ny\u00edt\u00e1s\u00e1ra \u00e9s riportol\u00e1s\u00e1ra.","og_url":"https:\/\/senit.hu\/?page_id=603","og_site_name":"Senit - iT, oT, IoT","article_modified_time":"2022-07-15T14:02:23+00:00","og_image":[{"url":"https:\/\/senit.hu\/wp-content\/uploads\/2020\/11\/01_ignition.png","type":"","width":"","height":""}],"twitter_card":"summary_large_image","twitter_misc":{"Becs\u00fclt olvas\u00e1si id\u0151":"1 perc"},"schema":{"@context":"https:\/\/schema.org","@graph":[{"@type":"WebPage","@id":"https:\/\/senit.hu\/?page_id=603","url":"https:\/\/senit.hu\/?page_id=603","name":"SCADA rendszerek rendszerek Magyarorsz\u00e1gon - Senit - iT, oT, IoT","isPartOf":{"@id":"https:\/\/senit.hu\/#website"},"primaryImageOfPage":{"@id":"https:\/\/senit.hu\/?page_id=603#primaryimage"},"image":{"@id":"https:\/\/senit.hu\/?page_id=603#primaryimage"},"thumbnailUrl":"https:\/\/senit.hu\/wp-content\/uploads\/2020\/11\/01_ignition.png","datePublished":"2020-11-25T10:56:12+00:00","dateModified":"2022-07-15T14:02:23+00:00","description":"A SCADA rendszerek k\u00e9pesek a v\u00e1llalatok \u00e9s gy\u00e1rt\u00f3c\u00e9gek teljes \u00fczemi folyamat\u00e1nak monitoroz\u00e1s\u00e1ra, ir\u00e1ny\u00edt\u00e1s\u00e1ra \u00e9s riportol\u00e1s\u00e1ra.","breadcrumb":{"@id":"https:\/\/senit.hu\/?page_id=603#breadcrumb"},"inLanguage":"hu","potentialAction":[{"@type":"ReadAction","target":["https:\/\/senit.hu\/?page_id=603"]}]},{"@type":"ImageObject","inLanguage":"hu","@id":"https:\/\/senit.hu\/?page_id=603#primaryimage","url":"https:\/\/senit.hu\/wp-content\/uploads\/2020\/11\/01_ignition.png","contentUrl":"https:\/\/senit.hu\/wp-content\/uploads\/2020\/11\/01_ignition.png","width":450,"height":300},{"@type":"BreadcrumbList","@id":"https:\/\/senit.hu\/?page_id=603#breadcrumb","itemListElement":[{"@type":"ListItem","position":1,"name":"Kezd\u0151lap","item":"https:\/\/senit.hu\/"},{"@type":"ListItem","position":2,"name":"SCADA rendszerek"}]},{"@type":"WebSite","@id":"https:\/\/senit.hu\/#website","url":"https:\/\/senit.hu\/","name":"Senit - iT, oT, IoT","description":"Senit Kft. - iT, oT, IoT","publisher":{"@id":"https:\/\/senit.hu\/#organization"},"potentialAction":[{"@type":"SearchAction","target":{"@type":"EntryPoint","urlTemplate":"https:\/\/senit.hu\/?s={search_term_string}"},"query-input":{"@type":"PropertyValueSpecification","valueRequired":true,"valueName":"search_term_string"}}],"inLanguage":"hu"},{"@type":"Organization","@id":"https:\/\/senit.hu\/#organization","name":"Senit - iT, oT, IoT","url":"https:\/\/senit.hu\/","logo":{"@type":"ImageObject","inLanguage":"hu","@id":"https:\/\/senit.hu\/#\/schema\/logo\/image\/","url":"https:\/\/senit.hu\/wp-content\/uploads\/2020\/06\/cropped-cropped-senit_logo-masolat.png","contentUrl":"https:\/\/senit.hu\/wp-content\/uploads\/2020\/06\/cropped-cropped-senit_logo-masolat.png","width":240,"height":240,"caption":"Senit - iT, oT, IoT"},"image":{"@id":"https:\/\/senit.hu\/#\/schema\/logo\/image\/"}}]}},"_links":{"self":[{"href":"https:\/\/senit.hu\/index.php?rest_route=\/wp\/v2\/pages\/603","targetHints":{"allow":["GET"]}}],"collection":[{"href":"https:\/\/senit.hu\/index.php?rest_route=\/wp\/v2\/pages"}],"about":[{"href":"https:\/\/senit.hu\/index.php?rest_route=\/wp\/v2\/types\/page"}],"author":[{"embeddable":true,"href":"https:\/\/senit.hu\/index.php?rest_route=\/wp\/v2\/users\/3"}],"replies":[{"embeddable":true,"href":"https:\/\/senit.hu\/index.php?rest_route=%2Fwp%2Fv2%2Fcomments&post=603"}],"version-history":[{"count":12,"href":"https:\/\/senit.hu\/index.php?rest_route=\/wp\/v2\/pages\/603\/revisions"}],"predecessor-version":[{"id":880,"href":"https:\/\/senit.hu\/index.php?rest_route=\/wp\/v2\/pages\/603\/revisions\/880"}],"wp:attachment":[{"href":"https:\/\/senit.hu\/index.php?rest_route=%2Fwp%2Fv2%2Fmedia&parent=603"}],"curies":[{"name":"wp","href":"https:\/\/api.w.org\/{rel}","templated":true}]}}