{"id":722,"date":"2022-04-27T08:53:49","date_gmt":"2022-04-27T08:53:49","guid":{"rendered":"https:\/\/senit.hu\/?page_id=722"},"modified":"2022-09-12T13:39:34","modified_gmt":"2022-09-12T13:39:34","slug":"palyazati-informaciok","status":"publish","type":"page","link":"https:\/\/senit.hu\/?page_id=722","title":{"rendered":"P\u00e1ly\u00e1zati inform\u00e1ci\u00f3k"},"content":{"rendered":"\t\t<div data-elementor-type=\"wp-page\" data-elementor-id=\"722\" class=\"elementor elementor-722\">\n\t\t\t\t\t\t<section class=\"elementor-section elementor-top-section elementor-element elementor-element-f78eff6 elementor-section-boxed elementor-section-height-default elementor-section-height-default\" data-id=\"f78eff6\" data-element_type=\"section\" data-e-type=\"section\">\n\t\t\t\t\t\t<div class=\"elementor-container elementor-column-gap-default\">\n\t\t\t\t\t<div class=\"elementor-column elementor-col-100 elementor-top-column elementor-element elementor-element-705c660\" data-id=\"705c660\" data-element_type=\"column\" data-e-type=\"column\" data-settings=\"{&quot;background_background&quot;:&quot;slideshow&quot;,&quot;background_slideshow_gallery&quot;:[{&quot;id&quot;:744,&quot;url&quot;:&quot;https:\\\/\\\/senit.hu\\\/wp-content\\\/uploads\\\/2022\\\/04\\\/closeup-hand-signing-paper-workspace-scaled.jpg&quot;}],&quot;background_slideshow_loop&quot;:&quot;yes&quot;,&quot;background_slideshow_slide_duration&quot;:5000,&quot;background_slideshow_slide_transition&quot;:&quot;fade&quot;,&quot;background_slideshow_transition_duration&quot;:500}\">\n\t\t\t<div class=\"elementor-widget-wrap elementor-element-populated\">\n\t\t\t\t\t\t<div class=\"elementor-element elementor-element-e80021a elementor-widget elementor-widget-heading\" data-id=\"e80021a\" data-element_type=\"widget\" data-e-type=\"widget\" data-widget_type=\"heading.default\">\n\t\t\t\t<div class=\"elementor-widget-container\">\n\t\t\t\t\t<h2 class=\"elementor-heading-title elementor-size-xl\"><!--[if gte mso 9]&gt;-->\n \n  Normal\n  0\n  \n  \n  21\n  \n  \n  false\n  false\n  false\n  \n  HU\n  X-NONE\n  X-NONE\n  \n   \n   \n   \n   \n   \n   \n   \n   \n   \n  \n  MicrosoftInternetExplorer4\n  \n   \n   \n   \n   \n   \n   \n   \n   \n   \n   \n   \n  \n<!--[if gte mso 9]&gt;-->\n \n  \n  \n  \n  \n  \n  \n  \n  \n  \n  \n  \n  \n  \n  \n  \n  \n  \n  \n  \n  \n  \n  \n  \n  \n  \n  \n  \n  \n  \n  \n  \n  \n  \n  \n  \n  \n  \n  \n  \n  \n  \n  \n  \n  \n  \n  \n  \n  \n  \n  \n  \n  \n  \n  \n  \n  \n  \n  \n  \n  \n  \n  \n  \n  \n  \n  \n  \n  \n  \n  \n  \n  \n  \n  \n  \n  \n  \n  \n  \n  \n  \n  \n  \n  \n  \n  \n  \n  \n  \n  \n  \n  \n  \n  \n  \n  \n  \n  \n  \n  \n  \n  \n  \n  \n  \n  \n  \n  \n  \n  \n  \n  \n  \n  \n  \n  \n  \n  \n  \n  \n  \n  \n  \n  \n  \n  \n  \n  \n  \n  \n  \n  \n  \n  \n  \n  \n  \n  \n  \n  \n  \n  \n  \n  \n  \n  \n  \n  \n  \n  \n  \n  \n  \n  \n  \n  \n  \n  \n  \n  \n  \n  \n  \n  \n  \n  \n  \n  \n  \n  \n  \n  \n  \n  \n  \n  \n  \n  \n  \n  \n  \n  \n  \n  \n  \n  \n  \n  \n  \n  \n  \n  \n  \n  \n  \n  \n  \n  \n  \n  \n  \n  \n  \n  \n  \n  \n  \n  \n  \n  \n  \n  \n  \n  \n  \n  \n  \n  \n  \n  \n  \n  \n  \n  \n  \n  \n  \n  \n  \n  \n  \n  \n  \n  \n  \n  \n  \n  \n  \n  \n  \n  \n  \n  \n  \n  \n  \n  \n  \n  \n  \n  \n  \n  \n  \n  \n  \n  \n  \n  \n  \n  \n  \n  \n  \n  \n  \n  \n  \n  \n  \n  \n  \n  \n  \n  \n  \n  \n  \n  \n  \n  \n  \n  \n  \n  \n  \n  \n  \n  \n  \n  \n  \n  \n  \n  \n  \n  \n  \n  \n  \n  \n  \n  \n  \n  \n  \n  \n  \n  \n  \n  \n  \n  \n  \n  \n  \n  \n  \n  \n  \n  \n  \n  \n  \n  \n  \n  \n  \n  \n  \n  \n  \n  \n  \n  \n  \n  \n  \n  \n  \n  \n  \n  \n  \n  \n  \n  \n  \n  \n  \n  \n  \n  \n  \n  \n  \n  \n  \n  \n  \n  \n  \n  \n  \n  \n  \n  \n  \n  \n  \n  \n  \n  \n  \n  \n \nGyakornokok foglalkoztat\u00e1sa a SENIT Kft. budapesti telephely\u00e9n<\/h2>\t\t\t\t<\/div>\n\t\t\t\t<\/div>\n\t\t\t\t\t<\/div>\n\t\t<\/div>\n\t\t\t\t\t<\/div>\n\t\t<\/section>\n\t\t\t\t<section class=\"elementor-section elementor-top-section elementor-element elementor-element-5ecffca elementor-section-boxed elementor-section-height-default elementor-section-height-default\" data-id=\"5ecffca\" data-element_type=\"section\" data-e-type=\"section\">\n\t\t\t\t\t\t<div class=\"elementor-container elementor-column-gap-default\">\n\t\t\t\t\t<div class=\"elementor-column elementor-col-100 elementor-top-column elementor-element elementor-element-4c42096\" data-id=\"4c42096\" data-element_type=\"column\" data-e-type=\"column\">\n\t\t\t<div class=\"elementor-widget-wrap elementor-element-populated\">\n\t\t\t\t\t\t<div class=\"elementor-element elementor-element-bd3e3b2 elementor-widget elementor-widget-text-editor\" data-id=\"bd3e3b2\" data-element_type=\"widget\" data-e-type=\"widget\" data-widget_type=\"text-editor.default\">\n\t\t\t\t<div class=\"elementor-widget-container\">\n\t\t\t\t\t\t\t\t\t<p><strong>P\u00e1ly\u00e1zat c\u00edme: <\/strong>Gyakornokok foglalkoztat\u00e1sa a SENIT Kft. budapesti sz\u00e9khely\u00e9n<\/p>\n<p><strong>A vissza nem t\u00e9r\u00edtend\u0151 t\u00e1mogat\u00e1s \u00f6sszege:<\/strong> 3 264 165 Ft.<\/p>\n<p><strong>Kedvezm\u00e9nyezett neve:<\/strong> SENIT Tervez\u0151, Kivitelez\u0151 \u00e9s Szolg\u00e1ltat\u00f3 Korl\u00e1tolt Felel\u0151ss\u00e9g\u0171 T\u00e1rsas\u00e1g<\/p>\n<p><strong>Projektazonos\u00edt\u00f3:<\/strong> VEKOP-8.3.2-18-2018-00035<\/p>\n<p><strong>T\u00e1mogat\u00e1si intenzit\u00e1s:<\/strong> 80%<\/p>\n<p><strong>\u00d6sszefoglal\u00f3:<\/strong> A projekt keret\u00e9n bel\u00fcl 1 f\u0151, 25 \u00e9v alatti p\u00e1lyakezd\u0151 fiatalt foglalkoztatunk v\u00e1llalkoz\u00e1sunkn\u00e1l, akivel a 13,5 h\u00f3napos projektmegval\u00f3s\u00edt\u00e1s sor\u00e1n hat\u00e9kony egy\u00fcttm\u0171k\u00f6d\u00e9st alak\u00edtunk ki, oszlopos tagjaiv\u00e1 v\u00e1lik v\u00e1llalkoz\u00e1sunknak.<\/p>\n<p><strong>A projekt tervezett befejez\u00e9si d\u00e1tuma:<\/strong> 2021.04.14.<\/p>\n<div>&nbsp;<\/div>\n<div>&nbsp;<\/div>\t\t\t\t\t\t\t\t<\/div>\n\t\t\t\t<\/div>\n\t\t\t\t\t<\/div>\n\t\t<\/div>\n\t\t\t\t\t<\/div>\n\t\t<\/section>\n\t\t\t\t<section class=\"elementor-section elementor-top-section elementor-element elementor-element-6b87fdd elementor-section-boxed elementor-section-height-default elementor-section-height-default\" data-id=\"6b87fdd\" data-element_type=\"section\" data-e-type=\"section\">\n\t\t\t\t\t\t<div class=\"elementor-container elementor-column-gap-default\">\n\t\t\t\t\t<div class=\"elementor-column elementor-col-100 elementor-top-column elementor-element elementor-element-b62d17f\" data-id=\"b62d17f\" data-element_type=\"column\" data-e-type=\"column\">\n\t\t\t<div class=\"elementor-widget-wrap elementor-element-populated\">\n\t\t\t\t\t\t<div class=\"elementor-element elementor-element-d9f0b85 elementor-widget elementor-widget-image\" data-id=\"d9f0b85\" data-element_type=\"widget\" data-e-type=\"widget\" data-widget_type=\"image.default\">\n\t\t\t\t<div class=\"elementor-widget-container\">\n\t\t\t\t\t\t\t\t\t\t\t\t\t\t\t<img fetchpriority=\"high\" decoding=\"async\" width=\"840\" height=\"581\" src=\"https:\/\/senit.hu\/wp-content\/uploads\/2022\/04\/infoblokk_kedv_final_RGB_ESZA-2-1024x708.jpg\" class=\"attachment-large size-large wp-image-763\" alt=\"\" srcset=\"https:\/\/senit.hu\/wp-content\/uploads\/2022\/04\/infoblokk_kedv_final_RGB_ESZA-2-1024x708.jpg 1024w, https:\/\/senit.hu\/wp-content\/uploads\/2022\/04\/infoblokk_kedv_final_RGB_ESZA-2-300x207.jpg 300w, https:\/\/senit.hu\/wp-content\/uploads\/2022\/04\/infoblokk_kedv_final_RGB_ESZA-2-768x531.jpg 768w, https:\/\/senit.hu\/wp-content\/uploads\/2022\/04\/infoblokk_kedv_final_RGB_ESZA-2-1200x829.jpg 1200w, https:\/\/senit.hu\/wp-content\/uploads\/2022\/04\/infoblokk_kedv_final_RGB_ESZA-2.jpg 1453w\" sizes=\"(max-width: 709px) 85vw, (max-width: 909px) 67vw, (max-width: 1362px) 62vw, 840px\" \/>\t\t\t\t\t\t\t\t\t\t\t\t\t\t\t<\/div>\n\t\t\t\t<\/div>\n\t\t\t\t\t<\/div>\n\t\t<\/div>\n\t\t\t\t\t<\/div>\n\t\t<\/section>\n\t\t\t\t<\/div>\n\t\t","protected":false},"excerpt":{"rendered":"<p>Gyakornokok foglalkoztat\u00e1sa a SENIT Kft. budapesti telephely\u00e9n P\u00e1ly\u00e1zat c\u00edme: Gyakornokok foglalkoztat\u00e1sa a SENIT Kft. budapesti sz\u00e9khely\u00e9n A vissza nem t\u00e9r\u00edtend\u0151 t\u00e1mogat\u00e1s \u00f6sszege: 3 264 165 Ft. Kedvezm\u00e9nyezett neve: SENIT Tervez\u0151, Kivitelez\u0151 \u00e9s Szolg\u00e1ltat\u00f3 Korl\u00e1tolt Felel\u0151ss\u00e9g\u0171 T\u00e1rsas\u00e1g Projektazonos\u00edt\u00f3: VEKOP-8.3.2-18-2018-00035 T\u00e1mogat\u00e1si intenzit\u00e1s: 80% \u00d6sszefoglal\u00f3: A projekt keret\u00e9n bel\u00fcl 1 f\u0151, 25 \u00e9v alatti p\u00e1lyakezd\u0151 fiatalt foglalkoztatunk v\u00e1llalkoz\u00e1sunkn\u00e1l, &hellip; <a href=\"https:\/\/senit.hu\/?page_id=722\" class=\"more-link\"><span class=\"screen-reader-text\">&#8222;P\u00e1ly\u00e1zati inform\u00e1ci\u00f3k&#8221;<\/span> b\u0151vebben<\/a><\/p>\n","protected":false},"author":3,"featured_media":0,"parent":0,"menu_order":0,"comment_status":"closed","ping_status":"closed","template":"","meta":{"_monsterinsights_skip_tracking":false,"_monsterinsights_sitenote_active":false,"_monsterinsights_sitenote_note":"","_monsterinsights_sitenote_category":0,"footnotes":""},"class_list":["post-722","page","type-page","status-publish","hentry"],"yoast_head":"<!-- This site is optimized with the Yoast SEO plugin v27.4 - https:\/\/yoast.com\/product\/yoast-seo-wordpress\/ -->\n<title>P\u00e1ly\u00e1zati inform\u00e1ci\u00f3k - Senit - iT, oT, IoT<\/title>\n<meta name=\"robots\" content=\"index, follow, max-snippet:-1, max-image-preview:large, max-video-preview:-1\" \/>\n<link rel=\"canonical\" href=\"https:\/\/senit.hu\/?page_id=722\" \/>\n<meta property=\"og:locale\" content=\"hu_HU\" \/>\n<meta property=\"og:type\" content=\"article\" \/>\n<meta property=\"og:title\" content=\"P\u00e1ly\u00e1zati inform\u00e1ci\u00f3k - Senit - iT, oT, IoT\" \/>\n<meta property=\"og:description\" content=\"Gyakornokok foglalkoztat\u00e1sa a SENIT Kft. budapesti telephely\u00e9n P\u00e1ly\u00e1zat c\u00edme: Gyakornokok foglalkoztat\u00e1sa a SENIT Kft. budapesti sz\u00e9khely\u00e9n A vissza nem t\u00e9r\u00edtend\u0151 t\u00e1mogat\u00e1s \u00f6sszege: 3 264 165 Ft. Kedvezm\u00e9nyezett neve: SENIT Tervez\u0151, Kivitelez\u0151 \u00e9s Szolg\u00e1ltat\u00f3 Korl\u00e1tolt Felel\u0151ss\u00e9g\u0171 T\u00e1rsas\u00e1g Projektazonos\u00edt\u00f3: VEKOP-8.3.2-18-2018-00035 T\u00e1mogat\u00e1si intenzit\u00e1s: 80% \u00d6sszefoglal\u00f3: A projekt keret\u00e9n bel\u00fcl 1 f\u0151, 25 \u00e9v alatti p\u00e1lyakezd\u0151 fiatalt foglalkoztatunk v\u00e1llalkoz\u00e1sunkn\u00e1l, &hellip; &quot;P\u00e1ly\u00e1zati inform\u00e1ci\u00f3k&quot; b\u0151vebben\" \/>\n<meta property=\"og:url\" content=\"https:\/\/senit.hu\/?page_id=722\" \/>\n<meta property=\"og:site_name\" content=\"Senit - iT, oT, IoT\" \/>\n<meta property=\"article:modified_time\" content=\"2022-09-12T13:39:34+00:00\" \/>\n<meta property=\"og:image\" content=\"https:\/\/senit.hu\/wp-content\/uploads\/2022\/04\/infoblokk_kedv_final_RGB_ESZA-2-1024x708.jpg\" \/>\n<meta name=\"twitter:card\" content=\"summary_large_image\" \/>\n<meta name=\"twitter:label1\" content=\"Becs\u00fclt olvas\u00e1si id\u0151\" \/>\n\t<meta name=\"twitter:data1\" content=\"1 perc\" \/>\n<script type=\"application\/ld+json\" class=\"yoast-schema-graph\">{\"@context\":\"https:\\\/\\\/schema.org\",\"@graph\":[{\"@type\":\"WebPage\",\"@id\":\"https:\\\/\\\/senit.hu\\\/?page_id=722\",\"url\":\"https:\\\/\\\/senit.hu\\\/?page_id=722\",\"name\":\"P\u00e1ly\u00e1zati inform\u00e1ci\u00f3k - Senit - iT, oT, IoT\",\"isPartOf\":{\"@id\":\"https:\\\/\\\/senit.hu\\\/#website\"},\"primaryImageOfPage\":{\"@id\":\"https:\\\/\\\/senit.hu\\\/?page_id=722#primaryimage\"},\"image\":{\"@id\":\"https:\\\/\\\/senit.hu\\\/?page_id=722#primaryimage\"},\"thumbnailUrl\":\"https:\\\/\\\/senit.hu\\\/wp-content\\\/uploads\\\/2022\\\/04\\\/infoblokk_kedv_final_RGB_ESZA-2-1024x708.jpg\",\"datePublished\":\"2022-04-27T08:53:49+00:00\",\"dateModified\":\"2022-09-12T13:39:34+00:00\",\"breadcrumb\":{\"@id\":\"https:\\\/\\\/senit.hu\\\/?page_id=722#breadcrumb\"},\"inLanguage\":\"hu\",\"potentialAction\":[{\"@type\":\"ReadAction\",\"target\":[\"https:\\\/\\\/senit.hu\\\/?page_id=722\"]}]},{\"@type\":\"ImageObject\",\"inLanguage\":\"hu\",\"@id\":\"https:\\\/\\\/senit.hu\\\/?page_id=722#primaryimage\",\"url\":\"https:\\\/\\\/senit.hu\\\/wp-content\\\/uploads\\\/2022\\\/04\\\/infoblokk_kedv_final_RGB_ESZA-2.jpg\",\"contentUrl\":\"https:\\\/\\\/senit.hu\\\/wp-content\\\/uploads\\\/2022\\\/04\\\/infoblokk_kedv_final_RGB_ESZA-2.jpg\",\"width\":1453,\"height\":1004},{\"@type\":\"BreadcrumbList\",\"@id\":\"https:\\\/\\\/senit.hu\\\/?page_id=722#breadcrumb\",\"itemListElement\":[{\"@type\":\"ListItem\",\"position\":1,\"name\":\"Kezd\u0151lap\",\"item\":\"https:\\\/\\\/senit.hu\\\/\"},{\"@type\":\"ListItem\",\"position\":2,\"name\":\"P\u00e1ly\u00e1zati inform\u00e1ci\u00f3k\"}]},{\"@type\":\"WebSite\",\"@id\":\"https:\\\/\\\/senit.hu\\\/#website\",\"url\":\"https:\\\/\\\/senit.hu\\\/\",\"name\":\"Senit - iT, oT, IoT\",\"description\":\"Senit Kft. - iT, oT, IoT\",\"publisher\":{\"@id\":\"https:\\\/\\\/senit.hu\\\/#organization\"},\"potentialAction\":[{\"@type\":\"SearchAction\",\"target\":{\"@type\":\"EntryPoint\",\"urlTemplate\":\"https:\\\/\\\/senit.hu\\\/?s={search_term_string}\"},\"query-input\":{\"@type\":\"PropertyValueSpecification\",\"valueRequired\":true,\"valueName\":\"search_term_string\"}}],\"inLanguage\":\"hu\"},{\"@type\":\"Organization\",\"@id\":\"https:\\\/\\\/senit.hu\\\/#organization\",\"name\":\"Senit - iT, oT, IoT\",\"url\":\"https:\\\/\\\/senit.hu\\\/\",\"logo\":{\"@type\":\"ImageObject\",\"inLanguage\":\"hu\",\"@id\":\"https:\\\/\\\/senit.hu\\\/#\\\/schema\\\/logo\\\/image\\\/\",\"url\":\"https:\\\/\\\/senit.hu\\\/wp-content\\\/uploads\\\/2020\\\/06\\\/cropped-cropped-senit_logo-masolat.png\",\"contentUrl\":\"https:\\\/\\\/senit.hu\\\/wp-content\\\/uploads\\\/2020\\\/06\\\/cropped-cropped-senit_logo-masolat.png\",\"width\":240,\"height\":240,\"caption\":\"Senit - iT, oT, IoT\"},\"image\":{\"@id\":\"https:\\\/\\\/senit.hu\\\/#\\\/schema\\\/logo\\\/image\\\/\"}}]}<\/script>\n<!-- \/ Yoast SEO plugin. -->","yoast_head_json":{"title":"P\u00e1ly\u00e1zati inform\u00e1ci\u00f3k - Senit - iT, oT, IoT","robots":{"index":"index","follow":"follow","max-snippet":"max-snippet:-1","max-image-preview":"max-image-preview:large","max-video-preview":"max-video-preview:-1"},"canonical":"https:\/\/senit.hu\/?page_id=722","og_locale":"hu_HU","og_type":"article","og_title":"P\u00e1ly\u00e1zati inform\u00e1ci\u00f3k - Senit - iT, oT, IoT","og_description":"Gyakornokok foglalkoztat\u00e1sa a SENIT Kft. budapesti telephely\u00e9n P\u00e1ly\u00e1zat c\u00edme: Gyakornokok foglalkoztat\u00e1sa a SENIT Kft. budapesti sz\u00e9khely\u00e9n A vissza nem t\u00e9r\u00edtend\u0151 t\u00e1mogat\u00e1s \u00f6sszege: 3 264 165 Ft. Kedvezm\u00e9nyezett neve: SENIT Tervez\u0151, Kivitelez\u0151 \u00e9s Szolg\u00e1ltat\u00f3 Korl\u00e1tolt Felel\u0151ss\u00e9g\u0171 T\u00e1rsas\u00e1g Projektazonos\u00edt\u00f3: VEKOP-8.3.2-18-2018-00035 T\u00e1mogat\u00e1si intenzit\u00e1s: 80% \u00d6sszefoglal\u00f3: A projekt keret\u00e9n bel\u00fcl 1 f\u0151, 25 \u00e9v alatti p\u00e1lyakezd\u0151 fiatalt foglalkoztatunk v\u00e1llalkoz\u00e1sunkn\u00e1l, &hellip; \"P\u00e1ly\u00e1zati inform\u00e1ci\u00f3k\" b\u0151vebben","og_url":"https:\/\/senit.hu\/?page_id=722","og_site_name":"Senit - iT, oT, IoT","article_modified_time":"2022-09-12T13:39:34+00:00","og_image":[{"url":"https:\/\/senit.hu\/wp-content\/uploads\/2022\/04\/infoblokk_kedv_final_RGB_ESZA-2-1024x708.jpg","type":"","width":"","height":""}],"twitter_card":"summary_large_image","twitter_misc":{"Becs\u00fclt olvas\u00e1si id\u0151":"1 perc"},"schema":{"@context":"https:\/\/schema.org","@graph":[{"@type":"WebPage","@id":"https:\/\/senit.hu\/?page_id=722","url":"https:\/\/senit.hu\/?page_id=722","name":"P\u00e1ly\u00e1zati inform\u00e1ci\u00f3k - Senit - iT, oT, IoT","isPartOf":{"@id":"https:\/\/senit.hu\/#website"},"primaryImageOfPage":{"@id":"https:\/\/senit.hu\/?page_id=722#primaryimage"},"image":{"@id":"https:\/\/senit.hu\/?page_id=722#primaryimage"},"thumbnailUrl":"https:\/\/senit.hu\/wp-content\/uploads\/2022\/04\/infoblokk_kedv_final_RGB_ESZA-2-1024x708.jpg","datePublished":"2022-04-27T08:53:49+00:00","dateModified":"2022-09-12T13:39:34+00:00","breadcrumb":{"@id":"https:\/\/senit.hu\/?page_id=722#breadcrumb"},"inLanguage":"hu","potentialAction":[{"@type":"ReadAction","target":["https:\/\/senit.hu\/?page_id=722"]}]},{"@type":"ImageObject","inLanguage":"hu","@id":"https:\/\/senit.hu\/?page_id=722#primaryimage","url":"https:\/\/senit.hu\/wp-content\/uploads\/2022\/04\/infoblokk_kedv_final_RGB_ESZA-2.jpg","contentUrl":"https:\/\/senit.hu\/wp-content\/uploads\/2022\/04\/infoblokk_kedv_final_RGB_ESZA-2.jpg","width":1453,"height":1004},{"@type":"BreadcrumbList","@id":"https:\/\/senit.hu\/?page_id=722#breadcrumb","itemListElement":[{"@type":"ListItem","position":1,"name":"Kezd\u0151lap","item":"https:\/\/senit.hu\/"},{"@type":"ListItem","position":2,"name":"P\u00e1ly\u00e1zati inform\u00e1ci\u00f3k"}]},{"@type":"WebSite","@id":"https:\/\/senit.hu\/#website","url":"https:\/\/senit.hu\/","name":"Senit - iT, oT, IoT","description":"Senit Kft. - iT, oT, IoT","publisher":{"@id":"https:\/\/senit.hu\/#organization"},"potentialAction":[{"@type":"SearchAction","target":{"@type":"EntryPoint","urlTemplate":"https:\/\/senit.hu\/?s={search_term_string}"},"query-input":{"@type":"PropertyValueSpecification","valueRequired":true,"valueName":"search_term_string"}}],"inLanguage":"hu"},{"@type":"Organization","@id":"https:\/\/senit.hu\/#organization","name":"Senit - iT, oT, IoT","url":"https:\/\/senit.hu\/","logo":{"@type":"ImageObject","inLanguage":"hu","@id":"https:\/\/senit.hu\/#\/schema\/logo\/image\/","url":"https:\/\/senit.hu\/wp-content\/uploads\/2020\/06\/cropped-cropped-senit_logo-masolat.png","contentUrl":"https:\/\/senit.hu\/wp-content\/uploads\/2020\/06\/cropped-cropped-senit_logo-masolat.png","width":240,"height":240,"caption":"Senit - iT, oT, IoT"},"image":{"@id":"https:\/\/senit.hu\/#\/schema\/logo\/image\/"}}]}},"_links":{"self":[{"href":"https:\/\/senit.hu\/index.php?rest_route=\/wp\/v2\/pages\/722","targetHints":{"allow":["GET"]}}],"collection":[{"href":"https:\/\/senit.hu\/index.php?rest_route=\/wp\/v2\/pages"}],"about":[{"href":"https:\/\/senit.hu\/index.php?rest_route=\/wp\/v2\/types\/page"}],"author":[{"embeddable":true,"href":"https:\/\/senit.hu\/index.php?rest_route=\/wp\/v2\/users\/3"}],"replies":[{"embeddable":true,"href":"https:\/\/senit.hu\/index.php?rest_route=%2Fwp%2Fv2%2Fcomments&post=722"}],"version-history":[{"count":44,"href":"https:\/\/senit.hu\/index.php?rest_route=\/wp\/v2\/pages\/722\/revisions"}],"predecessor-version":[{"id":919,"href":"https:\/\/senit.hu\/index.php?rest_route=\/wp\/v2\/pages\/722\/revisions\/919"}],"wp:attachment":[{"href":"https:\/\/senit.hu\/index.php?rest_route=%2Fwp%2Fv2%2Fmedia&parent=722"}],"curies":[{"name":"wp","href":"https:\/\/api.w.org\/{rel}","templated":true}]}}